{"id":206213,"date":"2025-12-25T20:54:23","date_gmt":"2025-12-25T17:54:23","guid":{"rendered":"https:\/\/baldumarket.lt\/?post_type=product&#038;p=206213"},"modified":"2026-02-03T23:19:50","modified_gmt":"2026-02-03T20:19:50","slug":"naroznik-goya-3f-te-15rf-15rf-te-15ht-bk-bydgoskie-meble-gr4","status":"publish","type":"product","link":"https:\/\/baldumarket.lt\/lt\/product\/naroznik-goya-3f-te-15rf-15rf-te-15ht-bk-bydgoskie-meble-gr4\/","title":{"rendered":"Goya kampin\u0117 sofa 3F-TE-1.5RF-1.5RF-TE-1.5HT\/BK Bydgoskie Meble Gr4"},"content":{"rendered":"<p>\u201eBydgoskie Meble\u201c modulin\u0117 kampin\u0117 sofa \u201eGoya\u201c \u2013 puikus pasirinkimas tiems, kurie vertina auk\u0161t\u0105 meistri\u0161kumo kokyb\u0119 ir kasdien\u012f komfort\u0105. Dizainas kruop\u0161\u010diai sukurtas, atkreipiant d\u0117mes\u012f \u012f detales, o naudojamos med\u017eiagos garantuoja ilgaam\u017ei\u0161kum\u0105. D\u0117l kruop\u0161\u010diai pagamintos konstrukcijos \u0161is baldas puikiai tinka erdvioms svetain\u0117ms, sukurdamas jauki\u0105 poilsio zon\u0105 visai \u0161eimai.<\/p>\n<p>S\u0117dyn\u0117 u\u017epildyta didelio elastingumo putomis ir vingiuotomis spyruokl\u0117mis, kurios suteikia elastingumo ir patogios atramos. Atlo\u0161\u0105 palaiko elastingi dir\u017eeliai ir poliuretano putos, u\u017etikrinan\u010dios optimal\u0173 mink\u0161tum\u0105 ir puik\u0173 prigludim\u0105. \u0160is element\u0173 derinys u\u017etikrina pastebim\u0105 komfort\u0105 net ir ilgai ilsintis.<\/p>\n<p>Sofa turi du modulius su elektrine relaksacijos funkcija, leid\u017eian\u010dia skland\u017eiai reguliuoti s\u0117d\u0117jimo pad\u0117t\u012f. Reguliuojami galvos atlo\u0161ai leid\u017eia individualiai reguliuoti auk\u0161t\u012f, tod\u0117l patogu skaityti ar \u017ei\u016br\u0117ti televizori\u0173. \u0160ie sprendimai pagerina naudojimo standartus ir patenkina \u012fvairius nam\u0173 \u016bkio nari\u0173 poreikius. Kampin\u0119 sof\u0105 3F(L\/R)-TE-1.5RF-1.5RF-TE-1.5 HT\/BK(L\/R) galima u\u017esisakyti su ilgesne puse kair\u0117je arba de\u0161in\u0117je. \u012esp\u016bdingi jos matmenys \u2013 374 cm plo\u010dio, 84 cm auk\u0161\u010dio ir 289 cm gylio \u2013 suteikia daug s\u0117d\u0117jimo vietos. I\u0161skleista sofa suteikia 190 x 140 cm miegojimo plot\u0105, o itali\u0161ko stiliaus mechanizmas leid\u017eia lengvai i\u0161skleisti sof\u0105 ir u\u017etikrina patog\u0173 mieg\u0105.<\/p>\n<p>Modelis pastatytas ant medini\u0173 kojeli\u0173 ir yra septyni\u0173 spalv\u0173: venge, sendinto vy\u0161nios, nat\u016bralaus buko, nat\u016bralaus \u0105\u017euolo, rie\u0161uto, sidabro ir juodos. Be to, gamintojas si\u016blo daugiau nei 600 audini\u0173 variant\u0173, \u012fskaitant od\u0105, tod\u0117l kampin\u0119 sof\u0105 galite priderinti prie bet kokio interjero. \u0160is platus variant\u0173 pasirinkimas suteikia sofai unikal\u0173 charakter\u012f ir tampa darniu j\u016bs\u0173 svetain\u0117s dizaino elementu.<\/p>","protected":false},"excerpt":{"rendered":"<p>Dydis (cm):<br \/>\nPlotis: 374<br \/>\nGylis: 289<br \/>\n\u016agis: 84<br \/>\nS\u0117dyn\u0117s auk\u0161tis: 49<\/p>","protected":false},"featured_media":206242,"comment_status":"open","ping_status":"closed","template":"","meta":[],"product_brand":[],"product_cat":[9133],"product_tag":[],"class_list":{"0":"post-206213","1":"product","2":"type-product","3":"status-publish","4":"has-post-thumbnail","6":"product_cat-grouped","8":"first","9":"instock","10":"shipping-taxable","11":"purchasable","12":"product-type-variable","13":"wvs-archive-product-wrapper"},"_links":{"self":[{"href":"https:\/\/baldumarket.lt\/lt\/wp-json\/wp\/v2\/product\/206213","targetHints":{"allow":["GET"]}}],"collection":[{"href":"https:\/\/baldumarket.lt\/lt\/wp-json\/wp\/v2\/product"}],"about":[{"href":"https:\/\/baldumarket.lt\/lt\/wp-json\/wp\/v2\/types\/product"}],"replies":[{"embeddable":true,"href":"https:\/\/baldumarket.lt\/lt\/wp-json\/wp\/v2\/comments?post=206213"}],"wp:featuredmedia":[{"embeddable":true,"href":"https:\/\/baldumarket.lt\/lt\/wp-json\/wp\/v2\/media\/206242"}],"wp:attachment":[{"href":"https:\/\/baldumarket.lt\/lt\/wp-json\/wp\/v2\/media?parent=206213"}],"wp:term":[{"taxonomy":"product_brand","embeddable":true,"href":"https:\/\/baldumarket.lt\/lt\/wp-json\/wp\/v2\/product_brand?post=206213"},{"taxonomy":"product_cat","embeddable":true,"href":"https:\/\/baldumarket.lt\/lt\/wp-json\/wp\/v2\/product_cat?post=206213"},{"taxonomy":"product_tag","embeddable":true,"href":"https:\/\/baldumarket.lt\/lt\/wp-json\/wp\/v2\/product_tag?post=206213"}],"curies":[{"name":"wp","href":"https:\/\/api.w.org\/{rel}","templated":true}]}}