{"id":206200,"date":"2025-12-25T20:53:32","date_gmt":"2025-12-25T17:53:32","guid":{"rendered":"https:\/\/baldumarket.lt\/?post_type=product&#038;p=206200"},"modified":"2026-02-03T23:19:51","modified_gmt":"2026-02-03T20:19:51","slug":"naroznik-leonardo-25f-e-wysoki-1ht-bk-bydgoskie-meble-skora-l2","status":"publish","type":"product","link":"https:\/\/baldumarket.lt\/lt\/product\/naroznik-leonardo-25f-e-wysoki-1ht-bk-bydgoskie-meble-skora-l2\/","title":{"rendered":"Kampin\u0117 sofa Leonardo 2.5FE high-1HT\/BK Bydgoskie Meble Leather L2"},"content":{"rendered":"<p>Kampin\u0117 sofa \u201eLeonardo Bydgoskie Meble\u201c \u2013 puikus pasirinkimas tiems, kurie vertina patog\u0173 poils\u012f savo namuose. Klasikin\u012f, mink\u0161to pamu\u0161alo dizain\u0105 pary\u0161kina horizontalios si\u016bl\u0117s atlo\u0161e, pabr\u0117\u017eian\u010dios kruop\u0161t\u0173 meistri\u0161kum\u0105. Plat\u016bs porankiai ir gilios s\u0117dyn\u0117s skatina atpalaiduojant\u012f poils\u012f ir suteikia baldui i\u0161skirtin\u0119 i\u0161vaizd\u0105.<br \/>\n\u0160is modelis turi delfino stiliaus miegojimo funkcij\u0105, kurios matmenys \u2013 191 x 120 cm. Be to, konstrukcijoje yra patalyn\u0117s skyrius, kuriame patogu laikyti b\u016btiniausius daiktus. Kampin\u0117 sofa yra kair\u0117s ir de\u0161in\u0117s pus\u0117s (K\/D), tod\u0117l galite j\u0105 pritaikyti prie savo kambario i\u0161planavimo.<br \/>\nS\u0117dyn\u0117 u\u017epildyta banguotomis spyruokl\u0117mis ir didelio elastingumo putomis, kurios u\u017etikrina tinkam\u0105 atram\u0105 ir komfort\u0105. Atlo\u0161as pagamintas i\u0161 elasting\u0173 dir\u017eeli\u0173, poliuretano put\u0173 ir silikoninio \u012fd\u0117klo, tod\u0117l ilgai i\u0161lieka mink\u0161tas ir mink\u0161tas. S\u0117dyn\u0117s auk\u0161tis yra 46 cm, tod\u0117l lengva atsistoti ir atsis\u0117sti. Kampin\u0117s sofos konstrukcij\u0105 laiko medin\u0117s kojel\u0117s, kurios yra keli\u0173 spalv\u0173: venge, sendinta vy\u0161nia, nat\u016bralus bukas, nat\u016bralus \u0105\u017euolas, sidabrinis rie\u0161utmedis ir juoda. Platus spalv\u0173 pasirinkimas leid\u017eia priderinti baldus prie j\u016bs\u0173 interjero stiliaus, o stabilus pagrindas u\u017etikrina patvarum\u0105. Visas baldas gali b\u016bti aptrauktas tiek audiniu, tiek oda.<\/p>\n<p>Kampin\u0117s sofos matmenys yra 254 cm plo\u010dio, 98 cm auk\u0161\u010dio ir 210 cm gylio, tod\u0117l ji tinka erdvioms svetain\u0117ms. Modelis konfig\u016bruojamas kaip 2,5F (K\/D) \u2013 E auk\u0161tas \u2013 1HT\/BK (K\/D), o platus audini\u0173 apmu\u0161al\u0173 pasirinkimas konfig\u016bratoriuje leid\u017eia susikurti asmenin\u012f \u012fvaizd\u012f. \u201eLeonardo\u201c \u2013 tai tvirta ir patogi vieta kasdieniam poilsiui ir retkar\u010diais trunkan\u010dioms nakvyn\u0117ms.<\/p>","protected":false},"excerpt":{"rendered":"<p>Dydis (cm):<br \/>\nPlotis: 254<br \/>\nGylis: 210<br \/>\n\u016agis: 98<\/p>","protected":false},"featured_media":206218,"comment_status":"open","ping_status":"closed","template":"","meta":[],"product_brand":[],"product_cat":[9133],"product_tag":[],"class_list":{"0":"post-206200","1":"product","2":"type-product","3":"status-publish","4":"has-post-thumbnail","6":"product_cat-grouped","8":"first","9":"instock","10":"shipping-taxable","11":"purchasable","12":"product-type-variable","13":"wvs-archive-product-wrapper"},"_links":{"self":[{"href":"https:\/\/baldumarket.lt\/lt\/wp-json\/wp\/v2\/product\/206200","targetHints":{"allow":["GET"]}}],"collection":[{"href":"https:\/\/baldumarket.lt\/lt\/wp-json\/wp\/v2\/product"}],"about":[{"href":"https:\/\/baldumarket.lt\/lt\/wp-json\/wp\/v2\/types\/product"}],"replies":[{"embeddable":true,"href":"https:\/\/baldumarket.lt\/lt\/wp-json\/wp\/v2\/comments?post=206200"}],"wp:featuredmedia":[{"embeddable":true,"href":"https:\/\/baldumarket.lt\/lt\/wp-json\/wp\/v2\/media\/206218"}],"wp:attachment":[{"href":"https:\/\/baldumarket.lt\/lt\/wp-json\/wp\/v2\/media?parent=206200"}],"wp:term":[{"taxonomy":"product_brand","embeddable":true,"href":"https:\/\/baldumarket.lt\/lt\/wp-json\/wp\/v2\/product_brand?post=206200"},{"taxonomy":"product_cat","embeddable":true,"href":"https:\/\/baldumarket.lt\/lt\/wp-json\/wp\/v2\/product_cat?post=206200"},{"taxonomy":"product_tag","embeddable":true,"href":"https:\/\/baldumarket.lt\/lt\/wp-json\/wp\/v2\/product_tag?post=206200"}],"curies":[{"name":"wp","href":"https:\/\/api.w.org\/{rel}","templated":true}]}}