{"id":206160,"date":"2025-12-25T20:51:01","date_gmt":"2025-12-25T17:51:01","guid":{"rendered":"https:\/\/baldumarket.lt\/?post_type=product&#038;p=206160"},"modified":"2026-02-03T23:19:54","modified_gmt":"2026-02-03T20:19:54","slug":"sofa-leonardo-3f-bydgoskie-meble-skora-l2","status":"publish","type":"product","link":"https:\/\/baldumarket.lt\/lt\/product\/sofa-leonardo-3f-bydgoskie-meble-skora-l2\/","title":{"rendered":"Leonardo 3F sofa Bydgoszcz Baldai Oda L2"},"content":{"rendered":"<p>Moderni trij\u0173 viet\u0173 sofa \u201eLeonardo Bydgoskie Meble\u201c puikiai tinka ie\u0161kantiems patogaus baldo kasdieniam poilsiui ir sve\u010di\u0173 nakvynei retkar\u010diais. Jos 194 cm plotis, 98 cm auk\u0161tis ir 100 cm gylis puikiai u\u017epildo svetain\u0119, jos neu\u017ego\u017edami. 140 x 194 cm miegamoji dalis leid\u017eia patogiai i\u0161simiegoti nakt\u012f, tod\u0117l \u201eLeonardo\u201c taip pat tinka \u0161eimos ar draug\u0173 vizitams.<\/p>\n<p>S\u0117dyn\u0117s konstrukcija pagaminta i\u0161 didelio elastingumo putplas\u010dio ir vingiuotos spyruokl\u0117s, u\u017etikrinan\u010dios tinkam\u0105 atram\u0105 ir elastingum\u0105 s\u0117dint. Atlo\u0161as pagamintas i\u0161 poliuretano put\u0173, elasting\u0173 dir\u017eeli\u0173 ir silikoninio \u012fd\u0117klo, tod\u0117l jis i\u0161laiko savo form\u0105 net ir esant dideliam naudojimui. \u0160is med\u017eiag\u0173 derinys u\u017etikrina ilgalaik\u012f viso baldo komfort\u0105 ir patvarum\u0105.<\/p>\n<p>\u201eLeonardo\u201c modelis turi sedalifto miegojimo funkcij\u0105, leid\u017eian\u010di\u0105 lengvai i\u0161skleisti sof\u0105 ir sukurti patogi\u0105 miegojimo viet\u0105. S\u0117dyn\u0117s auk\u0161tis yra 46 cm, tod\u0117l lengva atsikelti ir atsis\u0117sti, be to, tai padeda atsipalaiduoti ilgesni\u0173 poilsio dien\u0173 metu. Atlo\u0161o mechanizmas sukurtas taip, kad veikt\u0173 skland\u017eiai ir lengvai.<br \/>\nMedin\u0117s kojel\u0117s yra keli\u0173 spalv\u0173: venge, sendintos vy\u0161nios, nat\u016bralaus buko, nat\u016bralaus \u0105\u017euolo, sidabrinio rie\u0161uto ir juodos, tod\u0117l jas galima pritaikyti \u012fvairiems interjerams. Platus audini\u0173 ir od\u0173 pasirinkimas leid\u017eia sukurti versij\u0105, atitinkan\u010di\u0105 individualius spalv\u0173 ir tekst\u016br\u0173 pageidavimus. Tai leid\u017eia sofai tapti interjero akcentu, derinamu su kitais baldais.<\/p>\n<p>Subtilus si\u016bli\u0173 siuvimas ant atlo\u0161o pabr\u0117\u017eia kruop\u0161t\u0173 meistri\u0161kum\u0105 ir suteikia visam baldui i\u0161skirtin\u012f charakter\u012f. \u0160velnios formos linijos suteikia \u201eLeonardo\u201c prabangi\u0105 i\u0161vaizd\u0105 ir kartu skatina malon\u0173 atsipalaidavim\u0105. \u0160is baldas derina patvarum\u0105 ir d\u0117mes\u012f detal\u0117ms, u\u017etikrindamas didel\u012f komfort\u0105 kasdien naudojant.<\/p>","protected":false},"excerpt":{"rendered":"<p>Dydis (cm):<br \/>\nPlotis: 194<br \/>\nGylis: 100<br \/>\n\u016agis: 98<\/p>","protected":false},"featured_media":206171,"comment_status":"open","ping_status":"closed","template":"","meta":[],"product_brand":[],"product_cat":[9133],"product_tag":[],"class_list":{"0":"post-206160","1":"product","2":"type-product","3":"status-publish","4":"has-post-thumbnail","6":"product_cat-grouped","8":"first","9":"instock","10":"shipping-taxable","11":"purchasable","12":"product-type-variable","13":"wvs-archive-product-wrapper"},"_links":{"self":[{"href":"https:\/\/baldumarket.lt\/lt\/wp-json\/wp\/v2\/product\/206160","targetHints":{"allow":["GET"]}}],"collection":[{"href":"https:\/\/baldumarket.lt\/lt\/wp-json\/wp\/v2\/product"}],"about":[{"href":"https:\/\/baldumarket.lt\/lt\/wp-json\/wp\/v2\/types\/product"}],"replies":[{"embeddable":true,"href":"https:\/\/baldumarket.lt\/lt\/wp-json\/wp\/v2\/comments?post=206160"}],"wp:featuredmedia":[{"embeddable":true,"href":"https:\/\/baldumarket.lt\/lt\/wp-json\/wp\/v2\/media\/206171"}],"wp:attachment":[{"href":"https:\/\/baldumarket.lt\/lt\/wp-json\/wp\/v2\/media?parent=206160"}],"wp:term":[{"taxonomy":"product_brand","embeddable":true,"href":"https:\/\/baldumarket.lt\/lt\/wp-json\/wp\/v2\/product_brand?post=206160"},{"taxonomy":"product_cat","embeddable":true,"href":"https:\/\/baldumarket.lt\/lt\/wp-json\/wp\/v2\/product_cat?post=206160"},{"taxonomy":"product_tag","embeddable":true,"href":"https:\/\/baldumarket.lt\/lt\/wp-json\/wp\/v2\/product_tag?post=206160"}],"curies":[{"name":"wp","href":"https:\/\/api.w.org\/{rel}","templated":true}]}}