{"id":206047,"date":"2025-12-25T20:45:12","date_gmt":"2025-12-25T17:45:12","guid":{"rendered":"https:\/\/baldumarket.lt\/?post_type=product&#038;p=206047"},"modified":"2026-02-03T23:20:00","modified_gmt":"2026-02-03T20:20:00","slug":"sofa-mia-3f-bydgoskie-meble-gr1","status":"publish","type":"product","link":"https:\/\/baldumarket.lt\/lt\/product\/sofa-mia-3f-bydgoskie-meble-gr1\/","title":{"rendered":"Mia 3F sofa Bydgoskie Meble Gr1"},"content":{"rendered":"<p>\u201eBydgoskie Meble\u201c kolekcijos \u201eMia 3F\u201c sofa skirta tiems, kurie vertina auk\u0161t\u0105 meistri\u0161kumo kokyb\u0119 ir tvirt\u0105 konstrukcij\u0105. \u0160is trij\u0173 viet\u0173 modelis sukurtas patogiam kasdieniam naudojimui, o jo nesenstanti forma papildys \u012fvairius interjerus. Kruop\u0161\u010diai parinktos apmu\u0161al\u0173 med\u017eiagos, si\u016blomos i\u0161 plataus audini\u0173 asortimento, leid\u017eia tiksliai priderinti spalvas prie j\u016bs\u0173 interjero.<\/p>\n<p>Erdvi, tinkamo elastingumo s\u0117dyn\u0117 u\u017etikrina komfort\u0105 ilgo poilsio metu. Auk\u0161tas atlo\u0161as kartu su kruop\u0161\u010diai suformuotais porankiais suteikia stabili\u0105 atram\u0105 nugarai ir rankoms. Papildomas privalumas \u2013 reguliuojamos galvos atramos, leid\u017eian\u010dios reguliuoti atramos kamp\u0105 pagal savo poreikius, apsaugant kaklo stubur\u0105.<\/p>\n<p>\u0160is modelis turi itali\u0161ko stiliaus miegojimo funkcij\u0105, leid\u017eian\u010di\u0105 lengvai transformuoti sof\u0105 \u012f patogi\u0105 miegojimo viet\u0105. I\u0161lankstymo mechanizmas sukurtas taip, kad u\u017etikrint\u0173 skland\u0173 ir lengv\u0105 valdym\u0105. \u0160is sprendimas ypa\u010d naudingas, kai reikia apnakvindinti sve\u010dius. Visas baldas stovi ant auk\u0161t\u0173 medini\u0173 kojeli\u0173, kurios suteikia baldui lengvumo, erdvumo ir leid\u017eia lengvai palaikyti tvark\u0105 bei tvark\u0105 erdv\u0117je. Tvirtas pagrindas u\u017etikrina stabilum\u0105 ir pabr\u0117\u017eia baldo charakter\u012f. Kojel\u0117s yra apdirbtos taip, kad pagerint\u0173 jo vizualin\u012f patrauklum\u0105, nepriklausomai nuo pasirinkto apmu\u0161al\u0173 audinio.<\/p>\n<p>Kruop\u0161t\u0173 meistri\u0161kum\u0105 derinant su moderniais sprendimais, \u201eMia 3F\u201c sofa tampa bet kurio svetain\u0117s traukos centru. Platus audini\u0173 atspalvi\u0173 pasirinkimas leid\u017eia sukurti individual\u0173 \u012fvaizd\u012f. \u0160is baldas \u017eavi rafinuotomis detal\u0117mis ir u\u017etikrina komfort\u0105 tiek dien\u0105, tiek nakt\u012f.<\/p>","protected":false},"excerpt":{"rendered":"<p>Dydis (cm):<br \/>\nPlotis: 204<br \/>\nGylis: 107<br \/>\n\u016agis: 87<br \/>\nS\u0117dyn\u0117s auk\u0161tis: 48<\/p>","protected":false},"featured_media":206077,"comment_status":"open","ping_status":"closed","template":"","meta":[],"product_brand":[],"product_cat":[9133],"product_tag":[],"class_list":{"0":"post-206047","1":"product","2":"type-product","3":"status-publish","4":"has-post-thumbnail","6":"product_cat-grouped","8":"first","9":"instock","10":"shipping-taxable","11":"purchasable","12":"product-type-variable","13":"wvs-archive-product-wrapper"},"_links":{"self":[{"href":"https:\/\/baldumarket.lt\/lt\/wp-json\/wp\/v2\/product\/206047","targetHints":{"allow":["GET"]}}],"collection":[{"href":"https:\/\/baldumarket.lt\/lt\/wp-json\/wp\/v2\/product"}],"about":[{"href":"https:\/\/baldumarket.lt\/lt\/wp-json\/wp\/v2\/types\/product"}],"replies":[{"embeddable":true,"href":"https:\/\/baldumarket.lt\/lt\/wp-json\/wp\/v2\/comments?post=206047"}],"wp:featuredmedia":[{"embeddable":true,"href":"https:\/\/baldumarket.lt\/lt\/wp-json\/wp\/v2\/media\/206077"}],"wp:attachment":[{"href":"https:\/\/baldumarket.lt\/lt\/wp-json\/wp\/v2\/media?parent=206047"}],"wp:term":[{"taxonomy":"product_brand","embeddable":true,"href":"https:\/\/baldumarket.lt\/lt\/wp-json\/wp\/v2\/product_brand?post=206047"},{"taxonomy":"product_cat","embeddable":true,"href":"https:\/\/baldumarket.lt\/lt\/wp-json\/wp\/v2\/product_cat?post=206047"},{"taxonomy":"product_tag","embeddable":true,"href":"https:\/\/baldumarket.lt\/lt\/wp-json\/wp\/v2\/product_tag?post=206047"}],"curies":[{"name":"wp","href":"https:\/\/api.w.org\/{rel}","templated":true}]}}