{"id":206024,"date":"2025-12-25T20:43:53","date_gmt":"2025-12-25T17:43:53","guid":{"rendered":"https:\/\/baldumarket.lt\/?post_type=product&#038;p=206024"},"modified":"2026-02-03T23:20:02","modified_gmt":"2026-02-03T20:20:02","slug":"fotel-ines-bydgoskie-meble-gr1","status":"publish","type":"product","link":"https:\/\/baldumarket.lt\/lt\/product\/fotel-ines-bydgoskie-meble-gr1\/","title":{"rendered":"Ines Fotelis Bydgoskie Meble Gr1"},"content":{"rendered":"<p>\u201eBydgoskie Meble\u201c \u201eInes\u201c fotelis skirtas tiems, kurie vertina tvirt\u0105 meistri\u0161kum\u0105 ir d\u0117mes\u012f detal\u0117ms. I\u0161skirtiniai siauri porankiai kontrastuoja su tvirtomis nugaros pagalv\u0117l\u0117mis, sukurdami i\u0161skirtin\u0119, moderni\u0105 form\u0105. Subtilus, horizontalus si\u016bli\u0173 si\u016bl\u0117jimas pary\u0161kina baldo form\u0105, suteikdamas jam ry\u0161k\u0173 siluet\u0105.<\/p>\n<p>Visas baldas pastatytas ant auk\u0161t\u0173 medini\u0173 kojeli\u0173, kurios suteikia konstrukcijai lengvumo poj\u016bt\u012f ir leid\u017eia lengviau palaikyti tvark\u0105 po s\u0117dyne. Toks dizainas taip pat skatina laisv\u0105 oro cirkuliacij\u0105, o tai ypa\u010d svarbu kasdien naudojamuose kambariuose. D\u0117l to fotelis esteti\u0161kai atrodo tiek erdvioje svetain\u0117je, tiek jaukiame biure.<\/p>\n<p>Auk\u0161tas atlo\u0161as u\u017etikrina patogi\u0105 nugaros ir kaklo atram\u0105 ilgo poilsio metu. Tvirtos pagalv\u0117l\u0117s u\u017epildytos med\u017eiaga, kuri u\u017etikrina atsparum\u0105, ilgaam\u017ei\u0161kum\u0105 ir pirmin\u0117s formos i\u0161laikym\u0105. Tai rei\u0161kia, kad naudotojai gauna bald\u0105, kuris i\u0161lieka patogus net ir intensyviai naudojant.<\/p>\n<p>Gamintojas leid\u017eia pasirinkti bet kok\u012f audinio apmu\u0161al\u0105 naudojant special\u0173 konfig\u016bratori\u0173. Tai leid\u017eia priderinti fotel\u012f prie esamo interjero arba sukurti ry\u0161k\u0173 spalv\u0173 kontrast\u0105. D\u0117l plataus med\u017eiag\u0173 pasirinkimo galite lengvai pasiekti darni\u0105 kompozicij\u0105 su kitais baldais.<\/p>\n<p>\u201eInes\u201c fotelis puikiai tinka svetainei, sve\u010di\u0173 kambariui ar priva\u010diam biurui, sukuriant jauki\u0105 viet\u0105 poilsiui ir pokalbiams. Tvirta konstrukcija ir kruop\u0161tus meistri\u0161kumas patvirtina \u201eBydgoskie Meble\u201c prek\u0117s \u017eenklo reputacij\u0105, garantuodami ilgamet\u012f pasitenkinim\u0105. Tai pasirinkimas tiems, kurie tikisi ne tik patogumo, bet ir auk\u0161tos kokyb\u0117s apdailos.<\/p>","protected":false},"excerpt":{"rendered":"<p>Dydis (cm):<br \/>\nPlotis: 84<br \/>\nGylis: 89<br \/>\n\u016agis: 101<br \/>\nS\u0117dyn\u0117s auk\u0161tis: 48<\/p>","protected":false},"featured_media":206058,"comment_status":"open","ping_status":"closed","template":"","meta":[],"product_brand":[],"product_cat":[9133],"product_tag":[],"class_list":{"0":"post-206024","1":"product","2":"type-product","3":"status-publish","4":"has-post-thumbnail","6":"product_cat-grouped","8":"first","9":"instock","10":"shipping-taxable","11":"purchasable","12":"product-type-variable","13":"wvs-archive-product-wrapper"},"_links":{"self":[{"href":"https:\/\/baldumarket.lt\/lt\/wp-json\/wp\/v2\/product\/206024","targetHints":{"allow":["GET"]}}],"collection":[{"href":"https:\/\/baldumarket.lt\/lt\/wp-json\/wp\/v2\/product"}],"about":[{"href":"https:\/\/baldumarket.lt\/lt\/wp-json\/wp\/v2\/types\/product"}],"replies":[{"embeddable":true,"href":"https:\/\/baldumarket.lt\/lt\/wp-json\/wp\/v2\/comments?post=206024"}],"wp:featuredmedia":[{"embeddable":true,"href":"https:\/\/baldumarket.lt\/lt\/wp-json\/wp\/v2\/media\/206058"}],"wp:attachment":[{"href":"https:\/\/baldumarket.lt\/lt\/wp-json\/wp\/v2\/media?parent=206024"}],"wp:term":[{"taxonomy":"product_brand","embeddable":true,"href":"https:\/\/baldumarket.lt\/lt\/wp-json\/wp\/v2\/product_brand?post=206024"},{"taxonomy":"product_cat","embeddable":true,"href":"https:\/\/baldumarket.lt\/lt\/wp-json\/wp\/v2\/product_cat?post=206024"},{"taxonomy":"product_tag","embeddable":true,"href":"https:\/\/baldumarket.lt\/lt\/wp-json\/wp\/v2\/product_tag?post=206024"}],"curies":[{"name":"wp","href":"https:\/\/api.w.org\/{rel}","templated":true}]}}