{"id":206023,"date":"2025-12-25T20:43:26","date_gmt":"2025-12-25T17:43:26","guid":{"rendered":"https:\/\/baldumarket.lt\/?post_type=product&#038;p=206023"},"modified":"2026-03-05T10:30:55","modified_gmt":"2026-03-05T07:30:55","slug":"fotel-ines-hb-z-relaksem-manualnym-bydgoskie-meble","status":"publish","type":"product","link":"https:\/\/baldumarket.lt\/lt\/product\/fotel-ines-hb-z-relaksem-manualnym-bydgoskie-meble\/","title":{"rendered":"INES HB fotelis su rankiniu atsipalaidavimu Bydgoskie Meble"},"content":{"rendered":"<p>\u201eBydgoskie Meble\u201c \u201eInes\u201c kolekcijos HB RF(vyri\u0161kas) kr\u0117slas puikiai tinka tiems, kurie vertina poils\u012f savo nam\u0173 jaukumoje. \u0160is modelis turi rankinio atlo\u0161o reguliavimo funkcij\u0105, kuri leid\u017eia patogiai atlo\u0161ti atlo\u0161\u0105 ir pailginti koj\u0173 atram\u0105. Tai leid\u017eia lengvai reguliuoti s\u0117d\u0117jimo pad\u0117t\u012f pagal savo poreikius, u\u017etikrinant optimali\u0105 k\u016bno atram\u0105.<\/p>\n<p>S\u0117dyn\u0117 paremta vingiuotomis spyruokl\u0117mis ir u\u017epildyta poliuretano putomis bei didelio elastingumo putomis, u\u017etikrinan\u010diomis pakankam\u0105 atsparum\u0105 ir ilgaam\u017ei\u0161kum\u0105. Atlo\u0161as pagamintas i\u0161 elasting\u0173 dir\u017eeli\u0173 ir silikono sluoksnio, tod\u0117l yra mink\u0161tas ir stabilus nugaros atramos at\u017evilgiu. \u0160is med\u017eiag\u0173 derinys garantuoja ilgalaik\u012f komfort\u0105.<\/p>\n<p>Konstrukcij\u0105 laiko medin\u0117s kojel\u0117s, kurios gali b\u016bti keli\u0173 spalv\u0173: venge, sendintos vy\u0161nios, nat\u016bralaus buko, nat\u016bralaus \u0105\u017euolo, rie\u0161uto, sidabrin\u0117s ir juodos. Tvirta konstrukcija u\u017etikrina, kad fotelis i\u0161likt\u0173 stabilus net ir da\u017enai atsilo\u0161iant. Nat\u016bralios medienos panaudojimas suteikia bendram dizainui i\u0161skirtinumo. Baldo matmenys leid\u017eia j\u012f pritaikyti prie daugumos interjer\u0173: plotis 86 cm, gylis 89 cm, auk\u0161tis 111 cm, o s\u0117dyn\u0117s auk\u0161tis 48 cm. \u0160ios proporcijos u\u017etikrina patogi\u0105 atram\u0105 tiek \u017eemesnio, tiek auk\u0161tesnio \u016bgio naudotojams. D\u0117l kompakti\u0161ko plo\u010dio fotelis neu\u017eima daug vietos ir i\u0161lieka visavert\u0117 vieta atsipalaiduoti.<\/p>\n<p>Gamintojas si\u016blo plat\u0173 apmu\u0161al\u0173 audini\u0173 pasirinkim\u0105, leid\u017eiant\u012f priderinti baldus prie individuali\u0173 spalv\u0173 ir tekst\u016bros pageidavim\u0173. Personalizavimo galimyb\u0117 paver\u010dia \u201eInes\u201c kolekcijos HB RF(man) fotel\u012f darniu elementu \u012fvairiuose interjeruose \u2013 nuo klasikinio iki modernaus. \u0160is kruop\u0161\u010diai suprojektuotas baldas atitiks t\u0173, kurie ie\u0161ko patogios vietos kasdieniam poilsiui, l\u016bkes\u010dius.<\/p>","protected":false},"excerpt":{"rendered":"<p>\u201eBydgoskie Meble\u201c \u201eInes\u201c kolekcijos HB RF(vyri\u0161kas) kr\u0117slas puikiai tinka tiems, kurie vertina poils\u012f nam\u0173 jaukumoje. \u0160is modelis turi rankinio atlo\u0161o reguliavimo funkcij\u0105, kuri leid\u017eia patogiai atlo\u0161ti atlo\u0161\u0105 ir pailginti koj\u0173 atram\u0105. Tai leid\u017eia lengvai reguliuoti s\u0117d\u0117jimo pad\u0117t\u012f pagal savo poreikius, pasiekiant [\u2026]<\/p>","protected":false},"featured_media":206035,"comment_status":"open","ping_status":"closed","template":"","meta":[],"product_brand":[],"product_cat":[9711,634,6033],"product_tag":[],"class_list":{"0":"post-206023","1":"product","2":"type-product","3":"status-publish","4":"has-post-thumbnail","6":"product_cat-upholstered-furniture-ines-bydgoskie","7":"product_cat-armchairs","8":"product_cat-bydgoskie-meble","10":"first","11":"instock","12":"shipping-taxable","13":"product-type-grouped"},"_links":{"self":[{"href":"https:\/\/baldumarket.lt\/lt\/wp-json\/wp\/v2\/product\/206023","targetHints":{"allow":["GET"]}}],"collection":[{"href":"https:\/\/baldumarket.lt\/lt\/wp-json\/wp\/v2\/product"}],"about":[{"href":"https:\/\/baldumarket.lt\/lt\/wp-json\/wp\/v2\/types\/product"}],"replies":[{"embeddable":true,"href":"https:\/\/baldumarket.lt\/lt\/wp-json\/wp\/v2\/comments?post=206023"}],"wp:featuredmedia":[{"embeddable":true,"href":"https:\/\/baldumarket.lt\/lt\/wp-json\/wp\/v2\/media\/206035"}],"wp:attachment":[{"href":"https:\/\/baldumarket.lt\/lt\/wp-json\/wp\/v2\/media?parent=206023"}],"wp:term":[{"taxonomy":"product_brand","embeddable":true,"href":"https:\/\/baldumarket.lt\/lt\/wp-json\/wp\/v2\/product_brand?post=206023"},{"taxonomy":"product_cat","embeddable":true,"href":"https:\/\/baldumarket.lt\/lt\/wp-json\/wp\/v2\/product_cat?post=206023"},{"taxonomy":"product_tag","embeddable":true,"href":"https:\/\/baldumarket.lt\/lt\/wp-json\/wp\/v2\/product_tag?post=206023"}],"curies":[{"name":"wp","href":"https:\/\/api.w.org\/{rel}","templated":true}]}}