{"id":205952,"date":"2025-12-25T20:39:34","date_gmt":"2025-12-25T17:39:34","guid":{"rendered":"https:\/\/baldumarket.lt\/?post_type=product&#038;p=205952"},"modified":"2026-02-03T23:20:08","modified_gmt":"2026-02-03T20:20:08","slug":"sofa-3-ines-bydgoskie-meble-skora-l3","status":"publish","type":"product","link":"https:\/\/baldumarket.lt\/lt\/product\/sofa-3-ines-bydgoskie-meble-skora-l3\/","title":{"rendered":"Sofa 3 Ines Bydgoskie Meble Leather L3"},"content":{"rendered":"<p>\u201eBydgoskie Meble\u201c \u201eInes\u201c sofa \u2013 puikus pasirinkimas tiems, kurie vertina auk\u0161t\u0105 meistri\u0161kumo kokyb\u0119 ir galimyb\u0119 baldus pritaikyti individualiems poreikiams. \u0160is trij\u0173 viet\u0173 modelis turi medines kojas, kuri\u0173 spalvos gali b\u016bti venge, sendinta vy\u0161nia, nat\u016bralus bukas, nat\u016bralus \u0105\u017euolas, rie\u0161utmedis, sidabrin\u0117 ir juoda. Atlo\u0161as yra visi\u0161kai aptrauktas, tod\u0117l j\u012f galima lanks\u010diai i\u0161d\u0117styti bet kurioje svetain\u0117s vietoje.<\/p>\n<p>Sofos matmenys u\u017etikrina komfort\u0105 ir daug erdv\u0117s jos naudotojams. 185 cm plotis, 89 cm gylis ir 101 cm auk\u0161tis sukuria harmoning\u0105 form\u0105, o 48 cm s\u0117dyn\u0117s auk\u0161tis leid\u017eia patogiai stov\u0117ti. \u0160ios proporcijos leid\u017eia baldus pritaikyti \u012fvairiems interjero i\u0161planavimams \u2013 nuo erdvi\u0173 svetaini\u0173 iki jaukesni\u0173 erdvi\u0173.<\/p>\n<p>S\u0117dyn\u0117s konstrukcija kruop\u0161\u010diai suprojektuota siekiant u\u017etikrinti ilgalaik\u012f komfort\u0105. Poliuretano ir didelio elastingumo put\u0173 u\u017epildas kartu su vingiuota spyruokle garantuoja tinkam\u0105 atram\u0105 ir mink\u0161tum\u0105. Atlo\u0161as sutvirtintas elastiniais dir\u017eeliais ir silikono sluoksniu, tod\u0117l jis i\u0161laiko optimali\u0105 form\u0105 net ir esant dideliam naudojimui.<br \/>\nKlasikin\u0117 sofos forma leid\u017eia j\u0105 lengvai derinti prie \u012fvairi\u0173 interjero dizain\u0173, \u012fskaitant ir tuos, kurie primena praeit\u012f. Auk\u0161tos kojel\u0117s suteikia baldui vizualinio lengvumo ir kartu padeda i\u0161laikyti \u0161vari\u0105 pagrindin\u0119 konstrukcij\u0105. D\u0117l kruop\u0161\u010diai atrinkt\u0173 med\u017eiag\u0173 \u201eInes\u201c sofa ilgai i\u0161laiko savo i\u0161vaizd\u0105, sustiprindama kambario charakter\u012f.<br \/>\nPapildomas privalumas \u2013 platus apmu\u0161al\u0173 audini\u0173 pasirinkimas, leid\u017eiantis susikurti individuali\u0105 spalv\u0173 gam\u0105. Vartotojai gali pasirinkti koj\u0173 spalv\u0105 ir audinio tip\u0105, taip priderindami baldus prie savo estetini\u0173 pageidavim\u0173. Taigi \u201eBydgoskie Meble\u201c si\u016blo produkt\u0105, kuris atitinka \u012fvairius komforto, patvarumo ir der\u0117jimo prie nam\u0173 interjero l\u016bkes\u010dius.<\/p>","protected":false},"excerpt":{"rendered":"<p>Dydis (cm):<br \/>\nPlotis: 185<br \/>\nGylis: 89<br \/>\n\u016agis: 101<br \/>\nS\u0117dyn\u0117s auk\u0161tis: 48<\/p>","protected":false},"featured_media":205968,"comment_status":"open","ping_status":"closed","template":"","meta":[],"product_brand":[],"product_cat":[9133],"product_tag":[],"class_list":{"0":"post-205952","1":"product","2":"type-product","3":"status-publish","4":"has-post-thumbnail","6":"product_cat-grouped","8":"first","9":"instock","10":"shipping-taxable","11":"purchasable","12":"product-type-variable","13":"wvs-archive-product-wrapper"},"_links":{"self":[{"href":"https:\/\/baldumarket.lt\/lt\/wp-json\/wp\/v2\/product\/205952","targetHints":{"allow":["GET"]}}],"collection":[{"href":"https:\/\/baldumarket.lt\/lt\/wp-json\/wp\/v2\/product"}],"about":[{"href":"https:\/\/baldumarket.lt\/lt\/wp-json\/wp\/v2\/types\/product"}],"replies":[{"embeddable":true,"href":"https:\/\/baldumarket.lt\/lt\/wp-json\/wp\/v2\/comments?post=205952"}],"wp:featuredmedia":[{"embeddable":true,"href":"https:\/\/baldumarket.lt\/lt\/wp-json\/wp\/v2\/media\/205968"}],"wp:attachment":[{"href":"https:\/\/baldumarket.lt\/lt\/wp-json\/wp\/v2\/media?parent=205952"}],"wp:term":[{"taxonomy":"product_brand","embeddable":true,"href":"https:\/\/baldumarket.lt\/lt\/wp-json\/wp\/v2\/product_brand?post=205952"},{"taxonomy":"product_cat","embeddable":true,"href":"https:\/\/baldumarket.lt\/lt\/wp-json\/wp\/v2\/product_cat?post=205952"},{"taxonomy":"product_tag","embeddable":true,"href":"https:\/\/baldumarket.lt\/lt\/wp-json\/wp\/v2\/product_tag?post=205952"}],"curies":[{"name":"wp","href":"https:\/\/api.w.org\/{rel}","templated":true}]}}