{"id":205896,"date":"2025-12-25T20:36:05","date_gmt":"2025-12-25T17:36:05","guid":{"rendered":"https:\/\/baldumarket.lt\/?post_type=product&#038;p=205896"},"modified":"2026-02-03T23:20:11","modified_gmt":"2026-02-03T20:20:11","slug":"naroznik-ines-2rfz2rfm-tre-3rf-z-1rfm-bydgoskie-meble-gr1","status":"publish","type":"product","link":"https:\/\/baldumarket.lt\/lt\/product\/naroznik-ines-2rfz2rfm-tre-3rf-z-1rfm-bydgoskie-meble-gr1\/","title":{"rendered":"Ines kampin\u0117 sofa 2RF(z2RFm)-TRE-3RF (z 1RFm) Bydgoskie Meble Gr1"},"content":{"rendered":"<p>\u201eBydgoskie Meble\u201c \u201eInes\u201c kampin\u0117 sofa \u2013 tai universalus poilsio baldas, skirtas didel\u0117ms, eleganti\u0161koms svetain\u0117ms. 294 cm plo\u010dio, 237 cm gylio ir 111 cm auk\u0161\u010dio sofa suteikia daug s\u0117d\u0117jimo vietos, o 48 cm s\u0117dyn\u0117s auk\u0161tis leid\u017eia patogiai s\u0117d\u0117ti ir stov\u0117ti. L forma leid\u017eia optimaliai i\u0161naudoti kambario kamp\u0105, sukuriant poilsio zon\u0105 visai \u0161eimai.<\/p>\n<p>\u0160is modelis turi tris s\u0117dynes su rankiniu atpalaidavimu, leid\u017eian\u010dias individualiai reguliuoti atlo\u0161o pad\u0117t\u012f pagal naudotojo poreikius. Siauri porankiai buvo kruop\u0161\u010diai suderinti su mink\u0161ta s\u0117dyne ir kont\u016bruota atlo\u0161u, sukuriant darn\u0173, subalansuot\u0105 dizain\u0105. Sofos atlo\u0161as yra visi\u0161kai apmu\u0161tas, tod\u0117l j\u0105 galima pastatyti net kambario viduryje.<\/p>\n<p>Konstrukcijoje panaudotas poliuretano putplastis, didelio elastingumo putplastis ir banguota spyruokl\u0117 s\u0117dyn\u0117je, o atlo\u0161e \u2013 elastingi dir\u017eeliai su silikoniniu u\u017epildu. \u0160is med\u017eiag\u0173 derinys u\u017etikrina ilgalaik\u012f formos i\u0161laikym\u0105 ir komfort\u0105. Medin\u0117s kojel\u0117s pakelia vis\u0105 konstrukcij\u0105, suteikia jai vizualinio lengvumo ir palengvina \u0161varos palaikym\u0105.<br \/>\nKampin\u0119 sof\u0105 galima pritaikyti pagal j\u016bs\u0173 pageidavimus d\u0117l plataus apmu\u0161al\u0173 pasirinkimo. Galimas platus audini\u0173 pasirinkimas, leid\u017eiantis spalv\u0105 ir tekst\u016br\u0105 priderinti prie j\u016bs\u0173 interjero charakterio. Be to, kojos gali b\u016bti keli\u0173 variant\u0173: venge, sendinta vy\u0161nia, nat\u016bralus bukas, nat\u016bralus \u0105\u017euolas, rie\u0161utmedis, sidabrin\u0117 arba juoda, tod\u0117l galite sukurti dar daugiau suasmeninimo galimybi\u0173.<\/p>\n<p>Pateiktoje konfig\u016bracijoje yra 2RF (su 2RFm) L\/R\u2013TRE\u20133RF (su 1RFm) L\/R derinys, kuris leid\u017eia i\u0161d\u0117styti atskirus kampin\u0117s sofos elementus. \u0160is sprendimas suteikia i\u0161d\u0117stymo laisv\u0119 tiek kair\u0117s, tiek de\u0161in\u0117s pus\u0117s versijose. D\u0117l \u0161io gerai apgalvoto dizaino \u201eInes\u201c tampa j\u016bs\u0173 svetain\u0117s traukos centru, u\u017etikrindama patog\u0173 kasdien\u012f poils\u012f ir ilgalaik\u012f patvarum\u0105.<\/p>","protected":false},"excerpt":{"rendered":"<p>Dydis (cm):<br \/>\nPlotis: 294<br \/>\nGylis: 237<br \/>\n\u016agis: 111<br \/>\nS\u0117dyn\u0117s auk\u0161tis: 48<\/p>","protected":false},"featured_media":205919,"comment_status":"open","ping_status":"closed","template":"","meta":[],"product_brand":[],"product_cat":[9133],"product_tag":[],"class_list":{"0":"post-205896","1":"product","2":"type-product","3":"status-publish","4":"has-post-thumbnail","6":"product_cat-grouped","8":"first","9":"instock","10":"shipping-taxable","11":"purchasable","12":"product-type-variable","13":"wvs-archive-product-wrapper"},"_links":{"self":[{"href":"https:\/\/baldumarket.lt\/lt\/wp-json\/wp\/v2\/product\/205896","targetHints":{"allow":["GET"]}}],"collection":[{"href":"https:\/\/baldumarket.lt\/lt\/wp-json\/wp\/v2\/product"}],"about":[{"href":"https:\/\/baldumarket.lt\/lt\/wp-json\/wp\/v2\/types\/product"}],"replies":[{"embeddable":true,"href":"https:\/\/baldumarket.lt\/lt\/wp-json\/wp\/v2\/comments?post=205896"}],"wp:featuredmedia":[{"embeddable":true,"href":"https:\/\/baldumarket.lt\/lt\/wp-json\/wp\/v2\/media\/205919"}],"wp:attachment":[{"href":"https:\/\/baldumarket.lt\/lt\/wp-json\/wp\/v2\/media?parent=205896"}],"wp:term":[{"taxonomy":"product_brand","embeddable":true,"href":"https:\/\/baldumarket.lt\/lt\/wp-json\/wp\/v2\/product_brand?post=205896"},{"taxonomy":"product_cat","embeddable":true,"href":"https:\/\/baldumarket.lt\/lt\/wp-json\/wp\/v2\/product_cat?post=205896"},{"taxonomy":"product_tag","embeddable":true,"href":"https:\/\/baldumarket.lt\/lt\/wp-json\/wp\/v2\/product_tag?post=205896"}],"curies":[{"name":"wp","href":"https:\/\/api.w.org\/{rel}","templated":true}]}}