{"id":205885,"date":"2025-12-25T20:35:50","date_gmt":"2025-12-25T17:35:50","guid":{"rendered":"https:\/\/baldumarket.lt\/?post_type=product&#038;p=205885"},"modified":"2026-02-03T23:20:13","modified_gmt":"2026-02-03T20:20:13","slug":"sofa-ines-2hb-bydgoskie-meble-gr5","status":"publish","type":"product","link":"https:\/\/baldumarket.lt\/lt\/product\/sofa-ines-2hb-bydgoskie-meble-gr5\/","title":{"rendered":"Ines 2HB sofa Bydgoskie Meble Gr5"},"content":{"rendered":"<p>\u201eBydgoskie Meble\u201c \u201eInes\u201c sofa \u2013 puikus pasirinkimas tiems, kurie vertina subalansuotas proporcijas ir tvirt\u0105 meistri\u0161kum\u0105. Dviviet\u0117 sofa yra 143 cm plo\u010dio, 89 cm gylio ir 111 cm auk\u0161\u010dio, tod\u0117l puikiai tinka tiek erdviai svetainei, tiek ma\u017eesniam kambariui. 48 cm s\u0117dyn\u0117s auk\u0161tis u\u017etikrina patog\u0173 s\u0117d\u0117jim\u0105 ir stov\u0117jim\u0105, o kruop\u0161\u010diai apmu\u0161tas atlo\u0161as leid\u017eia j\u0105 pastatyti bet kurioje kambario vietoje.<\/p>\n<p>S\u0117dyn\u0117, u\u017epildyta poliuretanu ir didelio elastingumo putomis, sutvirtinta vingiuota spyruokle, kuri i\u0161laiko savo form\u0105 net ir da\u017enai naudojant, u\u017etikrina patog\u0173 atsipalaidavim\u0105. Atlo\u0161as, paremtas elastingais dir\u017eeliais ir silikoniniu u\u017epildu, suteikia mink\u0161t\u0105 nugaros atram\u0105 ilgai skaitant ar \u017ei\u016brint film\u0105. Sekcin\u0117s pagalv\u0117l\u0117s su horizontaliomis si\u016bl\u0117mis suteikia subtil\u0173 dekoratyvin\u012f akcent\u0105. Ry\u0161kus privalumas \u2013 medin\u0117s kojel\u0117s, kurias galima \u012fsigyti keli\u0173 spalv\u0173: venge, sendinto vy\u0161nios, nat\u016bralaus buko, nat\u016bralaus \u0105\u017euolo, rie\u0161uto, sidabro ir juodos. Pakelta konstrukcija palengvina valym\u0105 po baldais ir suteikia vizualinio lengvumo. Plona koj\u0173 linija dera su klasikiniu formos charakteriu, sukurdama darni\u0105 visum\u0105.<\/p>\n<p>Klientai gali rinktis i\u0161 plataus apmu\u0161al\u0173 audini\u0173 asortimento, kuris leis jiems priderinti spalv\u0105 ir tekst\u016br\u0105 prie savo interjero dizaino. Kiekvienas audinys pasi\u017eymi auk\u0161ta kokybe, u\u017etikrinan\u010dia, kad sofa ilgai i\u0161laikyt\u0173 savo i\u0161vaizd\u0105. Kruop\u0161tus apmu\u0161al\u0173 gamybos procesas pabr\u0117\u017eia \u201eBydgoskie Meble\u201c prek\u0117s \u017eenklo precizi\u0161k\u0105 meistri\u0161kum\u0105.<\/p>\n<p>\u201eInes\u201c modelis i\u0161siskiria ne tik rafinuotu dizainu, bet ir med\u017eiag\u0173 patvarumu. Tvirta konstrukcija kartu su apra\u0161ytais techniniais parametrais u\u017etikrina, kad \u0161is baldas daugel\u012f met\u0173 i\u0161liks patogia poilsio vieta. \u0160is variantas sujungia patog\u0173 s\u0117d\u0117jim\u0105 su estetika, kuri tinka daugeliui interjero stili\u0173 \u2013 nuo tradicinio iki modernesnio.<\/p>","protected":false},"excerpt":{"rendered":"<p>Dydis (cm):<br \/>\nPlotis: 143<br \/>\nGylis: 89<br \/>\n\u016agis: 111<br \/>\nS\u0117dyn\u0117s auk\u0161tis: 48<\/p>","protected":false},"featured_media":205897,"comment_status":"open","ping_status":"closed","template":"","meta":[],"product_brand":[],"product_cat":[9133],"product_tag":[],"class_list":{"0":"post-205885","1":"product","2":"type-product","3":"status-publish","4":"has-post-thumbnail","6":"product_cat-grouped","8":"first","9":"instock","10":"shipping-taxable","11":"purchasable","12":"product-type-variable","13":"wvs-archive-product-wrapper"},"_links":{"self":[{"href":"https:\/\/baldumarket.lt\/lt\/wp-json\/wp\/v2\/product\/205885","targetHints":{"allow":["GET"]}}],"collection":[{"href":"https:\/\/baldumarket.lt\/lt\/wp-json\/wp\/v2\/product"}],"about":[{"href":"https:\/\/baldumarket.lt\/lt\/wp-json\/wp\/v2\/types\/product"}],"replies":[{"embeddable":true,"href":"https:\/\/baldumarket.lt\/lt\/wp-json\/wp\/v2\/comments?post=205885"}],"wp:featuredmedia":[{"embeddable":true,"href":"https:\/\/baldumarket.lt\/lt\/wp-json\/wp\/v2\/media\/205897"}],"wp:attachment":[{"href":"https:\/\/baldumarket.lt\/lt\/wp-json\/wp\/v2\/media?parent=205885"}],"wp:term":[{"taxonomy":"product_brand","embeddable":true,"href":"https:\/\/baldumarket.lt\/lt\/wp-json\/wp\/v2\/product_brand?post=205885"},{"taxonomy":"product_cat","embeddable":true,"href":"https:\/\/baldumarket.lt\/lt\/wp-json\/wp\/v2\/product_cat?post=205885"},{"taxonomy":"product_tag","embeddable":true,"href":"https:\/\/baldumarket.lt\/lt\/wp-json\/wp\/v2\/product_tag?post=205885"}],"curies":[{"name":"wp","href":"https:\/\/api.w.org\/{rel}","templated":true}]}}