{"id":205875,"date":"2025-12-25T20:35:16","date_gmt":"2025-12-25T17:35:16","guid":{"rendered":"https:\/\/baldumarket.lt\/?post_type=product&#038;p=205875"},"modified":"2026-03-05T10:30:34","modified_gmt":"2026-03-05T07:30:34","slug":"sofa-ines-2hb-1rfman-bydgoskie-meble","status":"publish","type":"product","link":"https:\/\/baldumarket.lt\/lt\/product\/sofa-ines-2hb-1rfman-bydgoskie-meble\/","title":{"rendered":"INES 2HB 1RF(vyras) Sofa Bydgoskie Meble"},"content":{"rendered":"<p>\u201eBydgoskie Meble\u201c \u201eInes\u201c sofa \u2013 tai retro \u012fkv\u0117pto dizaino sofa, kuri puikiai papildys tiek modern\u0173, tiek klasikin\u012f interjer\u0105. I\u0161skirtin\u0117s linijos ir proporcijos pabr\u0117\u017eia kolekcijos charakter\u012f, suteikdamos interjerui unikali\u0105 atmosfer\u0105. 143 cm plo\u010dio, 89 cm gylio ir 111 cm auk\u0161\u010dio sofa i\u0161laiko harmoning\u0105 i\u0161vaizd\u0105 ir suteikia daug erdv\u0117s poilsiui.<\/p>\n<p>Siauri porankiai sukuria darni\u0105 visum\u0105 su erdvia s\u0117dyne ir auk\u0161tu atlo\u0161u. Vidus u\u017epildytas poliuretano putomis, didelio elastingumo putomis ir banguotomis spyruokl\u0117mis, u\u017etikrinan\u010diomis ilgalaik\u012f komfort\u0105 ir stabil\u0173 atram\u0105. Atlo\u0161as, paremtas elastingais dir\u017eeliais su silikono priedu, suteikia mink\u0161tumo, kuris skatina ilgas atsipalaidavimo akimirkas.<\/p>\n<p>Sofa turi atsipalaidavimo funkcij\u0105 (1xRF, kair\u0117je arba de\u0161in\u0117je pus\u0117je), leid\u017eian\u010di\u0105 pritaikyti jos pad\u0117t\u012f pagal individualius poreikius. Auk\u0161tas atlo\u0161as padeda tinkamai i\u0161tiesinti stubur\u0105, o apmu\u0161tas atlo\u0161as leid\u017eia sof\u0105 pastatyti bet kurioje svetain\u0117s vietoje, ne tik prie sienos. \u0160is dviej\u0173 viet\u0173 modelis skirtas jaukiems interjerams.<\/p>\n<p>Sofa stovi ant 48 cm auk\u0161\u010dio medini\u0173 kojeli\u0173, kurios suteikia sofai vizualinio lengvumo ir palengvina tvarkos palaikym\u0105. Galimos \u012fvairios medienos apdailos: venge, sendinta vy\u0161nia, nat\u016bralus bukas, nat\u016bralus \u0105\u017euolas, rie\u0161utmedis, sidabrin\u0117 ir juoda, tod\u0117l galite priderinti i\u0161vaizd\u0105 prie savo kambario spalv\u0173 gamos. Kiekvienas variantas pabr\u0117\u017eia \u0161iek tiek skirting\u0105 interjero charakter\u012f \u2013 nuo \u0161iltos iki modernesn\u0117s.<\/p>\n<p>\u201eInes\u201c modelis si\u016blo plat\u0173 apmu\u0161al\u0173 audini\u0173 pasirinkim\u0105, leid\u017eiant\u012f pasirinkti tekst\u016br\u0105 ir spalv\u0105 pagal savo stili\u0173. Tvirtas meistri\u0161kumas ir kruop\u0161tus detali\u0173 apdirbimas u\u017etikrina, kad sofa i\u0161laikyt\u0173 savo \u017eaves\u012f ilgus metus. Tai puikus pasirinkimas tiems, kurie ie\u0161ko i\u0161skirtinio dizaino ir auk\u0161tos kokyb\u0117s bald\u0173, derinan\u010di\u0173 kasdien\u012f komfort\u0105 su ilgaam\u017ei\u0161kumu.<\/p>","protected":false},"excerpt":{"rendered":"<p>\u201eBydgoskie Meble\u201c \u201eInes\u201c sofa \u2013 tai retro \u012fkv\u0117pto dizaino sofa, kuri puikiai papildys tiek modern\u0173, tiek klasikin\u012f interjer\u0105. I\u0161skirtin\u0117s linijos ir proporcijos pabr\u0117\u017eia kolekcijos charakter\u012f, suteikdamos interjerui unikali\u0105 atmosfer\u0105. 143 cm plo\u010dio, 89 cm gylio ir 111 cm auk\u0161\u010dio sofa i\u0161laiko harmoning\u0105 i\u0161vaizd\u0105 ir kartu suteikia [\u2026]<\/p>","protected":false},"featured_media":205883,"comment_status":"open","ping_status":"closed","template":"","meta":[],"product_brand":[],"product_cat":[9711,6033,560],"product_tag":[],"class_list":{"0":"post-205875","1":"product","2":"type-product","3":"status-publish","4":"has-post-thumbnail","6":"product_cat-upholstered-furniture-ines-bydgoskie","7":"product_cat-bydgoskie-meble","8":"product_cat-sofas-and-couches","10":"first","11":"instock","12":"shipping-taxable","13":"product-type-grouped"},"_links":{"self":[{"href":"https:\/\/baldumarket.lt\/lt\/wp-json\/wp\/v2\/product\/205875","targetHints":{"allow":["GET"]}}],"collection":[{"href":"https:\/\/baldumarket.lt\/lt\/wp-json\/wp\/v2\/product"}],"about":[{"href":"https:\/\/baldumarket.lt\/lt\/wp-json\/wp\/v2\/types\/product"}],"replies":[{"embeddable":true,"href":"https:\/\/baldumarket.lt\/lt\/wp-json\/wp\/v2\/comments?post=205875"}],"wp:featuredmedia":[{"embeddable":true,"href":"https:\/\/baldumarket.lt\/lt\/wp-json\/wp\/v2\/media\/205883"}],"wp:attachment":[{"href":"https:\/\/baldumarket.lt\/lt\/wp-json\/wp\/v2\/media?parent=205875"}],"wp:term":[{"taxonomy":"product_brand","embeddable":true,"href":"https:\/\/baldumarket.lt\/lt\/wp-json\/wp\/v2\/product_brand?post=205875"},{"taxonomy":"product_cat","embeddable":true,"href":"https:\/\/baldumarket.lt\/lt\/wp-json\/wp\/v2\/product_cat?post=205875"},{"taxonomy":"product_tag","embeddable":true,"href":"https:\/\/baldumarket.lt\/lt\/wp-json\/wp\/v2\/product_tag?post=205875"}],"curies":[{"name":"wp","href":"https:\/\/api.w.org\/{rel}","templated":true}]}}