{"id":205856,"date":"2025-12-25T20:34:30","date_gmt":"2025-12-25T17:34:30","guid":{"rendered":"https:\/\/baldumarket.lt\/?post_type=product&#038;p=205856"},"modified":"2026-03-05T10:30:34","modified_gmt":"2026-03-05T07:30:34","slug":"sofa-ines-hb-2rf-bydgoskie-meble","status":"publish","type":"product","link":"https:\/\/baldumarket.lt\/lt\/product\/sofa-ines-hb-2rf-bydgoskie-meble\/","title":{"rendered":"INES HB 2RF sofa Bydgoskie Meble"},"content":{"rendered":"<p>\u201eBydgoskie Meble\u201c \u201eInes\u201c sofa sukurta atpalaiduojan\u010diai nam\u0173 aplinkai, puikiai tinkanti tiek erdviai svetainei, tiek jaukesniam biurui. \u0160io modelio plotis \u2013 143 cm, gylis \u2013 89 cm, o auk\u0161tis \u2013 111 cm, tod\u0117l j\u012f patogu pastatyti \u012fvairiose vietose. 48 cm s\u0117dyn\u0117s auk\u0161tis u\u017etikrina tinkam\u0105 atram\u0105 ir komfort\u0105 ilgo poilsio metu.<\/p>\n<p>D\u0117l dviej\u0173 rankini\u0173 atlo\u0161iam\u0173 mechanizm\u0173 sofa leid\u017eia individualiai reguliuoti s\u0117d\u0117jimo pad\u0117t\u012f. Mechanizmai veikia skland\u017eiai ir patikimai, tod\u0117l ji tinka kasdieniam naudojimui. \u0160\u012f sprendim\u0105 \u012fvertins tie, kurie vertina ram\u0173 poils\u012f ir galimyb\u0119 atsipalaiduoti po \u012ftemptos dienos.<\/p>\n<p>Konstrukcija stovi ant plon\u0173 medini\u0173 kojeli\u0173, kurios padeda palaikyti tvark\u0105 po sofa ir suteikia lengvumo bendrai i\u0161vaizdai. Klientai gali rinktis i\u0161 keli\u0173 spalv\u0173 apdailos variant\u0173: veng\u0117s, sendintos vy\u0161nios, nat\u016bralaus buko, nat\u016bralaus \u0105\u017euolo, rie\u0161uto, sidabrin\u0117s ir juodos, tod\u0117l sofos i\u0161vaizd\u0105 galima tiksliai priderinti prie j\u0173 interjero stiliaus. Sofos atlo\u0161as yra visi\u0161kai apmu\u0161tas, tod\u0117l j\u0105 galima naudoti kambario centre.<br \/>\nS\u0117d\u0117jimo komfort\u0105 u\u017etikrina poliuretano putos, didelio elastingumo putos ir banguota spyruokl\u0117, kurios kartu u\u017etikrina patvarum\u0105 ir atsparum\u0105. Atlo\u0161as u\u017epildytas elastin\u0117mis juostomis ir silikonu, kurie u\u017etikrina tolyg\u0173 nugaros palaikym\u0105 ir ilgalaik\u012f formos i\u0161laikym\u0105. \u0160ios med\u017eiagos yra labai atsparios deformacijai, tod\u0117l u\u017etikrinamas patogus naudojimas daugel\u012f met\u0173.<\/p>\n<p>Papildomas privalumas \u2013 platus apmu\u0161al\u0173 audini\u0173 pasirinkimas, kur\u012f galima \u012fsigyti naudojant konfig\u016bratori\u0173, leid\u017eiant\u012f visi\u0161kai pritaikyti sofos i\u0161vaizd\u0105. Nesvarbu, ar tai subtili spalv\u0173 gama, ar ry\u0161kesnis akcentas, \u201eInes\u201c kolekcijos baldas i\u0161liks bet kurio kambario traukos centru, suteikdamas rafinuoto charakterio ir d\u0117mesio detal\u0117ms.<\/p>","protected":false},"excerpt":{"rendered":"<p>\u201eBydgoskie Meble\u201c \u201eInes\u201c sofa sukurta atpalaiduojan\u010diai nam\u0173 aplinkai, puikiai tinkanti tiek erdviai svetainei, tiek jaukesniam biurui. \u0160io modelio plotis \u2013 143 cm, gylis \u2013 89 cm, o auk\u0161tis \u2013 111 cm, tod\u0117l j\u012f patogu pastatyti \u012fvairiose vietose. 48 cm s\u0117dyn\u0117s auk\u0161tis u\u017etikrina tinkam\u0105 atram\u0105 [\u2026]<\/p>","protected":false},"featured_media":205855,"comment_status":"open","ping_status":"closed","template":"","meta":[],"product_brand":[],"product_cat":[9711,6033,560],"product_tag":[],"class_list":{"0":"post-205856","1":"product","2":"type-product","3":"status-publish","4":"has-post-thumbnail","6":"product_cat-upholstered-furniture-ines-bydgoskie","7":"product_cat-bydgoskie-meble","8":"product_cat-sofas-and-couches","10":"first","11":"instock","12":"shipping-taxable","13":"product-type-grouped"},"_links":{"self":[{"href":"https:\/\/baldumarket.lt\/lt\/wp-json\/wp\/v2\/product\/205856","targetHints":{"allow":["GET"]}}],"collection":[{"href":"https:\/\/baldumarket.lt\/lt\/wp-json\/wp\/v2\/product"}],"about":[{"href":"https:\/\/baldumarket.lt\/lt\/wp-json\/wp\/v2\/types\/product"}],"replies":[{"embeddable":true,"href":"https:\/\/baldumarket.lt\/lt\/wp-json\/wp\/v2\/comments?post=205856"}],"wp:featuredmedia":[{"embeddable":true,"href":"https:\/\/baldumarket.lt\/lt\/wp-json\/wp\/v2\/media\/205855"}],"wp:attachment":[{"href":"https:\/\/baldumarket.lt\/lt\/wp-json\/wp\/v2\/media?parent=205856"}],"wp:term":[{"taxonomy":"product_brand","embeddable":true,"href":"https:\/\/baldumarket.lt\/lt\/wp-json\/wp\/v2\/product_brand?post=205856"},{"taxonomy":"product_cat","embeddable":true,"href":"https:\/\/baldumarket.lt\/lt\/wp-json\/wp\/v2\/product_cat?post=205856"},{"taxonomy":"product_tag","embeddable":true,"href":"https:\/\/baldumarket.lt\/lt\/wp-json\/wp\/v2\/product_tag?post=205856"}],"curies":[{"name":"wp","href":"https:\/\/api.w.org\/{rel}","templated":true}]}}