{"id":205755,"date":"2025-12-25T20:28:37","date_gmt":"2025-12-25T17:28:37","guid":{"rendered":"https:\/\/baldumarket.lt\/?post_type=product&#038;p=205755"},"modified":"2026-02-03T23:20:21","modified_gmt":"2026-02-03T20:20:21","slug":"fotel-malachit-rf-m-bydgoskie-meble-skora-l2","status":"publish","type":"product","link":"https:\/\/baldumarket.lt\/lt\/product\/fotel-malachit-rf-m-bydgoskie-meble-skora-l2\/","title":{"rendered":"Malachito RF fotelis (m) Bydgoskie Meble Leather L2"},"content":{"rendered":"<p>\u201eBydgoskie Meble\u201c \u201eMalachit\u201c fotelis skirtas tiems, kurie vertina auk\u0161tus atsipalaidavimo standartus ir kruop\u0161t\u0173 meistri\u0161kum\u0105. Jame \u012frengta rankin\u0117 atsipalaidavimo funkcija, leid\u017eianti lengvai reguliuoti atlo\u0161\u0105 ir koj\u0173 atram\u0105, taip u\u017etikrinant visi\u0161k\u0105 atsipalaidavim\u0105 po \u012ftemptos dienos. Jo buvimas svetain\u0117je ar miegamajame pabr\u0117\u0161 \u0161eimos komfort\u0105.<\/p>\n<p>\u0160is dizainas i\u0161siskiria \u012fsp\u016bdingu dizainu ir d\u0117mesiu detal\u0117ms. Auk\u0161tas atlo\u0161as suteikia tvirt\u0105 nugaros atram\u0105, o 119 cm plotis, 104 cm auk\u0161tis ir 103 cm gylis garantuoja laisv\u0119 net ir ilgo poilsio metu. 50 cm s\u0117dyn\u0117s auk\u0161tis palengvina atsik\u0117lim\u0105, o tai \u012fvertins tiek jauni, tiek seni vartotojai.<\/p>\n<p>Fotelio u\u017epildas kruop\u0161\u010diai parinktas d\u0117l mink\u0161tumo ir ilgaam\u017ei\u0161kumo. Atlo\u0161as pagamintas i\u0161 elasting\u0173 dir\u017eeli\u0173, didelio elastingumo put\u0173 ir poliuretano put\u0173, o s\u0117dyn\u0119 laiko vingiuotos spyruokl\u0117s su tomis pa\u010diomis auk\u0161tos kokyb\u0117s putomis. Toks med\u017eiag\u0173 derinys leid\u017eia jam i\u0161laikyti form\u0105 ir komfort\u0105 daugel\u012f met\u0173 kasdienio naudojimo. Konstrukcij\u0105 laiko medin\u0117s kojel\u0117s, kurios yra \u012fvairi\u0173 spalv\u0173: venge, sendinto vy\u0161nios, nat\u016bralaus buko, nat\u016bralaus \u0105\u017euolo, rie\u0161uto, taip pat sidabrin\u0117s arba juodos. Platus audini\u0173 ir odini\u0173 apmu\u0161al\u0173 pasirinkimas leid\u017eia foteliui papildyti beveik bet kok\u012f interjero dizain\u0105, suteikiant kiekvienam baldui unikal\u0173 charakter\u012f.<\/p>\n<p>\u201eMalachite\u201c kolekcijos fotelis pasi\u017eymi tvirta konstrukcija ir komfortu, sukurdamas erdv\u0119, kuri skatina kasdien\u012f poils\u012f. Kruop\u0161\u010diai parinktos proporcijos ir auk\u0161tos kokyb\u0117s med\u017eiagos paver\u010dia \u0161\u012f bald\u0105 patrauklia i\u0161vaizda ir komfortu daugel\u012f met\u0173. Tai pasirinkimas, suteikiantis \u0161eimos nariams atokv\u0117pio akimirk\u0105 jaukiuose namuose.<\/p>","protected":false},"excerpt":{"rendered":"<p>Dydis (cm):<br \/>\nPlotis: 119<br \/>\nGylis: 103<br \/>\n\u016agis: 104<br \/>\nS\u0117dyn\u0117s auk\u0161tis: 50<\/p>","protected":false},"featured_media":205773,"comment_status":"open","ping_status":"closed","template":"","meta":[],"product_brand":[],"product_cat":[9133],"product_tag":[],"class_list":{"0":"post-205755","1":"product","2":"type-product","3":"status-publish","4":"has-post-thumbnail","6":"product_cat-grouped","8":"first","9":"instock","10":"shipping-taxable","11":"purchasable","12":"product-type-variable","13":"wvs-archive-product-wrapper"},"_links":{"self":[{"href":"https:\/\/baldumarket.lt\/lt\/wp-json\/wp\/v2\/product\/205755","targetHints":{"allow":["GET"]}}],"collection":[{"href":"https:\/\/baldumarket.lt\/lt\/wp-json\/wp\/v2\/product"}],"about":[{"href":"https:\/\/baldumarket.lt\/lt\/wp-json\/wp\/v2\/types\/product"}],"replies":[{"embeddable":true,"href":"https:\/\/baldumarket.lt\/lt\/wp-json\/wp\/v2\/comments?post=205755"}],"wp:featuredmedia":[{"embeddable":true,"href":"https:\/\/baldumarket.lt\/lt\/wp-json\/wp\/v2\/media\/205773"}],"wp:attachment":[{"href":"https:\/\/baldumarket.lt\/lt\/wp-json\/wp\/v2\/media?parent=205755"}],"wp:term":[{"taxonomy":"product_brand","embeddable":true,"href":"https:\/\/baldumarket.lt\/lt\/wp-json\/wp\/v2\/product_brand?post=205755"},{"taxonomy":"product_cat","embeddable":true,"href":"https:\/\/baldumarket.lt\/lt\/wp-json\/wp\/v2\/product_cat?post=205755"},{"taxonomy":"product_tag","embeddable":true,"href":"https:\/\/baldumarket.lt\/lt\/wp-json\/wp\/v2\/product_tag?post=205755"}],"curies":[{"name":"wp","href":"https:\/\/api.w.org\/{rel}","templated":true}]}}