{"id":205723,"date":"2025-12-25T20:27:21","date_gmt":"2025-12-25T17:27:21","guid":{"rendered":"https:\/\/baldumarket.lt\/?post_type=product&#038;p=205723"},"modified":"2026-02-03T23:20:23","modified_gmt":"2026-02-03T20:20:23","slug":"naroznik-malachit-bydgoskie-meble-gr4","status":"publish","type":"product","link":"https:\/\/baldumarket.lt\/lt\/product\/naroznik-malachit-bydgoskie-meble-gr4\/","title":{"rendered":"Malachito kampin\u0117 sofa Bydgoskie Meble Gr4"},"content":{"rendered":"<p>\u201eBydgoskie Meble\u201c kampin\u0117 sofa \u201eMalachit\u201c \u2013 puikus pasirinkimas tiems, kurie vertina patog\u0173 poils\u012f ir tvirt\u0105 meistri\u0161kum\u0105. L formos dizainas leid\u017eia patogiai i\u0161d\u0117styti j\u0105 didesn\u0117se svetain\u0117se ir atviro plano erdv\u0117se. Bendri jos matmenys yra 331 cm plo\u010dio, 104 cm auk\u0161\u010dio ir 273 cm gylio, tod\u0117l joje gali s\u0117d\u0117ti keli \u017emon\u0117s.<\/p>\n<p>Jos ypatyb\u0117s apima 193 x 140 cm miegojimo funkcij\u0105, leid\u017eian\u010di\u0105 patogiai i\u0161simiegoti nakt\u012f. Be to, kampin\u0117 sofa turi rankin\u0119 atsipalaidavimo funkcij\u0105, leid\u017eian\u010di\u0105 individualiai reguliuoti atlo\u0161o pad\u0117t\u012f. Auk\u0161ti atlo\u0161ai ir suapvalinti porankiai skatina ilgas poilsio akimirkas su \u0161eima ar draugais.<\/p>\n<p>Konstrukcijoje naudojamos med\u017eiagos, kurios garantuoja patvarum\u0105 ir tinkam\u0105 atram\u0105. Atlo\u0161ai u\u017epildyti elastiniais dir\u017eeliais, didelio elastingumo putomis ir poliuretano putomis, o s\u0117dyn\u0117s \u2013 B tipo banguotomis spyruokl\u0117mis ir didelio elastingumo putomis. Tvirtos medin\u0117s kojel\u0117s gali b\u016bti venge, sendintos vy\u0161nios, nat\u016bralaus buko, nat\u016bralaus \u0105\u017euolo ir rie\u0161utmed\u017eio spalvos, taip pat sidabrin\u0117s arba juodos spalvos.<\/p>\n<p>\u0160\u012f model\u012f galima rinktis i\u0161 kair\u0117s arba de\u0161in\u0117s pus\u0117s montavimo variant\u0173, tod\u0117l j\u012f lengva pritaikyti prie j\u016bs\u0173 kambario i\u0161planavimo. Kampin\u0117s sofos konfig\u016bracija yra 3F(K\/D)-TRE-EL.1-1RFman(K\/D). Pridedant TRE kampin\u0119 sof\u0105, atkreipkite d\u0117mes\u012f, kad minimalus dur\u0173 plotis turi b\u016bti 90 cm.<\/p>\n<p>Platus apmu\u0161al\u0173 pasirinkimas papildo bendr\u0105 \u012fvaizd\u012f. Gamintojas si\u016blo plat\u0173 audini\u0173 ir od\u0173 pasirinkim\u0105, leid\u017eiant\u012f suasmeninti baldus ir priderinti juos prie j\u016bs\u0173 interjero stiliaus. Kampin\u0117 sofa \u201eMalachit\u201c sujungia auk\u0161t\u0105 meistri\u0161kumo kokyb\u0119 ir d\u0117mes\u012f detal\u0117ms, sukurdama erdv\u0119, palanki\u0105 kasdieniam poilsiui ir vakaro susib\u016brimams.<\/p>","protected":false},"excerpt":{"rendered":"<p>Dydis (cm):<br \/>\nPlotis: 331<br \/>\nGylis: 273<br \/>\n\u016agis: 104<br \/>\nS\u0117dyn\u0117s auk\u0161tis: 50<\/p>","protected":false},"featured_media":205745,"comment_status":"open","ping_status":"closed","template":"","meta":[],"product_brand":[],"product_cat":[9133],"product_tag":[],"class_list":{"0":"post-205723","1":"product","2":"type-product","3":"status-publish","4":"has-post-thumbnail","6":"product_cat-grouped","8":"first","9":"instock","10":"shipping-taxable","11":"purchasable","12":"product-type-variable","13":"wvs-archive-product-wrapper"},"_links":{"self":[{"href":"https:\/\/baldumarket.lt\/lt\/wp-json\/wp\/v2\/product\/205723","targetHints":{"allow":["GET"]}}],"collection":[{"href":"https:\/\/baldumarket.lt\/lt\/wp-json\/wp\/v2\/product"}],"about":[{"href":"https:\/\/baldumarket.lt\/lt\/wp-json\/wp\/v2\/types\/product"}],"replies":[{"embeddable":true,"href":"https:\/\/baldumarket.lt\/lt\/wp-json\/wp\/v2\/comments?post=205723"}],"wp:featuredmedia":[{"embeddable":true,"href":"https:\/\/baldumarket.lt\/lt\/wp-json\/wp\/v2\/media\/205745"}],"wp:attachment":[{"href":"https:\/\/baldumarket.lt\/lt\/wp-json\/wp\/v2\/media?parent=205723"}],"wp:term":[{"taxonomy":"product_brand","embeddable":true,"href":"https:\/\/baldumarket.lt\/lt\/wp-json\/wp\/v2\/product_brand?post=205723"},{"taxonomy":"product_cat","embeddable":true,"href":"https:\/\/baldumarket.lt\/lt\/wp-json\/wp\/v2\/product_cat?post=205723"},{"taxonomy":"product_tag","embeddable":true,"href":"https:\/\/baldumarket.lt\/lt\/wp-json\/wp\/v2\/product_tag?post=205723"}],"curies":[{"name":"wp","href":"https:\/\/api.w.org\/{rel}","templated":true}]}}