{"id":205686,"date":"2025-12-25T20:25:24","date_gmt":"2025-12-25T17:25:24","guid":{"rendered":"https:\/\/baldumarket.lt\/?post_type=product&#038;p=205686"},"modified":"2026-02-03T23:20:26","modified_gmt":"2026-02-03T20:20:26","slug":"sofa-malachit-3f-bydgoskie-meble-skora-l1","status":"publish","type":"product","link":"https:\/\/baldumarket.lt\/lt\/product\/sofa-malachit-3f-bydgoskie-meble-skora-l1\/","title":{"rendered":"Malachito sofa 3F Bydgoskie Meble Leather L1"},"content":{"rendered":"<p>Triviet\u0117 sofa i\u0161 \u201eBydgoskie Meble\u201c kolekcijos \u201eMalachit\u201c sukurta atsi\u017evelgiant \u012f auk\u0161\u010diausius meistri\u0161kumo standartus ir i\u0161skirtin\u0119 estetik\u0105. Jos plotis (236 cm), auk\u0161tis (104 cm) ir gylis (103 cm) paver\u010dia j\u0105 svetain\u0117s traukos centru ir kartu suteikia patogi\u0105 erdv\u0119 poilsiui. 50 cm s\u0117dyn\u0117s auk\u0161tis palengvina atsik\u0117lim\u0105 ir suteikia tinkam\u0105 koj\u0173 atram\u0105.<\/p>\n<p>\u0160is modelis turi sedalifto miegojimo funkcij\u0105, kuri lengvai sukuria 193 x 140 cm dyd\u017eio sof\u0105. Mechanizmas sukurtas taip, kad lengvai i\u0161siskleist\u0173 ir sulankstyt\u0173 be dideli\u0173 pastang\u0173. \u0160is sprendimas leid\u017eia sof\u0105 naudoti tiek dien\u0105, tiek kaip pilno dyd\u017eio miegojimo viet\u0105.<\/p>\n<p>Atsipalaidavimo komfort\u0105 sustiprina mink\u0161ti porankiai ir auk\u0161tas atlo\u0161as, u\u017epildytas elastiniais dir\u017eeliais, didelio elastingumo putomis ir poliuretano putomis. S\u0117dyn\u0119 laiko vingiuotos spyruokl\u0117s ir didelio elastingumo putos, u\u017etikrinan\u010dios elastingum\u0105 ir ilgaam\u017ei\u0161kum\u0105 net ir intensyviai naudojant. \u0160is med\u017eiag\u0173 derinys garantuoja stabili\u0105 atram\u0105 ir ilgalaik\u012f formos i\u0161laikym\u0105.<\/p>\n<p>Visas baldas pastatytas ant medini\u0173 kojeli\u0173, kurios suteikia baldo siluetui lengvumo ir palengvina \u0161var\u0105 po sofa. Gamintojas si\u016blo \u012fvairi\u0173 spalv\u0173: venge, sendinto vy\u0161nios, nat\u016bralaus buko, nat\u016bralaus \u0105\u017euolo, rie\u0161uto, sidabro ir juodos, tod\u0117l model\u012f galite priderinti prie \u012fvairaus interjero dizaino. Kiekvienas spalv\u0173 variantas yra labai atsparus dilimui ir kasdieniam naudojimui.<\/p>\n<p>Klientai gali rinktis i\u0161 plataus audini\u0173 ir od\u0173 asortimento, tod\u0117l galite susikurti individualiai pritaikyt\u0105 derin\u012f. D\u0117l \u0161io plataus pasirinkimo \u201eMalachit\u201c sofa tampa ne tik poilsio vieta, bet ir i\u0161skirtiniu dizaino elementu. Kruop\u0161tus meistri\u0161kumas ir rafinuotos detal\u0117s patvirtina \u201eBydgoskie Meble\u201c \u2013 prek\u0117s \u017eenklo, \u017einomo d\u0117l d\u0117mesio kiekvienam gamybos etapui, reputacij\u0105.<\/p>","protected":false},"excerpt":{"rendered":"<p>Dydis (cm):<br \/>\nPlotis: 236<br \/>\nGylis: 103<br \/>\n\u016agis: 104<br \/>\nS\u0117dyn\u0117s auk\u0161tis: 50<\/p>","protected":false},"featured_media":205704,"comment_status":"open","ping_status":"closed","template":"","meta":[],"product_brand":[],"product_cat":[9133],"product_tag":[],"class_list":{"0":"post-205686","1":"product","2":"type-product","3":"status-publish","4":"has-post-thumbnail","6":"product_cat-grouped","8":"first","9":"instock","10":"shipping-taxable","11":"purchasable","12":"product-type-variable","13":"wvs-archive-product-wrapper"},"_links":{"self":[{"href":"https:\/\/baldumarket.lt\/lt\/wp-json\/wp\/v2\/product\/205686","targetHints":{"allow":["GET"]}}],"collection":[{"href":"https:\/\/baldumarket.lt\/lt\/wp-json\/wp\/v2\/product"}],"about":[{"href":"https:\/\/baldumarket.lt\/lt\/wp-json\/wp\/v2\/types\/product"}],"replies":[{"embeddable":true,"href":"https:\/\/baldumarket.lt\/lt\/wp-json\/wp\/v2\/comments?post=205686"}],"wp:featuredmedia":[{"embeddable":true,"href":"https:\/\/baldumarket.lt\/lt\/wp-json\/wp\/v2\/media\/205704"}],"wp:attachment":[{"href":"https:\/\/baldumarket.lt\/lt\/wp-json\/wp\/v2\/media?parent=205686"}],"wp:term":[{"taxonomy":"product_brand","embeddable":true,"href":"https:\/\/baldumarket.lt\/lt\/wp-json\/wp\/v2\/product_brand?post=205686"},{"taxonomy":"product_cat","embeddable":true,"href":"https:\/\/baldumarket.lt\/lt\/wp-json\/wp\/v2\/product_cat?post=205686"},{"taxonomy":"product_tag","embeddable":true,"href":"https:\/\/baldumarket.lt\/lt\/wp-json\/wp\/v2\/product_tag?post=205686"}],"curies":[{"name":"wp","href":"https:\/\/api.w.org\/{rel}","templated":true}]}}