{"id":205645,"date":"2025-12-25T20:23:38","date_gmt":"2025-12-25T17:23:38","guid":{"rendered":"https:\/\/baldumarket.lt\/?post_type=product&#038;p=205645"},"modified":"2026-02-03T23:20:28","modified_gmt":"2026-02-03T20:20:28","slug":"pufa-george-bydgoskie-meble-skora-l4","status":"publish","type":"product","link":"https:\/\/baldumarket.lt\/lt\/product\/pufa-george-bydgoskie-meble-skora-l4\/","title":{"rendered":"George Bydgoskie Meble odinis pufas L4"},"content":{"rendered":"<p>\u201eBydgoskie Meble\u201c pufas \u201eGeorge\u201c \u2013 tai kruop\u0161\u010diai suprojektuotas baldas, kuris papuo\u0161 daugelio svetaini\u0173 dizain\u0105. Jo matmenys \u2013 plotis 60 cm, auk\u0161tis 48 cm ir gylis 42 cm \u2013 leid\u017eia j\u012f lanks\u010diai i\u0161d\u0117styti tiek erdviose, tiek ma\u017eesn\u0117se erdv\u0117se. Subtili\u0173 jo charakter\u012f pabr\u0117\u017eia auk\u0161tos, lieknos kojel\u0117s, suteikian\u010dios baldui lengvumo ir erdvumo.<br \/>\nPufo s\u0117dyn\u0117 pagaminta i\u0161 A tipo vingiuotos spyruokl\u0117s, sujungtos su poliuretano putomis, kurios suteikia mink\u0161t\u0105, bet stabili\u0105 atram\u0105. \u0160i konstrukcija u\u017etikrina komfort\u0105 net ir ilgai atsis\u0117dus. Mink\u0161ta, dviguba s\u0117dyn\u0117 yra i\u0161skirtinis privalumas, u\u017etikrinantis komfort\u0105 tiek s\u0117dint, tiek naudojant kaip pakoj\u012f.<br \/>\nPufo korpus\u0105 laiko medin\u0117s kojel\u0117s, kurios gali b\u016bti keli\u0173 spalv\u0173: venge, sendintos vy\u0161nios, nat\u016bralaus buko, nat\u016bralaus \u0105\u017euolo, rie\u0161uto, sidabrin\u0117s ir juodos. Spalv\u0173 \u012fvairov\u0117 leid\u017eia baldui papildyti \u012fvairius interjero dizainus \u2013 nuo \u0161viesi\u0173 iki tamsesni\u0173 atspalvi\u0173. Tvirtos kojel\u0117s garantuoja patvarum\u0105 ir stabilum\u0105 kasdienio naudojimo metu. \u201eGeorge\u201c pufas puikiai atrodo vienas, ta\u010diau jis taip pat gali b\u016bti didesnio tos pa\u010dios kolekcijos poilsio bald\u0173 komplekto dalis. D\u0117l savo formos ir proporcij\u0173 j\u012f patogu pastatyti \u0161alia sofos ar fotelio, sukuriant darni\u0105 poilsio zon\u0105. \u0160is sprendimas leid\u017eia harmoningai papildyti interjer\u0105 nepakenkiant vertingai erdvei.<\/p>\n<p>D\u0117l rafinuoto dizaino ir auk\u0161tos kokyb\u0117s med\u017eiag\u0173 \u201eGeorge\u201c pufas tampa patvariu ir esteti\u0161kai patraukliu baldu. Kruop\u0161\u010diai parinkti audiniai, tvirtos spyruokl\u0117s ir elastingi dir\u017eeliai atlo\u0161e padidina jo patogum\u0105. \u0160is baldas yra s\u0105moningas pasirinkimas tiems, kurie ie\u0161ko patogumo ir tikslaus meistri\u0161kumo, kartu vertinantys nesenstant\u012f dizain\u0105.<\/p>","protected":false},"excerpt":{"rendered":"<p>Dydis (cm):<br \/>\nPlotis: 60<br \/>\nGylis: 42<br \/>\n\u016agis: 48<br \/>\nS\u0117dyn\u0117s auk\u0161tis: 48<\/p>","protected":false},"featured_media":205653,"comment_status":"open","ping_status":"closed","template":"","meta":[],"product_brand":[],"product_cat":[9133],"product_tag":[],"class_list":{"0":"post-205645","1":"product","2":"type-product","3":"status-publish","4":"has-post-thumbnail","6":"product_cat-grouped","8":"first","9":"instock","10":"shipping-taxable","11":"purchasable","12":"product-type-variable","13":"wvs-archive-product-wrapper"},"_links":{"self":[{"href":"https:\/\/baldumarket.lt\/lt\/wp-json\/wp\/v2\/product\/205645","targetHints":{"allow":["GET"]}}],"collection":[{"href":"https:\/\/baldumarket.lt\/lt\/wp-json\/wp\/v2\/product"}],"about":[{"href":"https:\/\/baldumarket.lt\/lt\/wp-json\/wp\/v2\/types\/product"}],"replies":[{"embeddable":true,"href":"https:\/\/baldumarket.lt\/lt\/wp-json\/wp\/v2\/comments?post=205645"}],"wp:featuredmedia":[{"embeddable":true,"href":"https:\/\/baldumarket.lt\/lt\/wp-json\/wp\/v2\/media\/205653"}],"wp:attachment":[{"href":"https:\/\/baldumarket.lt\/lt\/wp-json\/wp\/v2\/media?parent=205645"}],"wp:term":[{"taxonomy":"product_brand","embeddable":true,"href":"https:\/\/baldumarket.lt\/lt\/wp-json\/wp\/v2\/product_brand?post=205645"},{"taxonomy":"product_cat","embeddable":true,"href":"https:\/\/baldumarket.lt\/lt\/wp-json\/wp\/v2\/product_cat?post=205645"},{"taxonomy":"product_tag","embeddable":true,"href":"https:\/\/baldumarket.lt\/lt\/wp-json\/wp\/v2\/product_tag?post=205645"}],"curies":[{"name":"wp","href":"https:\/\/api.w.org\/{rel}","templated":true}]}}