{"id":205571,"date":"2025-12-25T20:19:42","date_gmt":"2025-12-25T17:19:42","guid":{"rendered":"https:\/\/baldumarket.lt\/?post_type=product&#038;p=205571"},"modified":"2026-03-05T10:29:48","modified_gmt":"2026-03-05T07:29:48","slug":"fotel-george-bydgoskie-meble","status":"publish","type":"product","link":"https:\/\/baldumarket.lt\/lt\/product\/fotel-george-bydgoskie-meble\/","title":{"rendered":"JURGIO fotelis Bydgoskie Meble"},"content":{"rendered":"<p>\u201eBydgoskie Meble\u201c George fotelis \u2013 puikus pasirinkimas tiems, kurie vertina rafinuotas detales ir auk\u0161t\u0105 meistri\u0161kumo kokyb\u0119. Apvalios formos ir ry\u0161kus dygsniavimas suteikia jam i\u0161skirtin\u012f charakter\u012f, pabr\u0117\u017eiant kruop\u0161t\u0173 d\u0117mes\u012f detal\u0117ms kiekviename elemente. Erdvi s\u0117dyn\u0117 kartu su patogiais porankiais skatina ilg\u0105 poils\u012f jaukiuose namuose.<br \/>\nFotelio konstrukcija sukurta atsi\u017evelgiant \u012f tvirtum\u0105 ir ilgaam\u017ei\u0161kum\u0105. Poliuretano put\u0173 u\u017epildas ir vingiuota spyruokl\u0117 suteikia tinkam\u0105 atram\u0105, o elastingi dir\u017eeliai padidina s\u0117d\u0117jimo komfort\u0105. Visas baldas stovi ant medini\u0173 kojeli\u0173, kurios suteikia stabilumo ir lengvumo dizainui.<br \/>\n\u201eGeorge\u201c modelis gali pasigirti pla\u010diu apdailos pasirinkimu. Galima rinktis i\u0161 1, 2, 3, 4 ir 5 grupi\u0173 audini\u0173, tod\u0117l galite pritaikyti bald\u0105 pagal savo individualius pageidavimus. Kojel\u0117s yra venge, sendintos vy\u0161nios, nat\u016bralaus buko, nat\u016bralaus \u0105\u017euolo, rie\u0161utmed\u017eio, sidabrin\u0117s ir juodos atspalvi\u0173, tod\u0117l galite sukurti darni\u0105 kompozicij\u0105 su kitais baldais. Fotelio matmenys leid\u017eia j\u012f pastatyti \u012fvairiose erdv\u0117se. Jo plotis yra 91 cm, auk\u0161tis 86 cm, gylis 81 cm, o s\u0117dyn\u0117s auk\u0161tis \u2013 48 cm, tod\u0117l jis tinka tiek erdvioms svetain\u0117ms, tiek jaukiems sve\u010di\u0173 kambariams ar miegamiesiems. Proporcijos sukurtos taip, kad b\u016bt\u0173 u\u017etikrintas patogus poilsis.<\/p>\n<p>\u201eGeorge\u201c kolekcijos fotelis puikiai tinka erdv\u0117ms, skirtoms poilsiui ir socialiniams susib\u016brimams. Jo i\u0161vaizda suteikia interjerui individualumo, o kruop\u0161\u010diai atrinktos med\u017eiagos ir d\u0117mesys kiekvienai detalei u\u017etikrina, kad tai baldas, skirtas tarnauti ilgus metus. \u0160is baldas derina komfort\u0105 su i\u0161skirtine meistri\u0161kumo kokybe.<\/p>","protected":false},"excerpt":{"rendered":"<p>\u201eBydgoskie Meble\u201c \u201eGeorge\u201c fotelis \u2013 puikus pasirinkimas tiems, kurie vertina rafinuotas detales ir auk\u0161t\u0105 meistri\u0161kumo kokyb\u0119. Apvalios formos ir ry\u0161kus dygsniavimas suteikia jam i\u0161skirtinio charakterio, pabr\u0117\u017eiant kruop\u0161t\u0173 d\u0117mes\u012f detal\u0117ms kiekviename elemente. Erdvi s\u0117dyn\u0117 kartu su patogiais porankiais skatina ilg\u0105 poils\u012f jaukiuose namuose. [\u2026]<\/p>","protected":false},"featured_media":205579,"comment_status":"open","ping_status":"closed","template":"","meta":[],"product_brand":[],"product_cat":[634,6033],"product_tag":[],"class_list":{"0":"post-205571","1":"product","2":"type-product","3":"status-publish","4":"has-post-thumbnail","6":"product_cat-armchairs","7":"product_cat-bydgoskie-meble","9":"first","10":"instock","11":"shipping-taxable","12":"product-type-grouped"},"_links":{"self":[{"href":"https:\/\/baldumarket.lt\/lt\/wp-json\/wp\/v2\/product\/205571","targetHints":{"allow":["GET"]}}],"collection":[{"href":"https:\/\/baldumarket.lt\/lt\/wp-json\/wp\/v2\/product"}],"about":[{"href":"https:\/\/baldumarket.lt\/lt\/wp-json\/wp\/v2\/types\/product"}],"replies":[{"embeddable":true,"href":"https:\/\/baldumarket.lt\/lt\/wp-json\/wp\/v2\/comments?post=205571"}],"wp:featuredmedia":[{"embeddable":true,"href":"https:\/\/baldumarket.lt\/lt\/wp-json\/wp\/v2\/media\/205579"}],"wp:attachment":[{"href":"https:\/\/baldumarket.lt\/lt\/wp-json\/wp\/v2\/media?parent=205571"}],"wp:term":[{"taxonomy":"product_brand","embeddable":true,"href":"https:\/\/baldumarket.lt\/lt\/wp-json\/wp\/v2\/product_brand?post=205571"},{"taxonomy":"product_cat","embeddable":true,"href":"https:\/\/baldumarket.lt\/lt\/wp-json\/wp\/v2\/product_cat?post=205571"},{"taxonomy":"product_tag","embeddable":true,"href":"https:\/\/baldumarket.lt\/lt\/wp-json\/wp\/v2\/product_tag?post=205571"}],"curies":[{"name":"wp","href":"https:\/\/api.w.org\/{rel}","templated":true}]}}