{"id":205550,"date":"2025-12-25T20:18:22","date_gmt":"2025-12-25T17:18:22","guid":{"rendered":"https:\/\/baldumarket.lt\/?post_type=product&#038;p=205550"},"modified":"2026-03-05T10:29:48","modified_gmt":"2026-03-05T07:29:48","slug":"fotel-legato-bydgoskie-meble","status":"publish","type":"product","link":"https:\/\/baldumarket.lt\/lt\/product\/fotel-legato-bydgoskie-meble\/","title":{"rendered":"LEGATO fotelis Bydgoskie Meble"},"content":{"rendered":"<p>\u201eBydgoskie Meble\u201c \u201eLegato\u201c fotelis \u2013 puikus pasirinkimas tiems, kurie vertina tvirt\u0105 meistri\u0161kum\u0105 ir didel\u012f komfort\u0105. 106 cm plo\u010dio, 101 cm gylio ir 105 cm auk\u0161\u010dio kr\u0117slas suteikia daug erdv\u0117s tiek trumpam, tiek ilgesniam poilsiui. Kruop\u0161\u010diai apgalvota forma leid\u017eia jam puikiai tikti \u012fvairioms nam\u0173 ir biuro aplinkoms.<\/p>\n<p>S\u0117dyn\u0119 laiko vingiuota spyruokl\u0117, kuri s\u0105veikauja su didelio elastingumo put\u0173 ir poliuretano put\u0173 sluoksniu, u\u017etikrindama komfort\u0105 ir ilgalaik\u012f formos i\u0161laikym\u0105. Mink\u0161tas, kont\u016bruotas atlo\u0161as u\u017epildytas elastin\u0117mis juostomis ir silikoniniu \u012fd\u0117klu (Fiocco), kurie efektyviai padidina kasdienio naudojimo komfort\u0105. Tod\u0117l kiekvienas dizaino elementas buvo patobulintas taip, kad palaikyt\u0173 nat\u016brali\u0105 k\u016bno pad\u0117t\u012f.<\/p>\n<p>Patog\u016bs porankiai yra reik\u0161mingas privalumas, leid\u017eiantis laisvai i\u0161d\u0117styti porankius ir papildomai apkraunant stubur\u0105. Visa konstrukcija remiasi \u012f juodo metalo arba j\u016bs\u0173 pasirinkto atspalvio medines kojeles, tod\u0117l fotelis atrodo vizualiai lengvas ir lengviau palaikyti tvark\u0105 po k\u0117de esan\u010dioje erdv\u0117je. \u0160is sprendimas taip pat leid\u017eia lengviau jud\u0117ti, kai reikia. Gamintojas si\u016blo plat\u0173 audini\u0173 ir od\u0173 pasirinkim\u0105, tod\u0117l galite pritaikyti k\u0117d\u0117s i\u0161vaizd\u0105 pagal savo pageidavimus. Medini\u0173 koj\u0173 spalv\u0173 variantai: venge, sendinta vy\u0161nia, nat\u016bralus bukas, nat\u016bralus \u0105\u017euolas, rie\u0161utmedis, sidabrin\u0117 ir juoda, tod\u0117l detales lengva priderinti prie j\u016bs\u0173 interjero dizaino. \u0160i pasirinkimo \u012fvairov\u0117 paver\u010dia \u201eLegato\u201c fotel\u012f darniu elementu net ir reikliausiuose projektuose.<\/p>\n<p>Kiekviena detal\u0117 \u2013 nuo kruop\u0161\u010diai atrinkt\u0173 med\u017eiag\u0173 iki tvirt\u0173 jung\u010di\u0173 \u2013 pabr\u0117\u017eia \u201eBydgoskie Meble\u201c \u012fsipareigojim\u0105 kokybi\u0161kam meistri\u0161kumui. \u201eLegato\u201c fotelis derina patvarum\u0105 ir kasdien\u012f komfort\u0105, tod\u0117l tai ilgalaik\u0117 investicija \u012f nam\u0173 jaukum\u0105. Subalansuotos proporcijos ir pritaikymo galimyb\u0117s pateisins tiek modernaus dizaino, tiek klasikinio interjero m\u0117g\u0117j\u0173 l\u016bkes\u010dius.<\/p>","protected":false},"excerpt":{"rendered":"<p>\u201eBydgoskie Meble\u201c \u201eLegato\u201c fotelis \u2013 puikus pasirinkimas tiems, kurie vertina tvirt\u0105 meistri\u0161kum\u0105 ir didel\u012f komfort\u0105. Jo 106 cm plo\u010dio, 101 cm gylio ir 105 cm auk\u0161\u010dio dizainas suteikia daug erdv\u0117s tiek trumpam, tiek ilgesniam poilsiui. Kruop\u0161\u010diai suprojektuota forma puikiai tinka \u012fvairiems namams ir [\u2026]<\/p>","protected":false},"featured_media":205554,"comment_status":"open","ping_status":"closed","template":"","meta":[],"product_brand":[],"product_cat":[9715,634,6033],"product_tag":[],"class_list":{"0":"post-205550","1":"product","2":"type-product","3":"status-publish","4":"has-post-thumbnail","6":"product_cat-upholstered-furniture-legato-bydgoskie","7":"product_cat-armchairs","8":"product_cat-bydgoskie-meble","10":"first","11":"instock","12":"shipping-taxable","13":"product-type-grouped"},"_links":{"self":[{"href":"https:\/\/baldumarket.lt\/lt\/wp-json\/wp\/v2\/product\/205550","targetHints":{"allow":["GET"]}}],"collection":[{"href":"https:\/\/baldumarket.lt\/lt\/wp-json\/wp\/v2\/product"}],"about":[{"href":"https:\/\/baldumarket.lt\/lt\/wp-json\/wp\/v2\/types\/product"}],"replies":[{"embeddable":true,"href":"https:\/\/baldumarket.lt\/lt\/wp-json\/wp\/v2\/comments?post=205550"}],"wp:featuredmedia":[{"embeddable":true,"href":"https:\/\/baldumarket.lt\/lt\/wp-json\/wp\/v2\/media\/205554"}],"wp:attachment":[{"href":"https:\/\/baldumarket.lt\/lt\/wp-json\/wp\/v2\/media?parent=205550"}],"wp:term":[{"taxonomy":"product_brand","embeddable":true,"href":"https:\/\/baldumarket.lt\/lt\/wp-json\/wp\/v2\/product_brand?post=205550"},{"taxonomy":"product_cat","embeddable":true,"href":"https:\/\/baldumarket.lt\/lt\/wp-json\/wp\/v2\/product_cat?post=205550"},{"taxonomy":"product_tag","embeddable":true,"href":"https:\/\/baldumarket.lt\/lt\/wp-json\/wp\/v2\/product_tag?post=205550"}],"curies":[{"name":"wp","href":"https:\/\/api.w.org\/{rel}","templated":true}]}}