{"id":205521,"date":"2025-12-25T20:16:47","date_gmt":"2025-12-25T17:16:47","guid":{"rendered":"https:\/\/baldumarket.lt\/?post_type=product&#038;p=205521"},"modified":"2026-03-05T10:29:48","modified_gmt":"2026-03-05T07:29:48","slug":"naroznik-legato-3f-te-15-mp-15rf-bydgoskie-meble","status":"publish","type":"product","link":"https:\/\/baldumarket.lt\/lt\/product\/naroznik-legato-3f-te-15-mp-15rf-bydgoskie-meble\/","title":{"rendered":"LEGATO 3F-TE-1.5-MP-1.5RF kampin\u0117 sofa Bydgoskie Meble"},"content":{"rendered":"<p>\u201eBydgoskie Meble\u201c kampin\u0117 sofa \u201eLegato 3F(L\/P)-TE-1.5-MP-1.5RF L\/P (sedalift+RF)\u201c \u2013 puikus pasirinkimas tiems, kurie vertina auk\u0161t\u0105 meistri\u0161kumo kokyb\u0119 ir kasdien\u012f komfort\u0105. L formos modelis tiekiamas de\u0161in\u0117s arba kair\u0117s pus\u0117s versijomis, tod\u0117l galite j\u012f pritaikyti prie savo kambario i\u0161planavimo. 297 cm plo\u010dio, 312 cm gylio ir 105 cm auk\u0161\u010dio sofa suteikia daug erdv\u0117s poilsiui, o 48 cm s\u0117dyn\u0117s auk\u0161tis u\u017etikrina patog\u0173 stov\u0117jim\u0105.<\/p>\n<p>Kampin\u0117s sofos s\u0117dyn\u0117 pagaminta i\u0161 vingiuot\u0173 spyruokli\u0173, derinam\u0173 su didelio elastingumo putomis ir poliuretano putomis, kurios u\u017etikrina tvirt\u0105 ir patvari\u0105 atram\u0105. Atlo\u0161as sukonstruotas su elastiniais dir\u017eeliais ir \u201eFiocco\u201c silikoniniu u\u017epildu, tod\u0117l i\u0161lieka mink\u0161tas net ir po ilgo naudojimo. Dizain\u0105 papildo tvirti porankiai, suteikiantys papildomo komforto. \u201eLegato\u201c modelis turi elektrin\u0119 atsipalaidavimo funkcij\u0105, leid\u017eian\u010di\u0105 skland\u017eiai reguliuoti s\u0117dyn\u0117s ir atlo\u0161o pad\u0117t\u012f pagal individualius poreikius. Papildomas patogumas \u2013 baras su i\u0161traukiama vir\u0161utine lentyna ir USB prievadu, puikiai tinkan\u010diu atsipalaiduoti vakare su knyga, g\u0117rimu ar mobiliaisiais \u012frenginiais. Prireikus kampin\u0117 sofa taip pat gali b\u016bti naudojama kaip lova \u2013 miegojimo plotas yra 143 x 185 cm, tod\u0117l galima patogiai pernakvoti.<\/p>\n<p>Sofos dizainas leid\u017eia rinktis apdail\u0105 pagal j\u016bs\u0173 pageidavimus. Galimas platus audini\u0173 ir od\u0173 pasirinkimas, taip pat \u012fvair\u016bs koj\u0173 variantai: juodo metalo arba med\u017eio, venge, sendintos vy\u0161nios, nat\u016bralaus buko, nat\u016bralaus \u0105\u017euolo, rie\u0161uto, sidabro ir juodos spalvos atspalvi\u0173. Tai leid\u017eia kampinei sofai skland\u017eiai der\u0117ti prie j\u016bs\u0173 interjero spalv\u0173 gamos ir stiliaus.<\/p>\n<p>Sofos atlo\u0161as yra visi\u0161kai apmu\u0161tas, tod\u0117l j\u0105 galima pastatyti prie sienos arba svetain\u0117s centre. Tvirtas meistri\u0161kumas, itin atspari\u0173 med\u017eiag\u0173 naudojimas ir rafinuotos detal\u0117s paver\u010dia \u201eLegato 3F(L\/P)-TE-1,5-MP-1,5RF L\/P\u201c (sedalift+RF) kampin\u0119 sof\u0105 sprendimu, u\u017etikrinan\u010diu patog\u0173 poils\u012f ir ilgalaik\u012f naudojim\u0105 kasdien\u0117mis s\u0105lygomis.<\/p>","protected":false},"excerpt":{"rendered":"<p>\u201eBydgoskie Meble\u201c kampin\u0117 sofa \u201eLegato 3F(L\/P)-TE-1.5-MP-1.5RF L\/P (sedalift+RF)\u201c \u2013 puikus pasirinkimas tiems, kurie vertina auk\u0161t\u0105 meistri\u0161kumo kokyb\u0119 ir kasdien\u012f komfort\u0105. L formos modelis tiekiamas de\u0161inin\u0117s arba kair\u0117s pus\u0117s versijomis, tod\u0117l galite j\u012f pritaikyti prie savo kambario i\u0161planavimo. Sofos plotis \u2013 297 cm, gylis \u2013 312 cm, o auk\u0161tis \u2013 105 cm.<\/p>","protected":false},"featured_media":205527,"comment_status":"open","ping_status":"closed","template":"","meta":[],"product_brand":[],"product_cat":[9715,6033,616,1983],"product_tag":[],"class_list":{"0":"post-205521","1":"product","2":"type-product","3":"status-publish","4":"has-post-thumbnail","6":"product_cat-upholstered-furniture-legato-bydgoskie","7":"product_cat-bydgoskie-meble","8":"product_cat-corners","9":"product_cat-corners-l","11":"first","12":"instock","13":"shipping-taxable","14":"product-type-grouped"},"_links":{"self":[{"href":"https:\/\/baldumarket.lt\/lt\/wp-json\/wp\/v2\/product\/205521","targetHints":{"allow":["GET"]}}],"collection":[{"href":"https:\/\/baldumarket.lt\/lt\/wp-json\/wp\/v2\/product"}],"about":[{"href":"https:\/\/baldumarket.lt\/lt\/wp-json\/wp\/v2\/types\/product"}],"replies":[{"embeddable":true,"href":"https:\/\/baldumarket.lt\/lt\/wp-json\/wp\/v2\/comments?post=205521"}],"wp:featuredmedia":[{"embeddable":true,"href":"https:\/\/baldumarket.lt\/lt\/wp-json\/wp\/v2\/media\/205527"}],"wp:attachment":[{"href":"https:\/\/baldumarket.lt\/lt\/wp-json\/wp\/v2\/media?parent=205521"}],"wp:term":[{"taxonomy":"product_brand","embeddable":true,"href":"https:\/\/baldumarket.lt\/lt\/wp-json\/wp\/v2\/product_brand?post=205521"},{"taxonomy":"product_cat","embeddable":true,"href":"https:\/\/baldumarket.lt\/lt\/wp-json\/wp\/v2\/product_cat?post=205521"},{"taxonomy":"product_tag","embeddable":true,"href":"https:\/\/baldumarket.lt\/lt\/wp-json\/wp\/v2\/product_tag?post=205521"}],"curies":[{"name":"wp","href":"https:\/\/api.w.org\/{rel}","templated":true}]}}