{"id":205494,"date":"2025-12-25T20:15:13","date_gmt":"2025-12-25T17:15:13","guid":{"rendered":"https:\/\/baldumarket.lt\/?post_type=product&#038;p=205494"},"modified":"2026-03-05T10:29:48","modified_gmt":"2026-03-05T07:29:48","slug":"sofa-legato-3f-bydgoskie-meble","status":"publish","type":"product","link":"https:\/\/baldumarket.lt\/lt\/product\/sofa-legato-3f-bydgoskie-meble\/","title":{"rendered":"LEGATO 3F sofa Bydgoskie Meble"},"content":{"rendered":"<p>\u201eBydgoskie Meble\u201c 3F \u201eLegato\u201c sofa puikiai tinka ie\u0161kantiems tvirto svetain\u0117s sprendimo, kuris kartu u\u017etikrint\u0173 ir auk\u0161to lygio atsipalaidavim\u0105. 213 cm plo\u010dio, 101 cm gylio ir 105 cm auk\u0161\u010dio sofa suteikia pakankamai vietos trims \u017emon\u0117ms. 48 cm s\u0117dyn\u0117s auk\u0161tis leid\u017eia lengvai atsikelti, o 143 x 185 cm i\u0161traukiamas miegojimo pavir\u0161ius puikiai tinka papildomoms lovoms sve\u010diams.<\/p>\n<p>S\u0117dyn\u0117s vidus pagamintas i\u0161 banguotos spyruokl\u0117s, sujungtos su didelio elastingumo putomis ir poliuretano putomis, u\u017etikrinan\u010diomis ilgalaik\u012f patvarum\u0105 ir s\u0117d\u0117jimo komfort\u0105. Atlo\u0161as pagamintas i\u0161 elasting\u0173 dir\u017eeli\u0173 ir silikoninio \u012fd\u0117klo (\u201eFiocco\u201c), kuris u\u017etikrina puik\u0173 nugaros atram\u0105 ir i\u0161lieka mink\u0161tas. Naudotos med\u017eiagos u\u017etikrina, kad jis i\u0161likt\u0173 savo formos net ir po intensyvaus naudojimo.<\/p>\n<p>\u201e3F Legato\u201c modelis pasi\u017eymi kruop\u0161\u010diai apdirbta nugar\u0117le, tod\u0117l j\u012f galima pastatyti bet kurioje kambario vietoje, ne tik prie sienos. Auk\u0161tos kojel\u0117s, juodo metalo arba med\u017eio, toki\u0173 spalv\u0173 kaip venge, sendinta vy\u0161nia, nat\u016bralus bukas, nat\u016bralus \u0105\u017euolas, rie\u0161utmedis, sidabrin\u0117 ir juoda, suteikia konstrukcijai lengvumo poj\u016bt\u012f ir palengvina valym\u0105 po apa\u010dia.<\/p>\n<p>Pirk\u0117jai gali rinktis audinio arba odos apmu\u0161alus i\u0161 plataus spalv\u0173 gamos. Tai leid\u017eia sof\u0105 lengvai pritaikyti \u012fvairiems interjerams \u2013 nuo modernaus iki klasikinio. \u012evairios med\u017eiag\u0173 ir od\u0173 tekst\u016bros leid\u017eia sukurti suasmenint\u0105 i\u0161vaizd\u0105, pritaikyt\u0105 j\u016bs\u0173 estetiniams pageidavimams.<\/p>\n<p>Dizain\u0105 papildo mink\u0161ti porankiai ir erdvi s\u0117dyn\u0117, kvie\u010dianti atsipalaiduoti po ilgos dienos. Triviet\u0117 sofa \u201e3F Legato\u201c sujungia patvarum\u0105 ir kasdien\u012f komfort\u0105, si\u016blydama ne tik viet\u0105 atsis\u0117sti, bet ir viso dyd\u017eio miegojimo zon\u0105, kai reikia.<\/p>","protected":false},"excerpt":{"rendered":"<p>\u201eBydgoskie Meble\u201c 3F \u201eLegato\u201c sofa puikiai tinka ie\u0161kantiems tvirto svetain\u0117s sprendimo, kuris kartu u\u017etikrint\u0173 ir auk\u0161to lygio atsipalaidavim\u0105. 213 cm plo\u010dio, 101 cm gylio ir 105 cm auk\u0161\u010dio sofa suteikia pakankamai vietos trims \u017emon\u0117ms. 48 cm s\u0117dyn\u0117s auk\u0161tis leid\u017eia lengvai atsistoti, o [\u2026]<\/p>","protected":false},"featured_media":205504,"comment_status":"open","ping_status":"closed","template":"","meta":[],"product_brand":[],"product_cat":[9715,6033,560],"product_tag":[],"class_list":{"0":"post-205494","1":"product","2":"type-product","3":"status-publish","4":"has-post-thumbnail","6":"product_cat-upholstered-furniture-legato-bydgoskie","7":"product_cat-bydgoskie-meble","8":"product_cat-sofas-and-couches","10":"first","11":"instock","12":"shipping-taxable","13":"product-type-grouped"},"_links":{"self":[{"href":"https:\/\/baldumarket.lt\/lt\/wp-json\/wp\/v2\/product\/205494","targetHints":{"allow":["GET"]}}],"collection":[{"href":"https:\/\/baldumarket.lt\/lt\/wp-json\/wp\/v2\/product"}],"about":[{"href":"https:\/\/baldumarket.lt\/lt\/wp-json\/wp\/v2\/types\/product"}],"replies":[{"embeddable":true,"href":"https:\/\/baldumarket.lt\/lt\/wp-json\/wp\/v2\/comments?post=205494"}],"wp:featuredmedia":[{"embeddable":true,"href":"https:\/\/baldumarket.lt\/lt\/wp-json\/wp\/v2\/media\/205504"}],"wp:attachment":[{"href":"https:\/\/baldumarket.lt\/lt\/wp-json\/wp\/v2\/media?parent=205494"}],"wp:term":[{"taxonomy":"product_brand","embeddable":true,"href":"https:\/\/baldumarket.lt\/lt\/wp-json\/wp\/v2\/product_brand?post=205494"},{"taxonomy":"product_cat","embeddable":true,"href":"https:\/\/baldumarket.lt\/lt\/wp-json\/wp\/v2\/product_cat?post=205494"},{"taxonomy":"product_tag","embeddable":true,"href":"https:\/\/baldumarket.lt\/lt\/wp-json\/wp\/v2\/product_tag?post=205494"}],"curies":[{"name":"wp","href":"https:\/\/api.w.org\/{rel}","templated":true}]}}