{"id":205424,"date":"2025-12-25T20:11:00","date_gmt":"2025-12-25T17:11:00","guid":{"rendered":"https:\/\/baldumarket.lt\/?post_type=product&#038;p=205424"},"modified":"2026-02-03T23:20:42","modified_gmt":"2026-02-03T20:20:42","slug":"pufa-legend-bydgoskie-meble-skora-l3","status":"publish","type":"product","link":"https:\/\/baldumarket.lt\/lt\/product\/pufa-legend-bydgoskie-meble-skora-l3\/","title":{"rendered":"Legend Pouf Bydgoszcz Baldai Oda L3"},"content":{"rendered":"<p>\u201eBydgoskie Meble\u201c \u201eLegend\u201c pufas \u2013 puikus pasirinkimas ie\u0161kantiems baldo, kuris suteikt\u0173 svetainei rafinuotumo ir u\u017etikrint\u0173 kasdienio poilsio komfort\u0105. Kruop\u0161\u010diai sukurtas dizainas puikiai der\u0117s tiek klasikiniame, tiek moderniame interjere. D\u0117l kruop\u0161taus meistri\u0161kumo kiekviena detal\u0117 pabr\u0117\u017eia auk\u0161t\u0105 gaminio kokyb\u0119.<\/p>\n<p>Tvirta pufo konstrukcija paremta medin\u0117mis kojel\u0117mis, kurios gali b\u016bti venge, sendintos vy\u0161nios, nat\u016bralaus buko, nat\u016bralaus \u0105\u017euolo, rie\u0161utmed\u017eio, sidabrin\u0117s ir juodos spalvos. Platus pasirinkimas leid\u017eia lengvai priderinti baldus prie grind\u0173 ar kit\u0173 bald\u0173 spalvos. Naudotos med\u017eiagos garantuoja ilgalaik\u012f stabilum\u0105.<\/p>\n<p>S\u0117dyn\u0117 u\u017epildyta banguota spyruokle, sujungta su didelio elastingumo putomis ir poliuretano putomis, kurios suteikia mink\u0161tumo ir tinkamos atramos. D\u0117l kruop\u0161\u010diai suplanuoto dizaino pufas tinka tiek kaip papildoma s\u0117d\u0117jimo vieta, tiek kaip pakoja. Komfortas i\u0161lieka pastovus net ir intensyviai naudojant kasdien. Pagrindinis \u0161io modelio privalumas \u2013 galimyb\u0117 rinktis i\u0161 plataus audini\u0173 ir od\u0173 asortimento, tod\u0117l j\u012f lengva harmoningai derinti su sofa ar foteliu. Spalv\u0173 ir tekst\u016br\u0173 \u012fvairov\u0117 leid\u017eia sukurti darni\u0105 visum\u0105 su j\u016bs\u0173 interjero dizainu, nepriklausomai nuo dominuojan\u010dios spalv\u0173 palet\u0117s. \u0160is sprendimas puikiai tinka tiems, kurie vertina individual\u0173 po\u017ei\u016br\u012f \u012f interjero dizain\u0105.<\/p>\n<p>Pufo matmenys kruop\u0161\u010diai pritaikyti prie naudotoj\u0173 poreiki\u0173: plotis \u2013 71 cm, auk\u0161tis \u2013 45 cm, o gylis \u2013 50 cm. D\u0117l \u0161i\u0173 proporcij\u0173 jis yra universalus baldas, lengvai tinkantis \u012fvairiems interjerams \u2013 nuo erdvi\u0173 svetaini\u0173 iki ma\u017eesni\u0173 darbo erdvi\u0173. \u201eLegend\u201c \u2013 tai pasirinkimas, kuriame dera kruop\u0161tus meistri\u0161kumas ir kasdienio naudojimo patogumas.<\/p>","protected":false},"excerpt":{"rendered":"<p>Dydis (cm):<br \/>\nPlotis: 71<br \/>\nGylis: 50<br \/>\n\u016agis: 45<\/p>","protected":false},"featured_media":205432,"comment_status":"open","ping_status":"closed","template":"","meta":[],"product_brand":[],"product_cat":[9133],"product_tag":[],"class_list":{"0":"post-205424","1":"product","2":"type-product","3":"status-publish","4":"has-post-thumbnail","6":"product_cat-grouped","8":"first","9":"instock","10":"shipping-taxable","11":"purchasable","12":"product-type-variable","13":"wvs-archive-product-wrapper"},"_links":{"self":[{"href":"https:\/\/baldumarket.lt\/lt\/wp-json\/wp\/v2\/product\/205424","targetHints":{"allow":["GET"]}}],"collection":[{"href":"https:\/\/baldumarket.lt\/lt\/wp-json\/wp\/v2\/product"}],"about":[{"href":"https:\/\/baldumarket.lt\/lt\/wp-json\/wp\/v2\/types\/product"}],"replies":[{"embeddable":true,"href":"https:\/\/baldumarket.lt\/lt\/wp-json\/wp\/v2\/comments?post=205424"}],"wp:featuredmedia":[{"embeddable":true,"href":"https:\/\/baldumarket.lt\/lt\/wp-json\/wp\/v2\/media\/205432"}],"wp:attachment":[{"href":"https:\/\/baldumarket.lt\/lt\/wp-json\/wp\/v2\/media?parent=205424"}],"wp:term":[{"taxonomy":"product_brand","embeddable":true,"href":"https:\/\/baldumarket.lt\/lt\/wp-json\/wp\/v2\/product_brand?post=205424"},{"taxonomy":"product_cat","embeddable":true,"href":"https:\/\/baldumarket.lt\/lt\/wp-json\/wp\/v2\/product_cat?post=205424"},{"taxonomy":"product_tag","embeddable":true,"href":"https:\/\/baldumarket.lt\/lt\/wp-json\/wp\/v2\/product_tag?post=205424"}],"curies":[{"name":"wp","href":"https:\/\/api.w.org\/{rel}","templated":true}]}}