{"id":205398,"date":"2025-12-25T20:08:58","date_gmt":"2025-12-25T17:08:58","guid":{"rendered":"https:\/\/baldumarket.lt\/?post_type=product&#038;p=205398"},"modified":"2026-02-03T23:20:44","modified_gmt":"2026-02-03T20:20:44","slug":"naroznik-legend-269x199cm-bydgoskie-meble-gr5","status":"publish","type":"product","link":"https:\/\/baldumarket.lt\/lt\/product\/naroznik-legend-269x199cm-bydgoskie-meble-gr5\/","title":{"rendered":"Legend kampin\u0117 sofa 269x199cm Bydgoskie Meble Gr5"},"content":{"rendered":"<p>\u201eBydgoskie Meble\u201c \u201eLegend\u201c kampin\u0117 sofa \u2013 tai klasikinis svetain\u0117s baldas, sukurtas kruop\u0161\u010diai apgalvojant detales. Tvirta konstrukcija ir kruop\u0161\u010diai atrinktos med\u017eiagos suteikia jai nesenstant\u012f charakter\u012f. 269 cm plo\u010dio, 199 cm gylio ir reguliuojamo auk\u0161\u010dio (nuo 89 iki 109 cm) sofa puikiai u\u017epildys j\u016bs\u0173 svetain\u0119 ir suteiks patogi\u0105 viet\u0105 atsipalaiduoti.<\/p>\n<p>\u0160is modelis turi reguliuojamas galvos atramas, kurios leid\u017eia pritaikyti atramos auk\u0161t\u012f pagal individualius poreikius. Dygsniuotas atlo\u0161as ne tik suteikia unikali\u0105 i\u0161vaizd\u0105, bet ir padidina s\u0117d\u0117jimo komfort\u0105. Sofos atlo\u0161as yra visi\u0161kai apmu\u0161tas, tod\u0117l j\u0105 galima pastatyti kambario centre.<\/p>\n<p>Pateiktoje konfig\u016bracijoje: 1 segmentas SK (K\/D) \u2013 E \u2013 2,5P (K\/D), kampin\u0117 sofa turi miegojimo funkcij\u0105, kurios pavir\u0161iaus plotas yra 120 x 193 cm. Papildomas privalumas \u2013 stal\u010diaus formos daiktad\u0117\u017e\u0117, idealiai tinkanti patalynei ar kitiems aksesuarams laikyti. Galimyb\u0117 pasirinkti pus\u0119 (K\/D) padidina interjero dizaino lankstum\u0105. S\u0117dyn\u0117 pagaminta i\u0161 vingiuot\u0173 spyruokli\u0173, didelio elastingumo putplas\u010dio ir poliuretano putplas\u010dio sluoksnio, u\u017etikrinan\u010dio ilgalaik\u012f komfort\u0105. Atlo\u0161as pagamintas i\u0161 elasting\u0173 dir\u017eeli\u0173, poliuretano putplas\u010dio ir silikoninio \u012fd\u0117klo, u\u017etikrinan\u010dio tinkam\u0105 nugaros atram\u0105. Visas baldas remiasi \u012f medines kojeles, kurios suteikia baldui stabilumo ir lengvumo, erdvumo.<\/p>\n<p>Gamintojas si\u016blo plat\u0173 audini\u0173 ir od\u0173 pasirinkim\u0105, taip pat \u012fvairias koj\u0173 spalvas: venge, sendinta vy\u0161nia, nat\u016bralus bukas, nat\u016bralus \u0105\u017euolas, rie\u0161utmedis, sidabrin\u0117 ir juoda. S\u0117dyn\u0117s auk\u0161tis yra 46 cm, tod\u0117l lengviau atsistoti ir atsis\u0117sti. LEGEND kampin\u0117 sofa sujungia auk\u0161tos kokyb\u0117s meistri\u0161kum\u0105 su nesenstan\u010diu charakteriu, pabr\u0117\u017edama bet kokio interjero presti\u017e\u0105.<\/p>","protected":false},"excerpt":{"rendered":"<p>Dydis (cm):<br \/>\nPlotis: 269<br \/>\nGylis: 199<br \/>\n\u016agis: 109<br \/>\nS\u0117dyn\u0117s auk\u0161tis: 46<\/p>","protected":false},"featured_media":205412,"comment_status":"open","ping_status":"closed","template":"","meta":[],"product_brand":[],"product_cat":[9133],"product_tag":[],"class_list":{"0":"post-205398","1":"product","2":"type-product","3":"status-publish","4":"has-post-thumbnail","6":"product_cat-grouped","8":"first","9":"instock","10":"shipping-taxable","11":"purchasable","12":"product-type-variable","13":"wvs-archive-product-wrapper"},"_links":{"self":[{"href":"https:\/\/baldumarket.lt\/lt\/wp-json\/wp\/v2\/product\/205398","targetHints":{"allow":["GET"]}}],"collection":[{"href":"https:\/\/baldumarket.lt\/lt\/wp-json\/wp\/v2\/product"}],"about":[{"href":"https:\/\/baldumarket.lt\/lt\/wp-json\/wp\/v2\/types\/product"}],"replies":[{"embeddable":true,"href":"https:\/\/baldumarket.lt\/lt\/wp-json\/wp\/v2\/comments?post=205398"}],"wp:featuredmedia":[{"embeddable":true,"href":"https:\/\/baldumarket.lt\/lt\/wp-json\/wp\/v2\/media\/205412"}],"wp:attachment":[{"href":"https:\/\/baldumarket.lt\/lt\/wp-json\/wp\/v2\/media?parent=205398"}],"wp:term":[{"taxonomy":"product_brand","embeddable":true,"href":"https:\/\/baldumarket.lt\/lt\/wp-json\/wp\/v2\/product_brand?post=205398"},{"taxonomy":"product_cat","embeddable":true,"href":"https:\/\/baldumarket.lt\/lt\/wp-json\/wp\/v2\/product_cat?post=205398"},{"taxonomy":"product_tag","embeddable":true,"href":"https:\/\/baldumarket.lt\/lt\/wp-json\/wp\/v2\/product_tag?post=205398"}],"curies":[{"name":"wp","href":"https:\/\/api.w.org\/{rel}","templated":true}]}}