{"id":205384,"date":"2025-12-25T20:08:18","date_gmt":"2025-12-25T17:08:18","guid":{"rendered":"https:\/\/baldumarket.lt\/?post_type=product&#038;p=205384"},"modified":"2026-03-05T10:29:27","modified_gmt":"2026-03-05T07:29:27","slug":"sofa-legend-25f-bydgoskie-meble","status":"publish","type":"product","link":"https:\/\/baldumarket.lt\/lt\/product\/sofa-legend-25f-bydgoskie-meble\/","title":{"rendered":"LEGEND sofa 2.5F Bydgoskie Meble"},"content":{"rendered":"<p>\u201eBydgoskie Meble\u201c \u201eLegend\u201c 2,5 vietos sofa su miegojimo funkcija \u2013 tai dizainas, kuris sustiprins svetain\u0117s ar sve\u010di\u0173 kambario charakter\u012f. Kruop\u0161\u010diai sukurta forma ir rafinuotos detal\u0117s daro j\u0105 harmoningu tiek klasikin\u0117s, tiek modernios erdv\u0117s papildymu. Auk\u0161tos kokyb\u0117s gamyba u\u017etikrina ilgalaik\u012f naudojim\u0105 nepakenkiant estetikai.<\/p>\n<p>\u0160is modelis turi reguliuojamas galvos atramas, kurios leid\u017eia pritaikyti atlo\u0161o kamp\u0105 pagal individualius poreikius. Tai leid\u017eia patogiai atsipalaiduoti tiek s\u0117dint, tiek gulint. Apmu\u0161tas atlo\u0161as leid\u017eia sof\u0105 pastatyti bet kur, ne tik prie sienos.<\/p>\n<p>S\u0117dyn\u0117s konstrukcija paremta banguota spyruokle, didelio elastingumo putomis ir poliuretano putomis, u\u017etikrinan\u010diomis tinkam\u0105 atram\u0105 ir komfort\u0105. Atlo\u0161as u\u017epildytas elastiniais dir\u017eeliais, poliuretano putomis ir silikoniniu \u012fd\u0117klu, kurie dar labiau padidina komfort\u0105 kasdienio poilsio metu. Medin\u0117s kojel\u0117s, kurias galima \u012fsigyti venge, sendinto vy\u0161nios, nat\u016bralaus buko, nat\u016bralaus \u0105\u017euolo, rie\u0161utmed\u017eio, sidabro ir juodos spalv\u0173, suteikia stabilumo. Reik\u0161mingas privalumas yra miegojimo funkcija, kurios pavir\u0161iaus plotas yra 198 x 130 cm, tod\u0117l sof\u0105 lengvai paver\u010dia patogia nakties poilsio vieta. Toks dydis leid\u017eia patogiai miegoti dviem \u017emon\u0117ms. Sofa skland\u017eiai i\u0161siskleid\u017eia, tod\u0117l galima greitai paruo\u0161ti viet\u0105 sve\u010diams.<\/p>\n<p>Sofos matmenys pritaikyti kasdieniams poreikiams: plotis 188 cm, auk\u0161tis 89\u2013103 cm, gylis 102 cm, o s\u0117dyn\u0117s auk\u0161tis 46 cm. Platus audini\u0173 ir od\u0173 pasirinkimas leid\u017eia pritaikyti sofos i\u0161vaizd\u0105 pagal individualius pageidavimus. \u201eLegend\u201c \u2013 tai baldas, u\u017etikrinantis komfort\u0105 ir demonstruojantis auk\u0161tus meistri\u0161kumo standartus.<\/p>","protected":false},"excerpt":{"rendered":"<p>\u201eBydgoskie Meble\u201c \u201eLegend\u201c 2,5 vietos sofa su miegojimo funkcija \u2013 tai dizainas, kuris sustiprins svetain\u0117s ar sve\u010di\u0173 kambario charakter\u012f. Kruop\u0161\u010diai sukurta forma ir rafinuotos detal\u0117s daro j\u0105 harmoningu tiek klasikin\u0117s, tiek modernios erdv\u0117s papildymu. Auk\u0161tos kokyb\u0117s gamyba u\u017etikrina ilgalaik\u012f naudojim\u0105 nepakenkiant estetikai. \u0160is modelis pasi\u017eymi [\u2026]<\/p>","protected":false},"featured_media":205390,"comment_status":"open","ping_status":"closed","template":"","meta":[],"product_brand":[],"product_cat":[9716,6033,560],"product_tag":[],"class_list":{"0":"post-205384","1":"product","2":"type-product","3":"status-publish","4":"has-post-thumbnail","6":"product_cat-upholstered-furniture-legend-bydgoskie","7":"product_cat-bydgoskie-meble","8":"product_cat-sofas-and-couches","10":"first","11":"instock","12":"shipping-taxable","13":"product-type-grouped"},"_links":{"self":[{"href":"https:\/\/baldumarket.lt\/lt\/wp-json\/wp\/v2\/product\/205384","targetHints":{"allow":["GET"]}}],"collection":[{"href":"https:\/\/baldumarket.lt\/lt\/wp-json\/wp\/v2\/product"}],"about":[{"href":"https:\/\/baldumarket.lt\/lt\/wp-json\/wp\/v2\/types\/product"}],"replies":[{"embeddable":true,"href":"https:\/\/baldumarket.lt\/lt\/wp-json\/wp\/v2\/comments?post=205384"}],"wp:featuredmedia":[{"embeddable":true,"href":"https:\/\/baldumarket.lt\/lt\/wp-json\/wp\/v2\/media\/205390"}],"wp:attachment":[{"href":"https:\/\/baldumarket.lt\/lt\/wp-json\/wp\/v2\/media?parent=205384"}],"wp:term":[{"taxonomy":"product_brand","embeddable":true,"href":"https:\/\/baldumarket.lt\/lt\/wp-json\/wp\/v2\/product_brand?post=205384"},{"taxonomy":"product_cat","embeddable":true,"href":"https:\/\/baldumarket.lt\/lt\/wp-json\/wp\/v2\/product_cat?post=205384"},{"taxonomy":"product_tag","embeddable":true,"href":"https:\/\/baldumarket.lt\/lt\/wp-json\/wp\/v2\/product_tag?post=205384"}],"curies":[{"name":"wp","href":"https:\/\/api.w.org\/{rel}","templated":true}]}}