{"id":205275,"date":"2025-12-25T20:01:20","date_gmt":"2025-12-25T17:01:20","guid":{"rendered":"https:\/\/baldumarket.lt\/?post_type=product&#038;p=205275"},"modified":"2026-03-05T10:29:27","modified_gmt":"2026-03-05T07:29:27","slug":"fotel-salmo-rfman-bydgoskie-meble","status":"publish","type":"product","link":"https:\/\/baldumarket.lt\/lt\/product\/fotel-salmo-rfman-bydgoskie-meble\/","title":{"rendered":"SALMO RF(vyras) Fotelis Bydgoskie Meble"},"content":{"rendered":"<p>\u201eBydgoskie Meble\u201c \u201eSalmo RF\u201c fotelis skirtas tiems, kurie vertina komfort\u0105 ir kruop\u0161t\u0173 meistri\u0161kum\u0105. D\u0117l nesenstan\u010dio dizaino jis tinka \u012fvairioms aplinkoms \u2013 nuo tradicinio iki modernaus interjero. Tvirta konstrukcija u\u017etikrina ilgalaik\u012f naudojim\u0105 ir komfort\u0105 kasdienio poilsio metu.<\/p>\n<p>Unikali \u0161io fotelio savyb\u0117 \u2013 auk\u0161tas atlo\u0161as su reguliuojamu galvos atramos kampu, kuris suteikia visi\u0161k\u0105 atram\u0105 nugarai ir galvai. Be to, \u012fmontuota rankinio atsipalaidavimo funkcija leid\u017eia atsipalaiduoti patogioje pad\u0117tyje. D\u0117l \u0161i\u0173 savybi\u0173 kiekviena akimirka, praleista ant \u0161io baldo, tampa tikra atgaiva po \u012ftemptos dienos.<\/p>\n<p>S\u0117dyn\u0117 u\u017epildyta vingiuota spyruokle ir didelio elastingumo poliuretano putomis, u\u017etikrinan\u010diomis optimal\u0173 atsparum\u0105 ir mink\u0161tum\u0105. Atlo\u0161\u0105 palaiko elastingi dir\u017eeliai ir poliuretano putos, kurios suteikia stabili\u0105 atram\u0105 k\u016bnui. Toks med\u017eiag\u0173 pasirinkimas garantuoja ilgaam\u017ei\u0161kum\u0105 ir ilgalaik\u012f formos i\u0161laikym\u0105. Bald\u0173 kojel\u0117s yra medin\u0117s, jas galima rinktis i\u0161 keli\u0173 spalv\u0173: venge, sendintos vy\u0161nios, nat\u016bralaus buko, nat\u016bralaus \u0105\u017euolo, rie\u0161uto, sidabrin\u0117s ir juodos. Apmu\u0161tas fotelio atlo\u0161as yra esteti\u0161kai patrauklus i\u0161 vis\u0173 pusi\u0173, tod\u0117l j\u012f galima pastatyti kambario centre. Be to, galimas platus audini\u0173 ir od\u0173 pasirinkimas, leid\u017eiantis pritaikyti k\u0117d\u0119 pagal individualius pageidavimus.<\/p>\n<p>Tiksl\u016bs gaminio matmenys yra plotis 109 cm, auk\u0161tis 93\u2013107 cm, gylis 103 cm ir s\u0117dyn\u0117s auk\u0161tis 49 cm. \u0160ie parametrai u\u017etikrina, kad \u201eSalmo RF\u201c fotelis si\u016blo erdv\u0119, skatinan\u010di\u0105 visapusi\u0161k\u0105 atsipalaidavim\u0105, nepriklausomai nuo naudotojo \u016bgio. \u0160is dizainas suteiks kasdienio poilsio komfort\u0105 j\u016bs\u0173 svetainei ar biurui rafinuotu stiliumi.<\/p>","protected":false},"excerpt":{"rendered":"<p>\u201eBydgoskie Meble\u201c \u201eSalmo RF\u201c fotelis skirtas tiems, kurie vertina komfort\u0105 ir kruop\u0161t\u0173 meistri\u0161kum\u0105. D\u0117l nesenstan\u010dio dizaino jis tinka \u012fvairioms aplinkoms \u2013 nuo tradicinio iki modernaus interjero. Tvirta konstrukcija u\u017etikrina ilgalaik\u012f naudojim\u0105 ir komfort\u0105 kasdienio poilsio metu. Unikali fotelio savyb\u0117 \u2013 auk\u0161tas atlo\u0161as [\u2026]<\/p>","protected":false},"featured_media":205279,"comment_status":"open","ping_status":"closed","template":"","meta":[],"product_brand":[],"product_cat":[9717,634,6033],"product_tag":[],"class_list":{"0":"post-205275","1":"product","2":"type-product","3":"status-publish","4":"has-post-thumbnail","6":"product_cat-upholstered-furniture-salmo-bydgoskie","7":"product_cat-armchairs","8":"product_cat-bydgoskie-meble","10":"first","11":"instock","12":"shipping-taxable","13":"product-type-grouped"},"_links":{"self":[{"href":"https:\/\/baldumarket.lt\/lt\/wp-json\/wp\/v2\/product\/205275","targetHints":{"allow":["GET"]}}],"collection":[{"href":"https:\/\/baldumarket.lt\/lt\/wp-json\/wp\/v2\/product"}],"about":[{"href":"https:\/\/baldumarket.lt\/lt\/wp-json\/wp\/v2\/types\/product"}],"replies":[{"embeddable":true,"href":"https:\/\/baldumarket.lt\/lt\/wp-json\/wp\/v2\/comments?post=205275"}],"wp:featuredmedia":[{"embeddable":true,"href":"https:\/\/baldumarket.lt\/lt\/wp-json\/wp\/v2\/media\/205279"}],"wp:attachment":[{"href":"https:\/\/baldumarket.lt\/lt\/wp-json\/wp\/v2\/media?parent=205275"}],"wp:term":[{"taxonomy":"product_brand","embeddable":true,"href":"https:\/\/baldumarket.lt\/lt\/wp-json\/wp\/v2\/product_brand?post=205275"},{"taxonomy":"product_cat","embeddable":true,"href":"https:\/\/baldumarket.lt\/lt\/wp-json\/wp\/v2\/product_cat?post=205275"},{"taxonomy":"product_tag","embeddable":true,"href":"https:\/\/baldumarket.lt\/lt\/wp-json\/wp\/v2\/product_tag?post=205275"}],"curies":[{"name":"wp","href":"https:\/\/api.w.org\/{rel}","templated":true}]}}