{"id":205246,"date":"2025-12-25T19:59:13","date_gmt":"2025-12-25T16:59:13","guid":{"rendered":"https:\/\/baldumarket.lt\/?post_type=product&#038;p=205246"},"modified":"2026-02-03T23:20:58","modified_gmt":"2026-02-03T20:20:58","slug":"naroznik-salmo-bydgoskie-meble-skora-l3","status":"publish","type":"product","link":"https:\/\/baldumarket.lt\/lt\/product\/naroznik-salmo-bydgoskie-meble-skora-l3\/","title":{"rendered":"Salmo kampin\u0117 sofa Bydgoskie Meble Leather L3"},"content":{"rendered":"<p>\u201eBydgoskie Meble\u201c kampin\u0117 sofa \u201eSalmo 3F-E-1HT\/BK\u201c \u2013 puikus pasirinkimas tiems, kurie vertina tvirt\u0105 meistri\u0161kum\u0105 ir patogum\u0105. Erdvus L formos dizainas, sukurtas taip, kad papildyt\u0173 tiek klasikin\u012f, tiek modern\u0173 interjer\u0105, tinka erdvioms svetain\u0117ms ir \u0161eimos poilsio kambariams.<\/p>\n<p>\u0160is modelis pasi\u017eymi auk\u0161tais atlo\u0161ais su reguliuojamais galvos atramomis, u\u017etikrinan\u010diomis patogi\u0105 nugaros ir galvos atram\u0105. Auk\u0161\u010dio reguliavimas nuo 93 iki 107 cm leid\u017eia pritaikyti sof\u0105 individualiai. Apmu\u0161tas atlo\u0161as leid\u017eia kampin\u0119 sof\u0105 pastatyti kambario centre, o ne tik prie sienos.<\/p>\n<p>D\u0117l itali\u0161ko stiliaus miegojimo funkcijos kampin\u0119 sof\u0105 galima lengvai paversti lova. I\u0161lankstomas mechanizmas paslepia 140 x 190 cm \u010diu\u017ein\u012f, u\u017etikrinant\u012f patog\u0173 nakties mieg\u0105. Po s\u0117dyne esan\u010diame skyriuje patogiai susid\u0117ti antklodes ir pagalves. S\u0117dyn\u0117 u\u017epildyta zigzago spyruokl\u0117mis, didelio elastingumo putomis ir poliuretano putomis, kurios suteikia tinkam\u0105 atram\u0105. Tuo tarpu atlo\u0161as turi elastinius dir\u017eelius ir poliuretano putas, kad b\u016bt\u0173 didesnis patvarumas ir mink\u0161tumas. Visas baldas stovi ant medini\u0173 kojeli\u0173, kurios gali b\u016bti venge, sendintos vy\u0161nios, nat\u016bralaus buko, nat\u016bralaus \u0105\u017euolo, rie\u0161utmed\u017eio, sidabrin\u0117s ir juodos spalvos.<\/p>\n<p>\u201eSalmo\u201c kampin\u0117s sofos plotis \u2013 293 cm, gylis \u2013 203 cm, o s\u0117dyn\u0117s auk\u0161tis \u2013 49 cm. Gamintojas si\u016blo plat\u0173 audini\u0173 ir od\u0173 pasirinkim\u0105, tod\u0117l baldus galite priderinti prie savo interjero. Galimyb\u0117 rinktis i\u0161 kair\u0117s arba de\u0161in\u0117s pus\u0117s (K\/D) leid\u017eia lanks\u010diai i\u0161d\u0117styti erdv\u0119 ir j\u0105 lengvai i\u0161d\u0117styti \u012fvairaus tipo kambariuose.<\/p>","protected":false},"excerpt":{"rendered":"<p>Dydis (cm):<br \/>\nPlotis: 293<br \/>\nGylis: 203<br \/>\n\u016agis: 107<br \/>\nS\u0117dyn\u0117s auk\u0161tis: 49<\/p>","protected":false},"featured_media":205254,"comment_status":"open","ping_status":"closed","template":"","meta":[],"product_brand":[],"product_cat":[9133],"product_tag":[],"class_list":{"0":"post-205246","1":"product","2":"type-product","3":"status-publish","4":"has-post-thumbnail","6":"product_cat-grouped","8":"first","9":"instock","10":"shipping-taxable","11":"purchasable","12":"product-type-variable","13":"wvs-archive-product-wrapper"},"_links":{"self":[{"href":"https:\/\/baldumarket.lt\/lt\/wp-json\/wp\/v2\/product\/205246","targetHints":{"allow":["GET"]}}],"collection":[{"href":"https:\/\/baldumarket.lt\/lt\/wp-json\/wp\/v2\/product"}],"about":[{"href":"https:\/\/baldumarket.lt\/lt\/wp-json\/wp\/v2\/types\/product"}],"replies":[{"embeddable":true,"href":"https:\/\/baldumarket.lt\/lt\/wp-json\/wp\/v2\/comments?post=205246"}],"wp:featuredmedia":[{"embeddable":true,"href":"https:\/\/baldumarket.lt\/lt\/wp-json\/wp\/v2\/media\/205254"}],"wp:attachment":[{"href":"https:\/\/baldumarket.lt\/lt\/wp-json\/wp\/v2\/media?parent=205246"}],"wp:term":[{"taxonomy":"product_brand","embeddable":true,"href":"https:\/\/baldumarket.lt\/lt\/wp-json\/wp\/v2\/product_brand?post=205246"},{"taxonomy":"product_cat","embeddable":true,"href":"https:\/\/baldumarket.lt\/lt\/wp-json\/wp\/v2\/product_cat?post=205246"},{"taxonomy":"product_tag","embeddable":true,"href":"https:\/\/baldumarket.lt\/lt\/wp-json\/wp\/v2\/product_tag?post=205246"}],"curies":[{"name":"wp","href":"https:\/\/api.w.org\/{rel}","templated":true}]}}