{"id":205205,"date":"2025-12-25T19:57:17","date_gmt":"2025-12-25T16:57:17","guid":{"rendered":"https:\/\/baldumarket.lt\/?post_type=product&#038;p=205205"},"modified":"2026-02-03T23:21:00","modified_gmt":"2026-02-03T20:21:00","slug":"sofa-salmo-3f-bydgoskie-meble-gr2","status":"publish","type":"product","link":"https:\/\/baldumarket.lt\/lt\/product\/sofa-salmo-3f-bydgoskie-meble-gr2\/","title":{"rendered":"Salmo 3F sofa Bydgoskie Meble Gr2"},"content":{"rendered":"<p>\u201eBydgoskie Meble\u201c \u201eSalmo 3F\u201c sofa skirta tiems, kurie vertina auk\u0161t\u0105 meistri\u0161kumo kokyb\u0119 ir kruop\u0161t\u0173 apdail\u0105. Jos universalus dizainas harmoningai dera tiek su klasikiniu, tiek su moderniu dekoru, suteikdamas kambariui malon\u0173, subalansuot\u0105 charakter\u012f. Ji sukurta taip, kad patenkint\u0173 kasdienius tiek \u0161eimos nari\u0173, tiek j\u0173 sve\u010di\u0173 poreikius.<\/p>\n<p>\u0160is modelis pasi\u017eymi itali\u0161ko stiliaus miegojimo funkcija su patogiu \u010diu\u017einiu, leid\u017eian\u010diu greitai ir lengvai pritaikyti sof\u0105 prie 140 x 190 cm dyd\u017eio miegojimo pavir\u0161iaus. \u0160is sprendimas per kelias akimirkas paver\u010dia sof\u0105 pilno dyd\u017eio miegojimo erdve. Tai leid\u017eia \u201eSalmo 3F\u201c naudoti ir kaip dienos, ir vakaro poilsio centr\u0105.<\/p>\n<p>Auk\u0161ti atlo\u0161ai ir reguliuojami galvos atramos u\u017etikrina patog\u0173 nugaros ir galvos atram\u0105. S\u0117dyn\u0117 u\u017epildyta zigzago spyruokl\u0117mis, didelio elastingumo putomis ir poliuretano putomis, kurios u\u017etikrina tvirtum\u0105 ir ilgaam\u017ei\u0161kum\u0105. Atlo\u0161as turi elastinius dir\u017eelius ir poliuretano putas, tod\u0117l visas baldas prisitaiko prie nat\u016brali\u0173 k\u016bno linki\u0173.<\/p>\n<p>Konstrukcij\u0105 papildo medin\u0117s kojel\u0117s, kurios gali b\u016bti \u012fvairi\u0173 spalv\u0173: venge, sendintos vy\u0161nios, nat\u016bralaus buko, nat\u016bralaus \u0105\u017euolo, rie\u0161uto, taip pat sidabrin\u0117s ir juodos. Sofos atlo\u0161as yra visi\u0161kai apmu\u0161tas, tod\u0117l j\u0105 galima pastatyti net svetain\u0117s centre nepakenkiant estetiniam patrauklumui. \u0160is sprendimas leid\u017eia lanks\u010diai i\u0161d\u0117styti sof\u0105, nepriklausomai nuo kambario dyd\u017eio.<\/p>\n<p>Sofos plotis yra 214 cm, auk\u0161tis \u2013 nuo 93 iki 107 cm, gylis \u2013 103 cm, o s\u0117dyn\u0117s auk\u0161tis \u2013 49 cm. Triviet\u0117 sofa suteikia daug erdv\u0117s poilsiui kartu. Papildomas privalumas \u2013 platus audini\u0173 ir od\u0173 pasirinkimas, leid\u017eiantis pritaikyti \u201eSalmo 3F\u201c sof\u0105 pagal individualius pageidavimus ir interjero charakter\u012f.<\/p>","protected":false},"excerpt":{"rendered":"<p>Dydis (cm):<br \/>\nPlotis: 214<br \/>\nGylis: 103<br \/>\n\u016agis: 107<br \/>\nS\u0117dyn\u0117s auk\u0161tis: 49<\/p>","protected":false},"featured_media":205234,"comment_status":"open","ping_status":"closed","template":"","meta":[],"product_brand":[],"product_cat":[9133],"product_tag":[],"class_list":{"0":"post-205205","1":"product","2":"type-product","3":"status-publish","4":"has-post-thumbnail","6":"product_cat-grouped","8":"first","9":"instock","10":"shipping-taxable","11":"purchasable","12":"product-type-variable","13":"wvs-archive-product-wrapper"},"_links":{"self":[{"href":"https:\/\/baldumarket.lt\/lt\/wp-json\/wp\/v2\/product\/205205","targetHints":{"allow":["GET"]}}],"collection":[{"href":"https:\/\/baldumarket.lt\/lt\/wp-json\/wp\/v2\/product"}],"about":[{"href":"https:\/\/baldumarket.lt\/lt\/wp-json\/wp\/v2\/types\/product"}],"replies":[{"embeddable":true,"href":"https:\/\/baldumarket.lt\/lt\/wp-json\/wp\/v2\/comments?post=205205"}],"wp:featuredmedia":[{"embeddable":true,"href":"https:\/\/baldumarket.lt\/lt\/wp-json\/wp\/v2\/media\/205234"}],"wp:attachment":[{"href":"https:\/\/baldumarket.lt\/lt\/wp-json\/wp\/v2\/media?parent=205205"}],"wp:term":[{"taxonomy":"product_brand","embeddable":true,"href":"https:\/\/baldumarket.lt\/lt\/wp-json\/wp\/v2\/product_brand?post=205205"},{"taxonomy":"product_cat","embeddable":true,"href":"https:\/\/baldumarket.lt\/lt\/wp-json\/wp\/v2\/product_cat?post=205205"},{"taxonomy":"product_tag","embeddable":true,"href":"https:\/\/baldumarket.lt\/lt\/wp-json\/wp\/v2\/product_tag?post=205205"}],"curies":[{"name":"wp","href":"https:\/\/api.w.org\/{rel}","templated":true}]}}