{"id":205194,"date":"2025-12-25T19:56:10","date_gmt":"2025-12-25T16:56:10","guid":{"rendered":"https:\/\/baldumarket.lt\/?post_type=product&#038;p=205194"},"modified":"2026-02-03T23:21:01","modified_gmt":"2026-02-03T20:21:01","slug":"sofa-salmo-3rf-elektryczna-bydgoskie-meble-skora-l1","status":"publish","type":"product","link":"https:\/\/baldumarket.lt\/lt\/product\/sofa-salmo-3rf-elektryczna-bydgoskie-meble-skora-l1\/","title":{"rendered":"Salmo 3RF elektrin\u0117 sofa Bydgoskie Meble Leather L1"},"content":{"rendered":"<p>\u201eBydgoskie Meble\u201c \u201eSalmo 3RF\u201c (ele) sofa \u2013 puikus pasirinkimas tiems, kurie vertina auk\u0161t\u0105 kokyb\u0119 ir kruop\u0161t\u0173 meistri\u0161kum\u0105. Jos plotis (214 cm), auk\u0161tis (93\u2013107 cm) ir gylis (103 cm) puikiai u\u017epildo svetain\u0119, jos neapkraudamos. Auk\u0161ti atlo\u0161ai ir reguliuojamos galvos atramos suteikia visi\u0161k\u0105 nugaros ir galvos atram\u0105, padidindamos kasdienio poilsio komfort\u0105.<br \/>\n\u0160is modelis apr\u016bpintas dviem nepriklausomomis elektrin\u0117mis atsipalaidavimo funkcijomis, leid\u017eian\u010diomis skland\u017eiai reguliuoti s\u0117dyn\u0117s ir koj\u0173 atramos kamp\u0105. \u0160is sprendimas leid\u017eia atsipalaiduoti tiek trumpos pertrauk\u0117l\u0117s, tiek ilgesn\u0117s filmo per\u017ei\u016bros metu. Mechanizm\u0105 valdo diskreti\u0161kas skydelis, u\u017etikrinantis intuityv\u0173 ir skland\u0173 valdym\u0105.<br \/>\nS\u0117dyn\u0117s komfort\u0105 u\u017etikrina banguota spyruokl\u0117, didelio elastingumo putos ir poliuretano putos, u\u017etikrinan\u010dios elastingum\u0105 ir atsparum\u0105 deformacijai. Atlo\u0161as turi elastinius dir\u017eelius ir poliuretano putas, kurios suteikia mink\u0161t\u0105, bet stabili\u0105 atram\u0105. Visa konstrukcija sukuria vientis\u0105 strukt\u016br\u0105, kuri i\u0161laiko savo form\u0105 net ir esant dideliam naudojimui.<br \/>\nSofos atlo\u0161as taip pat aptrauktas apmu\u0161alu, tod\u0117l j\u0105 galima pastatyti bet kurioje kambario vietoje, ne tik prie sienos. Medin\u0117s kojel\u0117s yra keli\u0173 spalv\u0173: venge, sendinta vy\u0161nia, nat\u016bralus bukas, nat\u016bralus \u0105\u017euolas, rie\u0161utas, sidabrin\u0117 ir juoda. Tai leid\u017eia derinti pagrindo atspalv\u012f prie bendro kambario dekoro.<\/p>\n<p>Platus audini\u0173 ir od\u0173 pasirinkimas leid\u017eia lengvai susikurti individualizuot\u0105 spalv\u0173 gam\u0105. 49 cm s\u0117dyn\u0117s auk\u0161tis u\u017etikrina patog\u0173 stov\u0117jim\u0105 ir s\u0117d\u0117jim\u0105, o visas baldas harmoningai dera tiek klasikin\u0117se, tiek moderniose erdv\u0117se. \u201eSalmo 3RF\u201c (ele) sofa \u2013 tai tvirtas baldas, kuris daugel\u012f met\u0173 i\u0161laikys nepriekai\u0161ting\u0105 i\u0161vaizd\u0105 ir komfort\u0105.<\/p>","protected":false},"excerpt":{"rendered":"<p>Dydis (cm):<br \/>\nPlotis: 214<br \/>\nGylis: 103<br \/>\n\u016agis: 107<br \/>\nS\u0117dyn\u0117s auk\u0161tis: 49<\/p>","protected":false},"featured_media":205214,"comment_status":"open","ping_status":"closed","template":"","meta":[],"product_brand":[],"product_cat":[9133],"product_tag":[],"class_list":{"0":"post-205194","1":"product","2":"type-product","3":"status-publish","4":"has-post-thumbnail","6":"product_cat-grouped","8":"first","9":"instock","10":"shipping-taxable","11":"purchasable","12":"product-type-variable","13":"wvs-archive-product-wrapper"},"_links":{"self":[{"href":"https:\/\/baldumarket.lt\/lt\/wp-json\/wp\/v2\/product\/205194","targetHints":{"allow":["GET"]}}],"collection":[{"href":"https:\/\/baldumarket.lt\/lt\/wp-json\/wp\/v2\/product"}],"about":[{"href":"https:\/\/baldumarket.lt\/lt\/wp-json\/wp\/v2\/types\/product"}],"replies":[{"embeddable":true,"href":"https:\/\/baldumarket.lt\/lt\/wp-json\/wp\/v2\/comments?post=205194"}],"wp:featuredmedia":[{"embeddable":true,"href":"https:\/\/baldumarket.lt\/lt\/wp-json\/wp\/v2\/media\/205214"}],"wp:attachment":[{"href":"https:\/\/baldumarket.lt\/lt\/wp-json\/wp\/v2\/media?parent=205194"}],"wp:term":[{"taxonomy":"product_brand","embeddable":true,"href":"https:\/\/baldumarket.lt\/lt\/wp-json\/wp\/v2\/product_brand?post=205194"},{"taxonomy":"product_cat","embeddable":true,"href":"https:\/\/baldumarket.lt\/lt\/wp-json\/wp\/v2\/product_cat?post=205194"},{"taxonomy":"product_tag","embeddable":true,"href":"https:\/\/baldumarket.lt\/lt\/wp-json\/wp\/v2\/product_tag?post=205194"}],"curies":[{"name":"wp","href":"https:\/\/api.w.org\/{rel}","templated":true}]}}