{"id":205170,"date":"2025-12-25T19:54:51","date_gmt":"2025-12-25T16:54:51","guid":{"rendered":"https:\/\/baldumarket.lt\/?post_type=product&#038;p=205170"},"modified":"2026-02-03T23:21:03","modified_gmt":"2026-02-03T20:21:03","slug":"sofa-salmo-3rf-manualna-bydgoskie-meble-skora-l1","status":"publish","type":"product","link":"https:\/\/baldumarket.lt\/lt\/product\/sofa-salmo-3rf-manualna-bydgoskie-meble-skora-l1\/","title":{"rendered":"Salmo 3RF rankin\u0117 sofa Bydgoskie Meble Leather L1"},"content":{"rendered":"<p>\u201eBydgoskie Meble\u201c \u201eSalmo 3RF\u201c (vyri\u0161ka) sofa \u2013 puikus pasirinkimas tiems, kurie vertina tvirt\u0105 meistri\u0161kum\u0105 ir subalansuot\u0105 estetik\u0105. Jos dizainas dera tiek su klasikiniu, tiek su modernesniu interjeru, tod\u0117l tinka \u012fvairioms nam\u0173 aplinkoms. Auk\u0161tos kokyb\u0117s med\u017eiag\u0173 naudojimas pabr\u0117\u017eia gamintojo \u012fsipareigojim\u0105 patvarumui ir kasdieniam komfortui.<\/p>\n<p>Unikali savyb\u0117 \u2013 dviguba rankinio atsipalaidavimo funkcija, leid\u017eianti s\u0117d\u0117ti dviem skirtingomis s\u0117dyn\u0117mis. Auk\u0161tas atlo\u0161as su reguliuojamais galvos atlo\u0161ais suteikia patogi\u0105 nugaros ir galvos atram\u0105, skatinan\u010di\u0105 ilgalaik\u012f atsipalaidavim\u0105. D\u0117l to sofa yra ideali vieta atsigauti po \u012ftemptos dienos ar \u0161eimos susib\u016brimams.<\/p>\n<p>S\u0117dyn\u0117 u\u017epildyta banguotomis spyruokl\u0117mis, didelio elastingumo putomis ir poliuretano putomis, u\u017etikrinan\u010diomis pakankam\u0105 elastingum\u0105 ir ilgaam\u017ei\u0161kum\u0105. Atlo\u0161as paremtas elastingais dir\u017eeliais ir poliuretano putomis, u\u017etikrinan\u010diais komfort\u0105 kiekvienoje pad\u0117tyje. Sofos atlo\u0161as yra visi\u0161kai apmu\u0161tas, tod\u0117l j\u0105 galima pastatyti kambario centre, nestumiant jos prie sienos. \u0160i trij\u0173 viet\u0173 sofa turi medines kojas, kurias galima rinktis i\u0161 keli\u0173 spalv\u0173: venge, sendintos vy\u0161nios, nat\u016bralaus buko, nat\u016bralaus \u0105\u017euolo, rie\u0161uto, sidabrin\u0117s ir juodos. Apmu\u0161al\u0173 pasirinkimas taip pat platus \u2013 platus audini\u0173 ir od\u0173 pasirinkimas leid\u017eia pritaikyti sof\u0105 pagal individualius pageidavimus ir kambario charakter\u012f. Kiekviena detal\u0117 buvo kruop\u0161\u010diai sukurta, pabr\u0117\u017eiant auk\u0161t\u0105 jos meistri\u0161kumo kokyb\u0119.<\/p>\n<p>Sofos plotis \u2013 214 cm, auk\u0161tis \u2013 93\u2013107 cm, gylis \u2013 103 cm, o s\u0117dimosios dalies auk\u0161tis \u2013 49 cm. Tokios proporcijos suteikia pakankamai vietos trims \u017emon\u0117ms ir harmoningai dera vidutinio dyd\u017eio svetain\u0117je. \u201eSalmo 3RF\u201c (vyri\u0161ka) sofa i\u0161siskiria savo patvarumu ir patogumu, tod\u0117l ja bus patogu atsipalaiduoti daugel\u012f met\u0173.<\/p>","protected":false},"excerpt":{"rendered":"<p>Dydis (cm):<br \/>\nPlotis: 214<br \/>\nGylis: 103<br \/>\n\u016agis: 107<br \/>\nS\u0117dyn\u0117s auk\u0161tis: 49<\/p>","protected":false},"featured_media":205183,"comment_status":"open","ping_status":"closed","template":"","meta":[],"product_brand":[],"product_cat":[9133],"product_tag":[],"class_list":{"0":"post-205170","1":"product","2":"type-product","3":"status-publish","4":"has-post-thumbnail","6":"product_cat-grouped","8":"first","9":"instock","10":"shipping-taxable","11":"purchasable","12":"product-type-variable","13":"wvs-archive-product-wrapper"},"_links":{"self":[{"href":"https:\/\/baldumarket.lt\/lt\/wp-json\/wp\/v2\/product\/205170","targetHints":{"allow":["GET"]}}],"collection":[{"href":"https:\/\/baldumarket.lt\/lt\/wp-json\/wp\/v2\/product"}],"about":[{"href":"https:\/\/baldumarket.lt\/lt\/wp-json\/wp\/v2\/types\/product"}],"replies":[{"embeddable":true,"href":"https:\/\/baldumarket.lt\/lt\/wp-json\/wp\/v2\/comments?post=205170"}],"wp:featuredmedia":[{"embeddable":true,"href":"https:\/\/baldumarket.lt\/lt\/wp-json\/wp\/v2\/media\/205183"}],"wp:attachment":[{"href":"https:\/\/baldumarket.lt\/lt\/wp-json\/wp\/v2\/media?parent=205170"}],"wp:term":[{"taxonomy":"product_brand","embeddable":true,"href":"https:\/\/baldumarket.lt\/lt\/wp-json\/wp\/v2\/product_brand?post=205170"},{"taxonomy":"product_cat","embeddable":true,"href":"https:\/\/baldumarket.lt\/lt\/wp-json\/wp\/v2\/product_cat?post=205170"},{"taxonomy":"product_tag","embeddable":true,"href":"https:\/\/baldumarket.lt\/lt\/wp-json\/wp\/v2\/product_tag?post=205170"}],"curies":[{"name":"wp","href":"https:\/\/api.w.org\/{rel}","templated":true}]}}