{"id":205133,"date":"2025-12-25T19:52:56","date_gmt":"2025-12-25T16:52:56","guid":{"rendered":"https:\/\/baldumarket.lt\/?post_type=product&#038;p=205133"},"modified":"2026-02-03T23:21:05","modified_gmt":"2026-02-03T20:21:05","slug":"naroznik-way-bydgoskie-meble-gr1","status":"publish","type":"product","link":"https:\/\/baldumarket.lt\/lt\/product\/naroznik-way-bydgoskie-meble-gr1\/","title":{"rendered":"Kampin\u0117 sofa Way Bydgoskie Meble Gr1"},"content":{"rendered":"<p>\u201eBydgoskie Meble\u201c kampin\u0117 sofa \u201eThe Way\u201c puikiai tinka ie\u0161kantiems modernaus baldo su i\u0161skirtinai rafinuotu dizainu. \u0160is modelis pasi\u017eymi pla\u010dia s\u0117dyne ir pakeltu atlo\u0161u, kuriam d\u0117l ergonomi\u0161ko dizaino nereikia papildom\u0173 galvos atram\u0173. Dekoratyvin\u0117s si\u016bl\u0117s papildo atlo\u0161us, suteikdamos rafinuot\u0105 charakter\u012f, o siauri, \u0161iek tiek u\u017eapvalinti porankiai pabr\u0117\u017eia \u0161iuolaiki\u0161k\u0105 form\u0105.<br \/>\nKruop\u0161\u010diai parinktos med\u017eiagos u\u017etikrina patog\u0173 s\u0117d\u0117jim\u0105. S\u0117dyn\u0117 pagaminta i\u0161 banguot\u0173 spyruokli\u0173, didelio elastingumo put\u0173 ir poliuretano put\u0173, o atlo\u0161as paremtas elastingais dir\u017eeliais su silikoniniu \u012fd\u0117klu. Miegamojoje dalyje yra banguotos spyruokl\u0117s ir poliuretano putos, u\u017etikrinan\u010dios stabili\u0105 atram\u0105 tiek dien\u0105, tiek nakt\u012f.<br \/>\nL formos kampin\u0117 sofa yra 2,5P(K\/D)-A-2,5SK(K\/D) konfig\u016bracijos, tod\u0117l j\u0105 lengva pritaikyti \u012fvairiems kambario i\u0161planavimams. Integruota miegojimo funkcija leid\u017eia greitai paruo\u0161ti 190 x 122 cm dyd\u017eio erdv\u0119, o didel\u0117je patalyn\u0117s spintel\u0117je galima laikyti b\u016btiniausius miegamojo aksesuarus. \u0160is sprendimas greitai paver\u010dia j\u016bs\u0173 svetain\u0119 patogia miegojimo erdve.<\/p>\n<p>Tvirtas sofos pagrindas pagamintas i\u0161 medini\u0173 kojeli\u0173, kurios gali b\u016bti keli\u0173 spalv\u0173: veng\u0117s, sendintos vy\u0161nios, nat\u016bralaus buko, nat\u016bralaus \u0105\u017euolo, rie\u0161uto, sidabrin\u0117s ir juodos. D\u0117l plataus pasirinkimo kampin\u0119 sof\u0105 lengva priderinti prie esamo interjero. Klientai taip pat gali rinktis i\u0161 plataus audini\u0173 ir od\u0173 pasirinkimo, tod\u0117l galite suteikti sofai asmenin\u012f charakter\u012f ir pritaikyti j\u0105 prie savo estetini\u0173 pageidavim\u0173.<\/p>\n<p>Visos konstrukcijos plotis \u2013 240 cm, gylis \u2013 240 cm, auk\u0161tis \u2013 101 cm, o s\u0117dimosios dalies auk\u0161tis \u2013 46 cm, tod\u0117l yra daug erdv\u0117s poilsiui. \u201eWay\u201c kampin\u0117 sofa pasi\u017eymi kruop\u0161\u010diai sukurtu dizainu, kuriame kasdienis komfortas derinamas su rafinuota i\u0161vaizda ir tvirta \u201eBydgoskie Meble\u201c prek\u0117s \u017eenklui b\u016bdinga meistri\u0161kumo kokybe.<\/p>","protected":false},"excerpt":{"rendered":"<p>Dydis (cm):<br \/>\nPlotis: 240<br \/>\nGylis: 240<br \/>\n\u016agis: 101<br \/>\nS\u0117dyn\u0117s auk\u0161tis: 46<\/p>","protected":false},"featured_media":205161,"comment_status":"open","ping_status":"closed","template":"","meta":[],"product_brand":[],"product_cat":[9133],"product_tag":[],"class_list":{"0":"post-205133","1":"product","2":"type-product","3":"status-publish","4":"has-post-thumbnail","6":"product_cat-grouped","8":"first","9":"instock","10":"shipping-taxable","11":"purchasable","12":"product-type-variable","13":"wvs-archive-product-wrapper"},"_links":{"self":[{"href":"https:\/\/baldumarket.lt\/lt\/wp-json\/wp\/v2\/product\/205133","targetHints":{"allow":["GET"]}}],"collection":[{"href":"https:\/\/baldumarket.lt\/lt\/wp-json\/wp\/v2\/product"}],"about":[{"href":"https:\/\/baldumarket.lt\/lt\/wp-json\/wp\/v2\/types\/product"}],"replies":[{"embeddable":true,"href":"https:\/\/baldumarket.lt\/lt\/wp-json\/wp\/v2\/comments?post=205133"}],"wp:featuredmedia":[{"embeddable":true,"href":"https:\/\/baldumarket.lt\/lt\/wp-json\/wp\/v2\/media\/205161"}],"wp:attachment":[{"href":"https:\/\/baldumarket.lt\/lt\/wp-json\/wp\/v2\/media?parent=205133"}],"wp:term":[{"taxonomy":"product_brand","embeddable":true,"href":"https:\/\/baldumarket.lt\/lt\/wp-json\/wp\/v2\/product_brand?post=205133"},{"taxonomy":"product_cat","embeddable":true,"href":"https:\/\/baldumarket.lt\/lt\/wp-json\/wp\/v2\/product_cat?post=205133"},{"taxonomy":"product_tag","embeddable":true,"href":"https:\/\/baldumarket.lt\/lt\/wp-json\/wp\/v2\/product_tag?post=205133"}],"curies":[{"name":"wp","href":"https:\/\/api.w.org\/{rel}","templated":true}]}}