{"id":205115,"date":"2025-12-25T19:51:51","date_gmt":"2025-12-25T16:51:51","guid":{"rendered":"https:\/\/baldumarket.lt\/?post_type=product&#038;p=205115"},"modified":"2026-02-03T23:21:06","modified_gmt":"2026-02-03T20:21:06","slug":"sofa-way-3f-bydgoskie-meble-gr4","status":"publish","type":"product","link":"https:\/\/baldumarket.lt\/lt\/product\/sofa-way-3f-bydgoskie-meble-gr4\/","title":{"rendered":"Way 3F sofa Bydgoskie Meble Gr4"},"content":{"rendered":"<p>\u201eThe Way 3F Bydgoskie Meble\u201c \u2013 tai trij\u0173 viet\u0173 sofa, pasi\u017eyminti paprastu dizainu ir auk\u0161tu atlo\u0161u. Jos matmenys \u2013 218 cm plo\u010dio, 101 cm auk\u0161\u010dio ir 92 cm gylio, o s\u0117dyn\u0117s auk\u0161tis \u2013 46 cm, tod\u0117l ji patogiai palaiko kasdienio poilsio metu. Apmu\u0161tas atlo\u0161as leid\u017eia sof\u0105 pastatyti bet kurioje kambario vietoje, net ir toliau nuo sienos.<\/p>\n<p>\u0160is modelis turi stal\u010di\u0173 su pak\u0117limo funkcija, leid\u017eian\u010di\u0105 greitai paruo\u0161ti 190 x 122 cm dyd\u017eio miegojimo plot\u0105. Tai leid\u017eia sof\u0105 prireikus naudoti kaip pilno dyd\u017eio miegojimo viet\u0105. Ji skland\u017eiai i\u0161siskleid\u017eia, o panaudotos med\u017eiagos u\u017etikrina komfort\u0105 tiek s\u0117dint, tiek miegant.<\/p>\n<p>Atlo\u0161as turi elastinius dir\u017eelius ir silikonin\u012f \u012fd\u0117kl\u0105, u\u017etikrinant\u012f tinkam\u0105 nugaros atram\u0105. S\u0117dyn\u0117 u\u017epildyta zigzago spyruokl\u0117mis, poliuretano putomis ir didelio elastingumo putomis, u\u017etikrinan\u010diomis komfort\u0105 ilgalaikio naudojimo metu. Miegamojoje dalyje yra vingiuotos spyruokl\u0117s ir poliuretano putos, kurios padidina naktinio miego komfort\u0105.<br \/>\nSofa stovi ant medini\u0173 kojeli\u0173, kurios gali b\u016bti keli\u0173 spalv\u0173: venge, sendintos vy\u0161nios, nat\u016bralaus buko, nat\u016bralaus \u0105\u017euolo, rie\u0161uto, sidabrin\u0117s ir juodos. Auk\u0161tos kojel\u0117s padeda palaikyti tvark\u0105 erdv\u0117je ir suteikia konstrukcijai lengvumo. Siauri porankiai dar labiau pabr\u0117\u017eia eleganti\u0161k\u0105 form\u0105.<\/p>\n<p>Gamintojas si\u016blo plat\u0173 audini\u0173 ir od\u0173 pasirinkim\u0105, tod\u0117l sof\u0105 galite priderinti prie savo interjero stiliaus. D\u0117l kruop\u0161taus meistri\u0161kumo ir patvari\u0173 med\u017eiag\u0173 naudojimo \u201eBydgoskie Meble\u201c garantuoja ilg\u0105 gaminio tarnavimo laik\u0105. \u201eWay 3F\u201c sofa tinka svetainei, sve\u010di\u0173 kambariui, darbo kambariui ar biurui, puikiai tinka kasdieniam naudojimui arba kaip papildoma miegojimo vieta.<\/p>","protected":false},"excerpt":{"rendered":"<p>Dydis (cm):<br \/>\nPlotis: 218<br \/>\nGylis: 92<br \/>\n\u016agis: 101<br \/>\nS\u0117dyn\u0117s auk\u0161tis: 46<\/p>","protected":false},"featured_media":205139,"comment_status":"open","ping_status":"closed","template":"","meta":[],"product_brand":[],"product_cat":[9133],"product_tag":[],"class_list":{"0":"post-205115","1":"product","2":"type-product","3":"status-publish","4":"has-post-thumbnail","6":"product_cat-grouped","8":"first","9":"instock","10":"shipping-taxable","11":"purchasable","12":"product-type-variable","13":"wvs-archive-product-wrapper"},"_links":{"self":[{"href":"https:\/\/baldumarket.lt\/lt\/wp-json\/wp\/v2\/product\/205115","targetHints":{"allow":["GET"]}}],"collection":[{"href":"https:\/\/baldumarket.lt\/lt\/wp-json\/wp\/v2\/product"}],"about":[{"href":"https:\/\/baldumarket.lt\/lt\/wp-json\/wp\/v2\/types\/product"}],"replies":[{"embeddable":true,"href":"https:\/\/baldumarket.lt\/lt\/wp-json\/wp\/v2\/comments?post=205115"}],"wp:featuredmedia":[{"embeddable":true,"href":"https:\/\/baldumarket.lt\/lt\/wp-json\/wp\/v2\/media\/205139"}],"wp:attachment":[{"href":"https:\/\/baldumarket.lt\/lt\/wp-json\/wp\/v2\/media?parent=205115"}],"wp:term":[{"taxonomy":"product_brand","embeddable":true,"href":"https:\/\/baldumarket.lt\/lt\/wp-json\/wp\/v2\/product_brand?post=205115"},{"taxonomy":"product_cat","embeddable":true,"href":"https:\/\/baldumarket.lt\/lt\/wp-json\/wp\/v2\/product_cat?post=205115"},{"taxonomy":"product_tag","embeddable":true,"href":"https:\/\/baldumarket.lt\/lt\/wp-json\/wp\/v2\/product_tag?post=205115"}],"curies":[{"name":"wp","href":"https:\/\/api.w.org\/{rel}","templated":true}]}}