{"id":205098,"date":"2025-12-25T19:50:58","date_gmt":"2025-12-25T16:50:58","guid":{"rendered":"https:\/\/baldumarket.lt\/?post_type=product&#038;p=205098"},"modified":"2026-02-03T23:21:07","modified_gmt":"2026-02-03T20:21:07","slug":"fotel-twins-1rf-bydgoskie-meble-gr5","status":"publish","type":"product","link":"https:\/\/baldumarket.lt\/lt\/product\/fotel-twins-1rf-bydgoskie-meble-gr5\/","title":{"rendered":"Dvyniai 1RF fotelis Bydgoskie Meble Gr5"},"content":{"rendered":"<p>\u201eBydgoskie Meble\u201c \u201eTwins\u201c fotelis \u2013 puikus pasirinkimas tiems, kurie vertina auk\u0161t\u0105 kokyb\u0119 ir i\u0161skirtin\u012f komfort\u0105. Subalansuota, aptaki forma leid\u017eia jam skland\u017eiai \u012fsilieti \u012f \u012fvairius interjerus \u2013 nuo klasikinio iki modernaus \u2013 ir sukurti ry\u0161k\u0173 akcent\u0105 bet kuriame kambaryje. I\u0161skirtinis stilius suteikia jam charakter\u012f, kuris patraukia d\u0117mes\u012f i\u0161 pirmo \u017evilgsnio.<\/p>\n<p>Patog\u0173 s\u0117d\u0117jim\u0105 u\u017etikrina zigzago formos spyruokl\u0117s ir poliuretano put\u0173 s\u0117dyn\u0117, suteikianti tinkam\u0105 atram\u0105 ir mink\u0161tum\u0105. Auk\u0161to profilio atlo\u0161as u\u017epildytas elastiniais dir\u017eeliais ir silikoniniais \u012fd\u0117klais, u\u017etikrinan\u010diais patog\u0173 nugaros poils\u012f ilgo poilsio metu. Papildomas privalumas \u2013 rankinio atsipalaidavimo funkcija, leid\u017eianti reguliuoti pad\u0117t\u012f pagal savo poreikius.<\/p>\n<p>Kruop\u0161\u010diai atrinktos med\u017eiagos dera su tvirtu meistri\u0161kumu. Fotelis stovi ant patvari\u0173 plastikini\u0173 kojeli\u0173, kurios stabilizuoja vis\u0105 konstrukcij\u0105 ir suteikia jam lengvumo bei erdvumo. Klientai gali rinktis i\u0161 plataus audini\u0173 ir od\u0173 asortimento, tod\u0117l apdail\u0105 galite pritaikyti pagal savo pageidavimus ir interjero dizain\u0105.<\/p>\n<p>Kalbant apie matmenis, \u0161is modelis gali pasigirti \u012fsp\u016bdingais matmenimis, suteikian\u010diais daug erdv\u0117s poilsiui. 93 cm plo\u010dio, 95 cm gylio ir 99 cm auk\u0161\u010dio kr\u0117slas sukuria form\u0105, kuri neu\u017ego\u017eia interjero, ta\u010diau u\u017etikrina komfort\u0105. S\u0117dyn\u0117s auk\u0161tis yra 48 cm, tod\u0117l lengva atsistoti ir atsis\u0117sti.<\/p>\n<p>\u201eTwins\u201c fotelis puikiai tiks \u012fvairiose nam\u0173 erdv\u0117se \u2013 nuo miegamojo, svetain\u0117s, darbo kambario iki sve\u010di\u0173 kambario. Rafinuotos proporcijos ir kruop\u0161tus d\u0117mesys detal\u0117ms paver\u010dia \u0161\u012f bald\u0105 erdv\u0117s charakteriui pary\u0161kinti ir leis m\u0117gautis atsipalaidavimo akimirkomis kiekvien\u0105 dien\u0105. Tai pasi\u016blymas tiems, kurie nori savo aplinkai suteikti prabangos ir komforto.<\/p>","protected":false},"excerpt":{"rendered":"<p>Dydis (cm):<br \/>\nPlotis: 93<br \/>\nGylis: 95<br \/>\n\u016agis: 99<br \/>\nS\u0117dyn\u0117s auk\u0161tis: 48<\/p>","protected":false},"featured_media":205118,"comment_status":"open","ping_status":"closed","template":"","meta":[],"product_brand":[],"product_cat":[9133],"product_tag":[],"class_list":{"0":"post-205098","1":"product","2":"type-product","3":"status-publish","4":"has-post-thumbnail","6":"product_cat-grouped","8":"first","9":"instock","10":"shipping-taxable","11":"purchasable","12":"product-type-variable","13":"wvs-archive-product-wrapper"},"_links":{"self":[{"href":"https:\/\/baldumarket.lt\/lt\/wp-json\/wp\/v2\/product\/205098","targetHints":{"allow":["GET"]}}],"collection":[{"href":"https:\/\/baldumarket.lt\/lt\/wp-json\/wp\/v2\/product"}],"about":[{"href":"https:\/\/baldumarket.lt\/lt\/wp-json\/wp\/v2\/types\/product"}],"replies":[{"embeddable":true,"href":"https:\/\/baldumarket.lt\/lt\/wp-json\/wp\/v2\/comments?post=205098"}],"wp:featuredmedia":[{"embeddable":true,"href":"https:\/\/baldumarket.lt\/lt\/wp-json\/wp\/v2\/media\/205118"}],"wp:attachment":[{"href":"https:\/\/baldumarket.lt\/lt\/wp-json\/wp\/v2\/media?parent=205098"}],"wp:term":[{"taxonomy":"product_brand","embeddable":true,"href":"https:\/\/baldumarket.lt\/lt\/wp-json\/wp\/v2\/product_brand?post=205098"},{"taxonomy":"product_cat","embeddable":true,"href":"https:\/\/baldumarket.lt\/lt\/wp-json\/wp\/v2\/product_cat?post=205098"},{"taxonomy":"product_tag","embeddable":true,"href":"https:\/\/baldumarket.lt\/lt\/wp-json\/wp\/v2\/product_tag?post=205098"}],"curies":[{"name":"wp","href":"https:\/\/api.w.org\/{rel}","templated":true}]}}