{"id":205087,"date":"2025-12-25T19:50:22","date_gmt":"2025-12-25T16:50:22","guid":{"rendered":"https:\/\/baldumarket.lt\/?post_type=product&#038;p=205087"},"modified":"2026-03-05T13:01:55","modified_gmt":"2026-03-05T10:01:55","slug":"sofa-twins-2rf-bydgoskie-meble","status":"publish","type":"product","link":"https:\/\/baldumarket.lt\/lt\/product\/sofa-twins-2rf-bydgoskie-meble\/","title":{"rendered":"TWINS 2RF sofa Bydgoskie Meble"},"content":{"rendered":"<p>Dviviet\u0117 sofa \u201eTwins\u201c i\u0161 \u201eBydgoskie Meble\u201c \u2013 universalus pasirinkimas \u012fvairiems interjerams \u2013 nuo klasikinio iki modernaus. D\u0117l kompakti\u0161ko 147 cm plo\u010dio ji tinka tiek erdvioms svetain\u0117ms, tiek ma\u017eesn\u0117ms erdv\u0117ms. Subalansuotos proporcijos \u2013 95 cm gylis ir 99 cm auk\u0161tis \u2013 suteikia sofai harmoning\u0105 charakter\u012f, o 48 cm s\u0117dyn\u0117s auk\u0161tis u\u017etikrina patog\u0173 kasdien\u012f naudojim\u0105.<\/p>\n<p>Unikali savyb\u0117 \u2013 rankin\u0117 x2 atsipalaidavimo funkcija, leid\u017eianti atlo\u0161ti s\u0117dyn\u0119 patogiai ir atpalaiduojan\u010diai. D\u0117l to sofa yra puiki vieta atsipalaiduoti po \u012ftemptos dienos, nesvarbu, ar ji pastatyta miegamajame, svetain\u0117je, biure ar sve\u010di\u0173 kambaryje. \u0160is sprendimas garantuoja maksimal\u0173 pritaikym\u0105 individualiems naudotoj\u0173 poreikiams.<\/p>\n<p>Baldo konstrukcija pagaminta i\u0161 patvari\u0173 med\u017eiag\u0173, u\u017etikrinan\u010di\u0173 ilgalaik\u012f naudojim\u0105. Poliuretano put\u0173 s\u0117dyn\u0117 kartu su vingiuotomis spyruokl\u0117mis suteikia mink\u0161tumo ir tinkamos atramos, o atlo\u0161as, u\u017epildytas elastiniais dir\u017eeliais ir silikoniniais \u012fd\u0117klais, ilg\u0105 laik\u0105 i\u0161laiko patogi\u0105, spyruokliuojan\u010di\u0105 form\u0105. Plastikin\u0117s kojel\u0117s stabilizuoja vis\u0105 bald\u0105 ir leid\u017eia j\u012f lengvai perkelti, kai reikia.<br \/>\n\u201eTwins\u201c sofa si\u016bloma su pla\u010diu apdailos pasirinkimu, tod\u0117l galite pasirinkti tobul\u0105 apmu\u0161al\u0173 spalv\u0105 ir tekst\u016br\u0105. Gamintojas si\u016blo plat\u0173 audini\u0173 ir od\u0173 pasirinkim\u0105, tod\u0117l kiekvienas gali susikurti versij\u0105, atitinkan\u010di\u0105 individualius pageidavimus ir kambario charakter\u012f. Tai leid\u017eia darniai der\u0117ti su kitais nam\u0173 ar biuro baldais.<\/p>\n<p>Auk\u0161tos kokyb\u0117s meistri\u0161kumas neatsiejamas nuo d\u0117mesio kasdieniam komfortui. Dviviet\u0117 sofa \u201eTwins\u201c pasi\u017eymi patvariomis med\u017eiagomis, tikslia apdaila ir atsipalaidavimui skirtomis savyb\u0117mis, tod\u0117l ji yra vertingas daugelio erdvi\u0173 papildymas. D\u0117l savo dizaino ir rafinuot\u0173 detali\u0173 ji tampa ne tik vieta s\u0117d\u0117ti, bet ir kvietimu atsipalaiduoti savo nam\u0173 jaukumoje.<\/p>","protected":false},"excerpt":{"rendered":"<p>The Twins two-seater sofa from Bydgoskie Meble is a versatile choice for a wide range of interiors, from classic to modern. Its compact width of 147 cm makes it suitable for both spacious living rooms and smaller spaces. Balanced proportions, with a depth of 95 cm and a height of 99 cm, give the sofa [&hellip;]<\/p>","protected":false},"featured_media":205096,"comment_status":"open","ping_status":"closed","template":"","meta":[],"product_brand":[],"product_cat":[6033,560],"product_tag":[],"class_list":{"0":"post-205087","1":"product","2":"type-product","3":"status-publish","4":"has-post-thumbnail","6":"product_cat-bydgoskie-meble","7":"product_cat-sofas-and-couches","9":"first","10":"instock","11":"shipping-taxable","12":"product-type-grouped"},"_links":{"self":[{"href":"https:\/\/baldumarket.lt\/lt\/wp-json\/wp\/v2\/product\/205087","targetHints":{"allow":["GET"]}}],"collection":[{"href":"https:\/\/baldumarket.lt\/lt\/wp-json\/wp\/v2\/product"}],"about":[{"href":"https:\/\/baldumarket.lt\/lt\/wp-json\/wp\/v2\/types\/product"}],"replies":[{"embeddable":true,"href":"https:\/\/baldumarket.lt\/lt\/wp-json\/wp\/v2\/comments?post=205087"}],"wp:featuredmedia":[{"embeddable":true,"href":"https:\/\/baldumarket.lt\/lt\/wp-json\/wp\/v2\/media\/205096"}],"wp:attachment":[{"href":"https:\/\/baldumarket.lt\/lt\/wp-json\/wp\/v2\/media?parent=205087"}],"wp:term":[{"taxonomy":"product_brand","embeddable":true,"href":"https:\/\/baldumarket.lt\/lt\/wp-json\/wp\/v2\/product_brand?post=205087"},{"taxonomy":"product_cat","embeddable":true,"href":"https:\/\/baldumarket.lt\/lt\/wp-json\/wp\/v2\/product_cat?post=205087"},{"taxonomy":"product_tag","embeddable":true,"href":"https:\/\/baldumarket.lt\/lt\/wp-json\/wp\/v2\/product_tag?post=205087"}],"curies":[{"name":"wp","href":"https:\/\/api.w.org\/{rel}","templated":true}]}}