{"id":205044,"date":"2025-12-25T19:47:41","date_gmt":"2025-12-25T16:47:41","guid":{"rendered":"https:\/\/baldumarket.lt\/?post_type=product&#038;p=205044"},"modified":"2026-02-03T23:21:10","modified_gmt":"2026-02-03T20:21:10","slug":"sofa-twins-3rf-bydgoskie-meble-gr2","status":"publish","type":"product","link":"https:\/\/baldumarket.lt\/lt\/product\/sofa-twins-3rf-bydgoskie-meble-gr2\/","title":{"rendered":"Dvyni\u0173 sofa 3RF Bydgoskie Meble Gr2"},"content":{"rendered":"<p>Triviet\u0117 sofa i\u0161 \u201eBydgoskie Meble\u201c \u201eTwins\u201c kolekcijos suteikia bet kokiam interjerui rafinuoto charakterio ir sukuria unikali\u0105 atmosfer\u0105. Eleganti\u0161kas jos dizainas buvo sukurtas galvojant apie tuos, kurie ie\u0161ko ne\u012fprast\u0173 interjero sprendim\u0173, tod\u0117l ji puikiai tinka tiek tradicin\u0117ms, tiek modernioms erdv\u0117ms. Kruop\u0161\u010diai apgalvotos detal\u0117s traukia d\u0117mes\u012f, sukurdamos darni\u0105 visum\u0105 su nesenstan\u010dia i\u0161vaizda.<\/p>\n<p>Sofa turi rankinio atsipalaidavimo funkcij\u0105 (x2), leid\u017eian\u010di\u0105 individualiai reguliuoti s\u0117d\u0117jimo pad\u0117t\u012f. Auk\u0161tas atlo\u0161as suteikia tinkam\u0105 nugaros atram\u0105 ir skatina atsipalaidavim\u0105 po ilgos dienos. \u0160ios savyb\u0117s paver\u010dia sof\u0105 unikalia vieta kasdieniam poilsiui tiek vienam asmeniui, tiek visai \u0161eimai.<\/p>\n<p>Strukt\u016bra pasi\u017eymi vingiuota spyruokline s\u0117dyne ir poliuretano putomis, u\u017etikrinan\u010diomis optimal\u0173 s\u0117d\u0117jimo komfort\u0105. Atlo\u0161as, pagamintas i\u0161 elasting\u0173 dir\u017eeli\u0173 ir silikonini\u0173 \u012fd\u0117kl\u0173, suteikia mink\u0161tumo ir atramos, o plastikin\u0117s kojel\u0117s \u2013 lengvumo ir stabilumo. \u0160ios med\u017eiagos buvo parinktos atsi\u017evelgiant \u012f patvarum\u0105 ir ilgalaik\u012f naudojim\u0105. Sofa si\u016blomas su pla\u010diu audini\u0173 ir od\u0173 pasirinkimu, leid\u017eian\u010diu tiksliai priderinti j\u0105 prie kambario charakterio. \u0160is platus apdailos pasirinkimas leid\u017eia suteikti interjerui asmeni\u0161kumo ir pabr\u0117\u017eti unikal\u0173 jo ton\u0105. Tai idealus sprendimas tiems, kurie vertina laisv\u0119 kurti savo erdv\u0119.<\/p>\n<p>Tiksl\u016bs sofos matmenys yra 198 cm plo\u010dio, 95 cm gylio, 99 cm auk\u0161\u010dio ir 48 cm auk\u0161\u010dio ties s\u0117dyne. \u0160i sofa puikiai tinka miegamajam, svetainei, sve\u010di\u0173 kambariui, darbo kambariui ar vaik\u0173 kambariui, suteikdama bet kuriam kambariui jaukumo ir harmonijos poj\u016bt\u012f. D\u0117l kruop\u0161taus meistri\u0161kumo ir tiksli\u0173 matmen\u0173 tai yra investicija, kuri savo i\u0161vaizda ir patogumu d\u017eiugins ilgus metus.<\/p>","protected":false},"excerpt":{"rendered":"<p>Dydis (cm):<br \/>\nPlotis: 198<br \/>\nGylis: 95<br \/>\n\u016agis: 99<br \/>\nS\u0117dyn\u0117s auk\u0161tis: 48<\/p>","protected":false},"featured_media":205073,"comment_status":"open","ping_status":"closed","template":"","meta":[],"product_brand":[],"product_cat":[9133],"product_tag":[],"class_list":{"0":"post-205044","1":"product","2":"type-product","3":"status-publish","4":"has-post-thumbnail","6":"product_cat-grouped","8":"first","9":"instock","10":"shipping-taxable","11":"purchasable","12":"product-type-variable","13":"wvs-archive-product-wrapper"},"_links":{"self":[{"href":"https:\/\/baldumarket.lt\/lt\/wp-json\/wp\/v2\/product\/205044","targetHints":{"allow":["GET"]}}],"collection":[{"href":"https:\/\/baldumarket.lt\/lt\/wp-json\/wp\/v2\/product"}],"about":[{"href":"https:\/\/baldumarket.lt\/lt\/wp-json\/wp\/v2\/types\/product"}],"replies":[{"embeddable":true,"href":"https:\/\/baldumarket.lt\/lt\/wp-json\/wp\/v2\/comments?post=205044"}],"wp:featuredmedia":[{"embeddable":true,"href":"https:\/\/baldumarket.lt\/lt\/wp-json\/wp\/v2\/media\/205073"}],"wp:attachment":[{"href":"https:\/\/baldumarket.lt\/lt\/wp-json\/wp\/v2\/media?parent=205044"}],"wp:term":[{"taxonomy":"product_brand","embeddable":true,"href":"https:\/\/baldumarket.lt\/lt\/wp-json\/wp\/v2\/product_brand?post=205044"},{"taxonomy":"product_cat","embeddable":true,"href":"https:\/\/baldumarket.lt\/lt\/wp-json\/wp\/v2\/product_cat?post=205044"},{"taxonomy":"product_tag","embeddable":true,"href":"https:\/\/baldumarket.lt\/lt\/wp-json\/wp\/v2\/product_tag?post=205044"}],"curies":[{"name":"wp","href":"https:\/\/api.w.org\/{rel}","templated":true}]}}