{"id":205035,"date":"2025-12-25T19:47:03","date_gmt":"2025-12-25T16:47:03","guid":{"rendered":"https:\/\/baldumarket.lt\/?post_type=product&#038;p=205035"},"modified":"2026-02-03T23:21:11","modified_gmt":"2026-02-03T20:21:11","slug":"fotel-opera-1rf-bydgoskie-meble-skora-l2","status":"publish","type":"product","link":"https:\/\/baldumarket.lt\/lt\/product\/fotel-opera-1rf-bydgoskie-meble-skora-l2\/","title":{"rendered":"Opera 1RF fotelis Bydgoskie Meble Leather L2"},"content":{"rendered":"<p>\u201eBydgoskie Meble\u201c \u201eOpera\u201c fotelis sukurtas visi\u0161kam atsipalaidavimui jaukiuose namuose. Apvalios formos linijos suteikia jam \u0161veln\u0173, jauk\u0173 charakter\u012f, o kruop\u0161\u010diai suprojektuotos proporcijos skatina ilg\u0105 poils\u012f. Auk\u0161tas, 103 cm ilgio atlo\u0161as palaiko vis\u0105 nugar\u0105, leisdamas i\u0161laikyti patogi\u0105 pad\u0117t\u012f skaitant ar trumpai snaud\u017eiant.<br \/>\n\u0160is modelis turi rankinio atsipalaidavimo funkcij\u0105 ir supimo funkcij\u0105, kuri veikia be u\u017erakto, u\u017etikrindama laisv\u0105 jud\u0117jim\u0105. \u0160velnus supimas kartu su galimybe atlo\u0161ti atlo\u0161\u0105 sukuria puiki\u0105 aplink\u0105 atsigauti po \u012ftemptos dienos. Tai taip pat patogus sprendimas t\u0117vams, ypa\u010d maitinant k\u016bdik\u012f.<br \/>\nS\u0117dyn\u0117 u\u017epildyta banguotomis spyruokl\u0117mis ir didelio elastingumo putomis, kurios u\u017etikrina elastingum\u0105 ir ilgalaik\u012f formos i\u0161laikym\u0105. Atlo\u0161\u0105 papildo silikoninis \u012fd\u0117klas, suteikiantis mink\u0161tumo ir stabilios atramos. Visas baldas remiasi \u012f tvirtas, juodas plastikines kojeles, kurios i\u0161laiko stabilum\u0105 ir kartu lengv\u0105 dizain\u0105. Fotelis yra 103 cm plo\u010dio, 100 cm gylio ir 47 cm s\u0117dyn\u0117s auk\u0161\u010dio, tod\u0117l puikiai tinka tiek erdviai svetainei, tiek jaukiam biurui ar miegamajam. Naudotos med\u017eiagos u\u017etikrina komfort\u0105 bet kuriuo paros metu. Auk\u0161tas atlo\u0161as ir patogus s\u0117dyn\u0117s gylis skatina atsipalaidavim\u0105 net ir \u017ei\u016brint ilg\u0105 film\u0105.<\/p>\n<p>Gamintojas si\u016blo plat\u0173 audini\u0173 ir od\u0173 pasirinkim\u0105, leid\u017eiant\u012f susikurti variant\u0105, pritaikyt\u0105 j\u016bs\u0173 individualiems spalv\u0173 pageidavimams. Juoda koj\u0173 apdaila dera su \u012fvairiais apmu\u0161al\u0173 atspalviais, tod\u0117l kr\u0117slas gali tikti \u012fvairiems interjero dizainams. Tur\u0117damas tokias pla\u010dias pritaikymo galimybes, \u201eOpera\u201c fotelis tampa bet kokio interjero charakter\u012f pary\u0161kinan\u010diu akcentu.<\/p>","protected":false},"excerpt":{"rendered":"<p>Dydis (cm):<br \/>\nPlotis: 103<br \/>\nGylis: 100<br \/>\n\u016agis: 103<br \/>\nS\u0117dyn\u0117s auk\u0161tis: 47<\/p>","protected":false},"featured_media":205052,"comment_status":"open","ping_status":"closed","template":"","meta":[],"product_brand":[],"product_cat":[9133],"product_tag":[],"class_list":{"0":"post-205035","1":"product","2":"type-product","3":"status-publish","4":"has-post-thumbnail","6":"product_cat-grouped","8":"first","9":"instock","10":"shipping-taxable","11":"purchasable","12":"product-type-variable","13":"wvs-archive-product-wrapper"},"_links":{"self":[{"href":"https:\/\/baldumarket.lt\/lt\/wp-json\/wp\/v2\/product\/205035","targetHints":{"allow":["GET"]}}],"collection":[{"href":"https:\/\/baldumarket.lt\/lt\/wp-json\/wp\/v2\/product"}],"about":[{"href":"https:\/\/baldumarket.lt\/lt\/wp-json\/wp\/v2\/types\/product"}],"replies":[{"embeddable":true,"href":"https:\/\/baldumarket.lt\/lt\/wp-json\/wp\/v2\/comments?post=205035"}],"wp:featuredmedia":[{"embeddable":true,"href":"https:\/\/baldumarket.lt\/lt\/wp-json\/wp\/v2\/media\/205052"}],"wp:attachment":[{"href":"https:\/\/baldumarket.lt\/lt\/wp-json\/wp\/v2\/media?parent=205035"}],"wp:term":[{"taxonomy":"product_brand","embeddable":true,"href":"https:\/\/baldumarket.lt\/lt\/wp-json\/wp\/v2\/product_brand?post=205035"},{"taxonomy":"product_cat","embeddable":true,"href":"https:\/\/baldumarket.lt\/lt\/wp-json\/wp\/v2\/product_cat?post=205035"},{"taxonomy":"product_tag","embeddable":true,"href":"https:\/\/baldumarket.lt\/lt\/wp-json\/wp\/v2\/product_tag?post=205035"}],"curies":[{"name":"wp","href":"https:\/\/api.w.org\/{rel}","templated":true}]}}