{"id":204960,"date":"2025-12-25T19:42:19","date_gmt":"2025-12-25T16:42:19","guid":{"rendered":"https:\/\/baldumarket.lt\/?post_type=product&#038;p=204960"},"modified":"2026-02-03T23:21:15","modified_gmt":"2026-02-03T20:21:15","slug":"fotel-obrotowy-evora-bydgoskie-meble-gr3","status":"publish","type":"product","link":"https:\/\/baldumarket.lt\/lt\/product\/fotel-obrotowy-evora-bydgoskie-meble-gr3\/","title":{"rendered":"Evora pasukama k\u0117d\u0117 Bydgoskie Meble Gr3"},"content":{"rendered":"<p>\u201eBydgoskie Meble\u201c \u201eEvora\u201c besisukanti k\u0117d\u0117 \u2013 tai dizainas, kuris bet kuriam kambariui suteiks jaukumo ir modernumo. Apvali forma suteikia jaukumo, o auk\u0161tas juodas metalinis pagrindas pabr\u0117\u017eia \u0161iuolaiki\u0161k\u0105 dizain\u0105. D\u0117l subalansuot\u0173 proporcij\u0173 \u0161is modelis lengvai tiks svetain\u0117je, biure, miegamajame ar vie\u0161ose erdv\u0117se, pavyzd\u017eiui, laukiamuosiuose.<\/p>\n<p>Komfort\u0105 u\u017etikrina banguota spyruokl\u0117 ir didelio elastingumo putplastis s\u0117dyn\u0117je, kurie suteikia tinkam\u0105 atram\u0105. Atlo\u0161as u\u017epildytas poliuretano putomis, u\u017etikrinan\u010diomis komfort\u0105 ilgo poilsio metu. Kruop\u0161\u010diai apmu\u0161tas atlo\u0161as suteikia k\u0117dei patrauklumo i\u0161 vis\u0173 pusi\u0173, tod\u0117l j\u0105 galima pastatyti kambario centre.<\/p>\n<p>\u201eEvora\u201c k\u0117d\u017ei\u0173 audini\u0173 pasirinkimas platus, tod\u0117l galite pritaikyti med\u017eiagos spalv\u0105 ir tekst\u016br\u0105 prie individuali\u0173 poreiki\u0173. Juodas metalinis besisukantis pagrindas leid\u017eia lengvai pakeisti s\u0117d\u0117jimo krypt\u012f neperkeliant visos k\u0117d\u0117s. \u0160is sprendimas puikiai tinka erdv\u0117ms, kuriose b\u016btina jud\u0117jimo laisv\u0117. \u0160is baldas, sukurtas kruop\u0161\u010diai atkreipiant d\u0117mes\u012f \u012f detales, pasi\u017eymi kompakti\u0161kais matmenimis: plotis 82 cm, auk\u0161tis 87 cm, gylis 77 cm, o s\u0117dyn\u0117s auk\u0161tis 46 cm. \u0160ios proporcijos leid\u017eia fotel\u012f pastatyti tiek erdviuose, tiek ma\u017eesniuose kambariuose, nepa\u017eeid\u017eiant j\u0173 harmonijos. Auk\u0161tos kojel\u0117s suteikia dizainui lengvumo ir palengvina \u0161var\u0105 po jais.<\/p>\n<p>\u201eEvora\u201c \u2013 tai kruop\u0161taus meistri\u0161kumo pavyzdys, kuriame naudojamos patvarios med\u017eiagos ir apgalvoti dizaino sprendimai. Metalinis pagrindas u\u017etikrina stabilum\u0105, o kruop\u0161\u010diai parinkti u\u017epildai \u2013 ilgalaik\u012f naudojim\u0105. Tai u\u017etikrina, kad kr\u0117slas daugel\u012f met\u0173 i\u0161liks patogus ir esteti\u0161kai patrauklus baldas.<\/p>","protected":false},"excerpt":{"rendered":"<p>Dydis (cm):<br \/>\nPlotis: 82<br \/>\nGylis: 77<br \/>\n\u016agis: 87<br \/>\nS\u0117dyn\u0117s auk\u0161tis: 46<\/p>","protected":false},"featured_media":204976,"comment_status":"open","ping_status":"closed","template":"","meta":[],"product_brand":[],"product_cat":[9133],"product_tag":[],"class_list":{"0":"post-204960","1":"product","2":"type-product","3":"status-publish","4":"has-post-thumbnail","6":"product_cat-grouped","8":"first","9":"instock","10":"shipping-taxable","11":"purchasable","12":"product-type-variable","13":"wvs-archive-product-wrapper"},"_links":{"self":[{"href":"https:\/\/baldumarket.lt\/lt\/wp-json\/wp\/v2\/product\/204960","targetHints":{"allow":["GET"]}}],"collection":[{"href":"https:\/\/baldumarket.lt\/lt\/wp-json\/wp\/v2\/product"}],"about":[{"href":"https:\/\/baldumarket.lt\/lt\/wp-json\/wp\/v2\/types\/product"}],"replies":[{"embeddable":true,"href":"https:\/\/baldumarket.lt\/lt\/wp-json\/wp\/v2\/comments?post=204960"}],"wp:featuredmedia":[{"embeddable":true,"href":"https:\/\/baldumarket.lt\/lt\/wp-json\/wp\/v2\/media\/204976"}],"wp:attachment":[{"href":"https:\/\/baldumarket.lt\/lt\/wp-json\/wp\/v2\/media?parent=204960"}],"wp:term":[{"taxonomy":"product_brand","embeddable":true,"href":"https:\/\/baldumarket.lt\/lt\/wp-json\/wp\/v2\/product_brand?post=204960"},{"taxonomy":"product_cat","embeddable":true,"href":"https:\/\/baldumarket.lt\/lt\/wp-json\/wp\/v2\/product_cat?post=204960"},{"taxonomy":"product_tag","embeddable":true,"href":"https:\/\/baldumarket.lt\/lt\/wp-json\/wp\/v2\/product_tag?post=204960"}],"curies":[{"name":"wp","href":"https:\/\/api.w.org\/{rel}","templated":true}]}}