{"id":204916,"date":"2025-12-25T19:39:47","date_gmt":"2025-12-25T16:39:47","guid":{"rendered":"https:\/\/baldumarket.lt\/?post_type=product&#038;p=204916"},"modified":"2026-02-03T23:21:19","modified_gmt":"2026-02-03T20:21:19","slug":"fotel-obrotowy-fuelta-bydgoskie-meble-gr2","status":"publish","type":"product","link":"https:\/\/baldumarket.lt\/lt\/product\/fotel-obrotowy-fuelta-bydgoskie-meble-gr2\/","title":{"rendered":"Fuelta pasukama k\u0117d\u0117 Bydgoskie Meble Gr2"},"content":{"rendered":"<p>\u201eBydgoskie Meble\u201c \u201eFuelta\u201c fotelis puikiai tinka ie\u0161kantiems i\u0161skirtinio akcento savo svetainei, biurui ar poilsio kambariui. Jo dizainas, \u012fkv\u0117ptas kriaukl\u0117s formos, suteikia jam unikal\u0173 charakter\u012f ir patraukia ak\u012f i\u0161 pirmo \u017evilgsnio. I\u0161skirtin\u0117s vertikalios si\u016bl\u0117s pabr\u0117\u017eia kruop\u0161t\u0173 meistri\u0161kum\u0105 ir suteikia bendram dizainui subtil\u0173 dinami\u0161kum\u0105.<\/p>\n<p>S\u0117d\u0117jimo komfort\u0105 u\u017etikrina zigzago formos spyruoklin\u0117 s\u0117dyn\u0117 ir didelio elastingumo putos, kurios garantuoja elastingum\u0105 ir komfort\u0105 ilgalaikio naudojimo metu. Kont\u016bruota atlo\u0161as ir suapvalinti porankiai palaiko nat\u016brali\u0105 k\u016bno pad\u0117t\u012f, sukurdami tobul\u0105 aplink\u0105 poilsiui. Mink\u0161tos poliuretano putos atlo\u0161e dar labiau sustiprina atsipalaidavimo poj\u016bt\u012f.<\/p>\n<p>Tvirtas pagrindas yra juodas metalinis, kuris ne tik suteikia foteliui stabilumo, bet ir leid\u017eia pasukti s\u0117dyn\u0119. D\u0117l to baldas yra patogus kasdieniam naudojimui ir lengvai pritaikomas prie aplinkos. Naudotos med\u017eiagos yra labai atsparios deformacijai.<\/p>\n<p>\u201eFuelta\u201c modelis si\u016blo plat\u0173 audini\u0173 pasirinkim\u0105, tod\u0117l j\u012f galima pritaikyti prie planuojamo interjero dizaino. Sodri spalv\u0173 palet\u0117 paver\u010dia fotel\u012f universaliu bet kurio kambario akcentu. Kiekviena med\u017eiaga i\u0161laiko auk\u0161t\u0105 kokyb\u0119 ir patvarum\u0105, patvirtindama kruop\u0161t\u0173 meistri\u0161kum\u0105.<\/p>\n<p>Baldo matmenys buvo kruop\u0161\u010diai suplanuoti, siekiant u\u017etikrinti komfort\u0105, i\u0161laikant eleganti\u0161k\u0105 form\u0105. Fotelio plotis yra 82 cm, gylis 77 cm ir auk\u0161tis 87 cm, tod\u0117l jis harmoningai \u012fsilieja \u012f \u012fvairias erdves \u2013 nuo erdvi\u0173 svetaini\u0173 iki ma\u017eesni\u0173 kambari\u0173. \u201eFuelta\u201c fotelis puikiai atspindi \u201eBydgoskie Meble\u201c prek\u0117s \u017eenklui b\u016bding\u0105 d\u0117mes\u012f detal\u0117ms ir kruop\u0161t\u0173 meistri\u0161kum\u0105.<\/p>","protected":false},"excerpt":{"rendered":"<p>Dydis (cm):<br \/>\nPlotis: 82<br \/>\nGylis: 77<br \/>\n\u016agis: 87<br \/>\nS\u0117dyn\u0117s auk\u0161tis: 46<\/p>","protected":false},"featured_media":204940,"comment_status":"open","ping_status":"closed","template":"","meta":[],"product_brand":[],"product_cat":[9133],"product_tag":[],"class_list":{"0":"post-204916","1":"product","2":"type-product","3":"status-publish","4":"has-post-thumbnail","6":"product_cat-grouped","8":"first","9":"instock","10":"shipping-taxable","11":"purchasable","12":"product-type-variable","13":"wvs-archive-product-wrapper"},"_links":{"self":[{"href":"https:\/\/baldumarket.lt\/lt\/wp-json\/wp\/v2\/product\/204916","targetHints":{"allow":["GET"]}}],"collection":[{"href":"https:\/\/baldumarket.lt\/lt\/wp-json\/wp\/v2\/product"}],"about":[{"href":"https:\/\/baldumarket.lt\/lt\/wp-json\/wp\/v2\/types\/product"}],"replies":[{"embeddable":true,"href":"https:\/\/baldumarket.lt\/lt\/wp-json\/wp\/v2\/comments?post=204916"}],"wp:featuredmedia":[{"embeddable":true,"href":"https:\/\/baldumarket.lt\/lt\/wp-json\/wp\/v2\/media\/204940"}],"wp:attachment":[{"href":"https:\/\/baldumarket.lt\/lt\/wp-json\/wp\/v2\/media?parent=204916"}],"wp:term":[{"taxonomy":"product_brand","embeddable":true,"href":"https:\/\/baldumarket.lt\/lt\/wp-json\/wp\/v2\/product_brand?post=204916"},{"taxonomy":"product_cat","embeddable":true,"href":"https:\/\/baldumarket.lt\/lt\/wp-json\/wp\/v2\/product_cat?post=204916"},{"taxonomy":"product_tag","embeddable":true,"href":"https:\/\/baldumarket.lt\/lt\/wp-json\/wp\/v2\/product_tag?post=204916"}],"curies":[{"name":"wp","href":"https:\/\/api.w.org\/{rel}","templated":true}]}}