{"id":204894,"date":"2025-12-25T19:38:27","date_gmt":"2025-12-25T16:38:27","guid":{"rendered":"https:\/\/baldumarket.lt\/?post_type=product&#038;p=204894"},"modified":"2026-02-03T23:21:20","modified_gmt":"2026-02-03T20:21:20","slug":"krzeslo-silla-bydgoskie-meble-gr2","status":"publish","type":"product","link":"https:\/\/baldumarket.lt\/lt\/product\/krzeslo-silla-bydgoskie-meble-gr2\/","title":{"rendered":"Silla k\u0117d\u0117 Bydgoszcz Baldai Gr2"},"content":{"rendered":"<p>\u201eBydgoskie Meble\u201c \u201eSilla\u201c k\u0117d\u0117 \u2013 puikus pasirinkimas ie\u0161kantiems i\u0161skirtin\u0117s formos ir auk\u0161tos kokyb\u0117s meistri\u0161kumo bald\u0173. \u0160is modelis pasi\u017eymi moderniu dizainu, kuris bet kokiam interjerui suteikia rafinuoto charakterio ir kartu u\u017etikrina tvirt\u0105 strukt\u016br\u0105. Plonos, juodos metalin\u0117s kojel\u0117s suteikia stabil\u0173 pagrind\u0105, pabr\u0117\u017eiant\u012f bendr\u0105 dizaino lengvum\u0105.<br \/>\n54 cm auk\u0161\u010dio, 62 cm plo\u010dio ir 46 cm gylio s\u0117dyn\u0117 u\u017epildyta poliuretano putomis ir sutvirtinta B tipo vingiuotomis spyruokl\u0117mis, u\u017etikrinan\u010diomis tinkam\u0105 atram\u0105 ir komfort\u0105 net ir ilgai naudojant. Atlo\u0161as, taip pat u\u017epildytas poliuretano putomis, sukurtas taip, kad i\u0161laikyt\u0173 patogi\u0105 nugaros pad\u0117t\u012f. K\u0117d\u0117s auk\u0161tis yra 83 cm, o gylis \u2013 61 cm, tod\u0117l ji harmoningai dera bet kuriame valgomajame, svetain\u0117je ar darbo kambaryje.<br \/>\nGamintojas si\u016blo plat\u0173 apdailos pasirinkim\u0105, tod\u0117l galite rinktis audinio arba odos apmu\u0161alus i\u0161 \u201eBydgoskie Meble\u201c pavyzd\u017ei\u0173 knygos. Tai leid\u017eia priderinti med\u017eiagos spalv\u0105 ir tekst\u016br\u0105 prie individuali\u0173 pageidavim\u0173 ir interjero dizaino. Kiekvienas variantas i\u0161laiko tuos pa\u010dius techninius parametrus, garantuojant patvarum\u0105, nepriklausomai nuo apmu\u0161al\u0173.<\/p>\n<p>Metalinis pagrindas suteikia baldui i\u0161skirtin\u012f stabilum\u0105 ir atsparum\u0105 kasdieniam d\u0117v\u0117jimuisi. Juoda konstrukcijos apdaila leid\u017eia lengvai valyti, o k\u0117d\u0117 puikiai atrodo \u012fvairiose aplinkose \u2013 nuo modernios iki klasikin\u0117s. Naudotos med\u017eiagos buvo kruop\u0161\u010diai atrinktos, kad i\u0161laikyt\u0173 estetik\u0105 ilgus metus.<\/p>\n<p>\u201eSilla\u201c k\u0117d\u0117 \u2013 tai Lenkijos gamintojo produktas, kuriame d\u0117mesys detal\u0117ms derinamas su auk\u0161tos kokyb\u0117s med\u017eiagomis. D\u0117l gerai apgalvoto dizaino ir tikslaus gamybos proceso ji tampa patvariu baldu, atitinkan\u010diu komfort\u0105 ir ilgaam\u017ei\u0161kum\u0105 vertinan\u010di\u0173 \u017emoni\u0173 l\u016bkes\u010dius. \u0160is variantas s\u0117kmingai tiks tiek nam\u0173 valgomajame, tiek komercin\u0117se erdv\u0117se.<\/p>","protected":false},"excerpt":{"rendered":"<p>Dydis (cm):<br \/>\nPlotis: 62<br \/>\nGylis: 61<br \/>\n\u016agis: 83<br \/>\nS\u0117dyn\u0117s auk\u0161tis: 54<\/p>","protected":false},"featured_media":204920,"comment_status":"open","ping_status":"closed","template":"","meta":[],"product_brand":[],"product_cat":[9133],"product_tag":[],"class_list":{"0":"post-204894","1":"product","2":"type-product","3":"status-publish","4":"has-post-thumbnail","6":"product_cat-grouped","8":"first","9":"instock","10":"shipping-taxable","11":"purchasable","12":"product-type-variable","13":"wvs-archive-product-wrapper"},"_links":{"self":[{"href":"https:\/\/baldumarket.lt\/lt\/wp-json\/wp\/v2\/product\/204894","targetHints":{"allow":["GET"]}}],"collection":[{"href":"https:\/\/baldumarket.lt\/lt\/wp-json\/wp\/v2\/product"}],"about":[{"href":"https:\/\/baldumarket.lt\/lt\/wp-json\/wp\/v2\/types\/product"}],"replies":[{"embeddable":true,"href":"https:\/\/baldumarket.lt\/lt\/wp-json\/wp\/v2\/comments?post=204894"}],"wp:featuredmedia":[{"embeddable":true,"href":"https:\/\/baldumarket.lt\/lt\/wp-json\/wp\/v2\/media\/204920"}],"wp:attachment":[{"href":"https:\/\/baldumarket.lt\/lt\/wp-json\/wp\/v2\/media?parent=204894"}],"wp:term":[{"taxonomy":"product_brand","embeddable":true,"href":"https:\/\/baldumarket.lt\/lt\/wp-json\/wp\/v2\/product_brand?post=204894"},{"taxonomy":"product_cat","embeddable":true,"href":"https:\/\/baldumarket.lt\/lt\/wp-json\/wp\/v2\/product_cat?post=204894"},{"taxonomy":"product_tag","embeddable":true,"href":"https:\/\/baldumarket.lt\/lt\/wp-json\/wp\/v2\/product_tag?post=204894"}],"curies":[{"name":"wp","href":"https:\/\/api.w.org\/{rel}","templated":true}]}}