{"id":204877,"date":"2025-12-25T19:37:37","date_gmt":"2025-12-25T16:37:37","guid":{"rendered":"https:\/\/baldumarket.lt\/?post_type=product&#038;p=204877"},"modified":"2026-02-03T23:21:21","modified_gmt":"2026-02-03T20:21:21","slug":"fotel-shout-bydgoskie-meble-gr3","status":"publish","type":"product","link":"https:\/\/baldumarket.lt\/lt\/product\/fotel-shout-bydgoskie-meble-gr3\/","title":{"rendered":"Shout Fotelis Bydgoskie Meble Gr3"},"content":{"rendered":"<p>\u201eBydgoskie Meble\u201c \u201eShout\u201c besisukanti k\u0117d\u0117 \u2013 puikus pasirinkimas tiems, kurie vertina komfort\u0105 ir auk\u0161t\u0105 meistri\u0161kumo kokyb\u0119. Jos dizainas puikiai tinka tiek salonams, tiek nam\u0173 biurams, tiek komercin\u0117ms erdv\u0117ms, tokioms kaip kirpyklos ar gro\u017eio salonai, kur ji suteikia klientams patogi\u0105 poilsio viet\u0105. Kruop\u0161\u010diai sukurta forma traukia ak\u012f ir suteikia interjerui modernumo.<br \/>\nS\u0117dyn\u0117 u\u017epildyta didelio elastingumo putomis ir papildyta vingiuota spyruokle, u\u017etikrinan\u010dia tinkam\u0105 atram\u0105 ir mink\u0161tum\u0105. Atlo\u0161as pagamintas i\u0161 poliuretano put\u0173, u\u017etikrinan\u010di\u0173 patvarum\u0105 ir komfort\u0105 ilgalaikio naudojimo metu. \u0160is dizainas pabr\u0117\u017eia d\u0117mes\u012f detal\u0117ms ir patogum\u0105 kasdieniam naudojimui.<br \/>\nStabil\u0173 pagrind\u0105 u\u017etikrina metalinis pasukamas pagrindas, leid\u017eiantis k\u0117dei laisvai suktis bet kuria kryptimi. Tai leid\u017eia k\u0117dei i\u0161laikyti lengvum\u0105, kartu u\u017etikrinant patvarum\u0105 ir atsparum\u0105 svoriui. Pasukama konstrukcija leid\u017eia lengvai keisti pad\u0117t\u012f nejudinant visos k\u0117d\u0117s.<br \/>\n\u201eShout\u201c modelis si\u016blomas su pla\u010diu apmu\u0161al\u0173 med\u017eiag\u0173 pasirinkimu. Galite rinktis i\u0161 \u012fvairi\u0173 audini\u0173 arba auk\u0161\u010diausios kokyb\u0117s nat\u016bralios odos, suteikian\u010dios jam presti\u017ei\u0161kesn\u012f charakter\u012f. \u012evairi\u0173 spalv\u0173 naudojimas leid\u017eia priderinti k\u0117d\u0119 prie individuali\u0173 pageidavim\u0173 ir interjero spalv\u0173 schemos.<\/p>\n<p>K\u0117d\u0117s matmenys buvo tiksliai sureguliuoti, siekiant u\u017etikrinti komfort\u0105. Jos plotis yra 81 cm, gylis 83 cm, o bendras auk\u0161tis \u2013 92 cm. 45 cm s\u0117dyn\u0117s auk\u0161tis leid\u017eia k\u0117d\u0119 tiek atsipalaiduoti, tiek dirbti prie stalo, u\u017etikrinant komfort\u0105 bet kokioje situacijoje.<\/p>","protected":false},"excerpt":{"rendered":"<p>Dydis (cm):<br \/>\nPlotis: 81<br \/>\nGylis: 83<br \/>\n\u016agis: 92<br \/>\nS\u0117dyn\u0117s auk\u0161tis: 45<\/p>","protected":false},"featured_media":204895,"comment_status":"open","ping_status":"closed","template":"","meta":[],"product_brand":[],"product_cat":[9133],"product_tag":[],"class_list":{"0":"post-204877","1":"product","2":"type-product","3":"status-publish","4":"has-post-thumbnail","6":"product_cat-grouped","8":"first","9":"instock","10":"shipping-taxable","11":"purchasable","12":"product-type-variable","13":"wvs-archive-product-wrapper"},"_links":{"self":[{"href":"https:\/\/baldumarket.lt\/lt\/wp-json\/wp\/v2\/product\/204877","targetHints":{"allow":["GET"]}}],"collection":[{"href":"https:\/\/baldumarket.lt\/lt\/wp-json\/wp\/v2\/product"}],"about":[{"href":"https:\/\/baldumarket.lt\/lt\/wp-json\/wp\/v2\/types\/product"}],"replies":[{"embeddable":true,"href":"https:\/\/baldumarket.lt\/lt\/wp-json\/wp\/v2\/comments?post=204877"}],"wp:featuredmedia":[{"embeddable":true,"href":"https:\/\/baldumarket.lt\/lt\/wp-json\/wp\/v2\/media\/204895"}],"wp:attachment":[{"href":"https:\/\/baldumarket.lt\/lt\/wp-json\/wp\/v2\/media?parent=204877"}],"wp:term":[{"taxonomy":"product_brand","embeddable":true,"href":"https:\/\/baldumarket.lt\/lt\/wp-json\/wp\/v2\/product_brand?post=204877"},{"taxonomy":"product_cat","embeddable":true,"href":"https:\/\/baldumarket.lt\/lt\/wp-json\/wp\/v2\/product_cat?post=204877"},{"taxonomy":"product_tag","embeddable":true,"href":"https:\/\/baldumarket.lt\/lt\/wp-json\/wp\/v2\/product_tag?post=204877"}],"curies":[{"name":"wp","href":"https:\/\/api.w.org\/{rel}","templated":true}]}}