{"id":204831,"date":"2025-12-25T19:34:43","date_gmt":"2025-12-25T16:34:43","guid":{"rendered":"https:\/\/baldumarket.lt\/?post_type=product&#038;p=204831"},"modified":"2026-02-03T23:21:24","modified_gmt":"2026-02-03T20:21:24","slug":"krzeslo-scarlet-podstawa-metalowa-bydgoskie-meble-gr2","status":"publish","type":"product","link":"https:\/\/baldumarket.lt\/lt\/product\/krzeslo-scarlet-podstawa-metalowa-bydgoskie-meble-gr2\/","title":{"rendered":"Scarlet k\u0117d\u0117, metalinis pagrindas, Bydgoskie Meble Gr2"},"content":{"rendered":"<p>\u201eBydgoskie Meble\u201c \u201eScarlet\u201c k\u0117d\u0117 \u2013 puikus pasirinkimas ie\u0161kantiems auk\u0161tos kokyb\u0117s bald\u0173 tiek gyvenamosioms, tiek biuro erdv\u0117ms. Tvirtas juodas metalinis pagrindas u\u017etikrina stabilum\u0105 ir ilgaam\u017ei\u0161kum\u0105, o kruop\u0161\u010diai pagamintos detal\u0117s pabr\u0117\u017eia gamintojo d\u0117mes\u012f tikslumui. Paprastas, modernus dizainas leid\u017eia \u0161iai k\u0117dei der\u0117ti prie \u012fvairi\u0173 interjero dizain\u0173.<\/p>\n<p>S\u0117dyn\u0117 pagaminta i\u0161 B tipo vingiuotos spyruokl\u0117s ir u\u017epildyta poliuretano putomis, u\u017etikrinan\u010diomis tinkam\u0105 atram\u0105 ir komfort\u0105 s\u0117dint. Atlo\u0161as taip pat u\u017epildytas poliuretano putomis, u\u017etikrinan\u010diomis komfort\u0105 net ir ilgai naudojant. Kruop\u0161\u010diai parinktos med\u017eiagos padidina atsparum\u0105 kasdieniam d\u0117v\u0117jimuisi.<\/p>\n<p>\u0160is modelis yra 62 cm plo\u010dio, 83 cm auk\u0161\u010dio ir 61 cm gylio, tod\u0117l j\u012f galima lanks\u010diai i\u0161d\u0117styti svetain\u0117je, valgomajame ar biure. S\u0117dyn\u0117s auk\u0161tis yra 54 cm, o gylis \u2013 46 cm, tod\u0117l patogu laikyti taisykling\u0105 laikysen\u0105. D\u0117l \u0161i\u0173 proporcij\u0173 k\u0117d\u0119 lengva pritaikyti prie \u012fvairaus auk\u0161\u010dio stal\u0173. D\u0117l plataus konfig\u016bratoriaus galite rinktis i\u0161 daugyb\u0117s audini\u0173 su \u012fvairiomis tekst\u016bromis, spalvomis ir savyb\u0117mis. Tai leid\u017eia sukurti variant\u0105, puikiai atitinkant\u012f j\u016bs\u0173 konkre\u010di\u0105 interjero dizaino koncepcij\u0105. Personalizavimas apima tiek spalvas, tiek med\u017eiag\u0173 tipus, suteikdamas daug erdv\u0117s k\u016brybi\u0161kumui.<\/p>\n<p>\u201eScarlet\u201c k\u0117d\u0117 pasi\u017eymi auk\u0161tos kokyb\u0117s meistri\u0161kumu ir galimybe visi\u0161kai pritaikyti jos i\u0161vaizd\u0105 pagal individualius poreikius. Kruop\u0161\u010diai parinkti komponentai, \u012fskaitant patvar\u0173 metalin\u012f pagrind\u0105 ir patog\u0173 pamink\u0161tinim\u0105, u\u017etikrina gaminio ilgaam\u017ei\u0161kum\u0105. Tai pasirinkimas tiems, kurie vertina rafinuotas detales ir laisv\u0119 formuoti savo erdv\u0119.<\/p>","protected":false},"excerpt":{"rendered":"<p>Dydis (cm):<br \/>\nPlotis: 62<br \/>\nGylis: 61<br \/>\n\u016agis: 83<br \/>\nS\u0117dyn\u0117s auk\u0161tis: 54<\/p>","protected":false},"featured_media":204859,"comment_status":"open","ping_status":"closed","template":"","meta":[],"product_brand":[],"product_cat":[9133],"product_tag":[],"class_list":{"0":"post-204831","1":"product","2":"type-product","3":"status-publish","4":"has-post-thumbnail","6":"product_cat-grouped","8":"first","9":"instock","10":"shipping-taxable","11":"purchasable","12":"product-type-variable","13":"wvs-archive-product-wrapper"},"_links":{"self":[{"href":"https:\/\/baldumarket.lt\/lt\/wp-json\/wp\/v2\/product\/204831","targetHints":{"allow":["GET"]}}],"collection":[{"href":"https:\/\/baldumarket.lt\/lt\/wp-json\/wp\/v2\/product"}],"about":[{"href":"https:\/\/baldumarket.lt\/lt\/wp-json\/wp\/v2\/types\/product"}],"replies":[{"embeddable":true,"href":"https:\/\/baldumarket.lt\/lt\/wp-json\/wp\/v2\/comments?post=204831"}],"wp:featuredmedia":[{"embeddable":true,"href":"https:\/\/baldumarket.lt\/lt\/wp-json\/wp\/v2\/media\/204859"}],"wp:attachment":[{"href":"https:\/\/baldumarket.lt\/lt\/wp-json\/wp\/v2\/media?parent=204831"}],"wp:term":[{"taxonomy":"product_brand","embeddable":true,"href":"https:\/\/baldumarket.lt\/lt\/wp-json\/wp\/v2\/product_brand?post=204831"},{"taxonomy":"product_cat","embeddable":true,"href":"https:\/\/baldumarket.lt\/lt\/wp-json\/wp\/v2\/product_cat?post=204831"},{"taxonomy":"product_tag","embeddable":true,"href":"https:\/\/baldumarket.lt\/lt\/wp-json\/wp\/v2\/product_tag?post=204831"}],"curies":[{"name":"wp","href":"https:\/\/api.w.org\/{rel}","templated":true}]}}