{"id":204799,"date":"2025-12-25T19:32:03","date_gmt":"2025-12-25T16:32:03","guid":{"rendered":"https:\/\/baldumarket.lt\/?post_type=product&#038;p=204799"},"modified":"2026-02-03T23:21:26","modified_gmt":"2026-02-03T20:21:26","slug":"krzeslo-bono-bydgoskie-meble-skora-l2","status":"publish","type":"product","link":"https:\/\/baldumarket.lt\/lt\/product\/krzeslo-bono-bydgoskie-meble-skora-l2\/","title":{"rendered":"Bono k\u0117d\u0117 Bydgoszcz baldai odiniai L2"},"content":{"rendered":"<p>\u201eBydgoskie Meble\u201c \u201eBono\u201c k\u0117d\u0117 \u2013 tai pasirinkimas tiems, kurie vertina tvirt\u0105 meistri\u0161kum\u0105 ir kruop\u0161t\u0173 darb\u0105. I\u0161skirtinis dygsniavimas s\u0117dyn\u0117je ir atlo\u0161e suteikia jai i\u0161skirtinumo, o kruop\u0161tus formavimas u\u017etikrina komfort\u0105 ilgai s\u0117dint. Konstrukcija sukurta ilgalaikiam stabilumui ir patvarumui.<\/p>\n<p>S\u0117dyn\u0117 u\u017epildyta poliuretano putomis ir vingiuotomis spyruokl\u0117mis, kurios suteikia tinkam\u0105 atram\u0105 ir mink\u0161tum\u0105. Atlo\u0161as taip pat pagamintas i\u0161 poliuretano put\u0173, u\u017etikrinan\u010di\u0173 vienod\u0105 komfort\u0105 visoje k\u0117d\u0117je. Visa k\u0117d\u0117 remiasi \u012f metalines kojeles su juodu pagrindu, kurios suteikia tvirt\u0105 atram\u0105 ir suteikia dizainui modernumo.<\/p>\n<p>K\u0117d\u0117 si\u016bloma su \u012fvairiais audiniais, tod\u0117l galite pasirinkti variant\u0105, kuris geriausiai der\u0117s prie j\u016bs\u0173 interjero dizaino. Nepriklausomai nuo pasirinktos spalv\u0173 gamos, k\u0117d\u0117 i\u0161laiko savo i\u0161skirtin\u0119 i\u0161vaizd\u0105, o auk\u0161tos kojel\u0117s leid\u017eia lengvai palaikyti tvark\u0105 erdv\u0117je. \u0160is sprendimas puikiai tinka tiek valgomajam, tiek oficialioms erdv\u0117ms. Tiksl\u016bs matmenys leid\u017eia lengvai suplanuoti erdv\u0119: plotis 56 cm, auk\u0161tis 83 cm, gylis 62 cm ir s\u0117dyn\u0117s auk\u0161tis 54 cm. \u0160ie parametrai leid\u017eia k\u0117d\u0119 pritaikyti prie \u012fvairi\u0173 stal\u0173 i\u0161d\u0117stym\u0173 ir i\u0161laikyti komfort\u0105 net ilgesni\u0173 susitikim\u0173 metu.<\/p>\n<p>\u201eBono\u201c k\u0117d\u0117 sujungia kruop\u0161t\u0173 meistri\u0161kum\u0105 su modernia forma, sukurdama bald\u0105, kuris pary\u0161kina interjero charakter\u012f, ta\u010diau jo neu\u017ego\u017eia. Patvarios med\u017eiagos, gerai apgalvotas dizainas ir galimyb\u0117 suasmeninti audinius daro \u0161\u012f pasirinkim\u0105 puikiu, kuris i\u0161laikys savo savybes daugel\u012f met\u0173 kasdien naudojant.<\/p>","protected":false},"excerpt":{"rendered":"<p>Dydis (cm):<br \/>\nPlotis: 56<br \/>\nGylis: 62<br \/>\n\u016agis: 83<br \/>\nS\u0117dyn\u0117s auk\u0161tis: 54<\/p>","protected":false},"featured_media":204814,"comment_status":"open","ping_status":"closed","template":"","meta":[],"product_brand":[],"product_cat":[9133],"product_tag":[],"class_list":{"0":"post-204799","1":"product","2":"type-product","3":"status-publish","4":"has-post-thumbnail","6":"product_cat-grouped","8":"first","9":"instock","10":"shipping-taxable","11":"purchasable","12":"product-type-variable","13":"wvs-archive-product-wrapper"},"_links":{"self":[{"href":"https:\/\/baldumarket.lt\/lt\/wp-json\/wp\/v2\/product\/204799","targetHints":{"allow":["GET"]}}],"collection":[{"href":"https:\/\/baldumarket.lt\/lt\/wp-json\/wp\/v2\/product"}],"about":[{"href":"https:\/\/baldumarket.lt\/lt\/wp-json\/wp\/v2\/types\/product"}],"replies":[{"embeddable":true,"href":"https:\/\/baldumarket.lt\/lt\/wp-json\/wp\/v2\/comments?post=204799"}],"wp:featuredmedia":[{"embeddable":true,"href":"https:\/\/baldumarket.lt\/lt\/wp-json\/wp\/v2\/media\/204814"}],"wp:attachment":[{"href":"https:\/\/baldumarket.lt\/lt\/wp-json\/wp\/v2\/media?parent=204799"}],"wp:term":[{"taxonomy":"product_brand","embeddable":true,"href":"https:\/\/baldumarket.lt\/lt\/wp-json\/wp\/v2\/product_brand?post=204799"},{"taxonomy":"product_cat","embeddable":true,"href":"https:\/\/baldumarket.lt\/lt\/wp-json\/wp\/v2\/product_cat?post=204799"},{"taxonomy":"product_tag","embeddable":true,"href":"https:\/\/baldumarket.lt\/lt\/wp-json\/wp\/v2\/product_tag?post=204799"}],"curies":[{"name":"wp","href":"https:\/\/api.w.org\/{rel}","templated":true}]}}