{"id":204762,"date":"2025-12-25T19:29:05","date_gmt":"2025-12-25T16:29:05","guid":{"rendered":"https:\/\/baldumarket.lt\/?post_type=product&#038;p=204762"},"modified":"2026-02-03T23:21:28","modified_gmt":"2026-02-03T20:21:28","slug":"naroznik-legend-287x269cm-bydgoskie-meble-gr1","status":"publish","type":"product","link":"https:\/\/baldumarket.lt\/lt\/product\/naroznik-legend-287x269cm-bydgoskie-meble-gr1\/","title":{"rendered":"Legend kampin\u0117 sofa 287x269cm Bydgoskie Meble Gr1"},"content":{"rendered":"<p>\u201eBydgoskie Meble\u201c \u201eLegend\u201c kampin\u0117 sofa su 1RF(el)L\/P konfig\u016bracija \u2013 tiesus modulis \u2013 1SK-E-2.5F(L\/P) \u2013 tai universalus svetain\u0117s baldas, skirtas \u012fvairiems interjerams \u2013 nuo klasikinio iki modernaus. L formos dizainas leid\u017eia efektyviai i\u0161naudoti svetain\u0117s erdv\u0119, o kairiarankiams arba de\u0161iniarankiams (L\/P) skirtos versijos leid\u017eia lengvai pritaikyti j\u0105 prie bet kokio kambario i\u0161planavimo. Apmu\u0161tas atlo\u0161as leid\u017eia sof\u0105 pastatyti prie sienos arba kambario centre.<\/p>\n<p>Baldas pagamintas i\u0161 itin patvari\u0173 med\u017eiag\u0173. S\u0117dyn\u0117 u\u017epildyta zigzago spyruokl\u0117mis, didelio elastingumo putomis ir poliuretano putomis, u\u017etikrinan\u010diomis stabil\u0173 atram\u0105 ir komfort\u0105 ilgalaikio naudojimo metu. Atlo\u0161as turi elastinius dir\u017eelius, poliuretano putas ir silikonin\u012f \u012fd\u0117kl\u0105, u\u017etikrinant\u012f, kad jis i\u0161likt\u0173 savo forma ir elastingumas net ir intensyviai naudojant. Medin\u0117s kojel\u0117s yra \u012fvairi\u0173 spalv\u0173: venge, sendinto vy\u0161nios, nat\u016bralaus buko, nat\u016bralaus \u0105\u017euolo, rie\u0161uto, sidabro ir juodos.<\/p>\n<p>Unikali savyb\u0117 \u2013 elektrin\u0117 atsipalaidavimo funkcija, leid\u017eianti patogiai reguliuoti pad\u0117t\u012f pagal individualius poreikius. Reguliuojamos galvos atramos padidina komfort\u0105, o \u012fmontuotas baras su i\u0161traukiamu stalvir\u0161iu leid\u017eia lengvai patiekti g\u0117rimus ar laikyti smulkius aksesuarus. Be to, kampin\u0117 sofa turi nedidel\u012f stal\u010di\u0173, puikiai tinkant\u012f patalynei susid\u0117ti.<\/p>\n<p>\u0160is modelis taip pat puikiai tinka poilsiui per nakt\u012f. Miegamoji funkcija u\u017etikrina 120 x 193 cm pavir\u0161iaus plot\u0105, tod\u0117l tai yra pilnai funkcionali sve\u010di\u0173 lova. S\u0117dyn\u0117s auk\u0161tis yra 46 cm, o greito i\u0161lankstymo funkcija leid\u017eia paprastai ir patogiai paruo\u0161ti lov\u0105.<\/p>\n<p>Bendri kampin\u0117s sofos matmenys yra 269 cm plo\u010dio, 287 cm gylio ir nuo 89 iki 103 cm auk\u0161\u010dio (priklausomai nuo galvos atramos pad\u0117ties). Platus audini\u0173 ir od\u0173 pasirinkimas leid\u017eia priderinti apdail\u0105 prie j\u016bs\u0173 interjero charakterio, sukuriant darni\u0105 visum\u0105 su kitais dizaino elementais. D\u0117l kruop\u0161taus meistri\u0161kumo ir pla\u010di\u0173 pritaikymo galimybi\u0173 \u201eLegend\u201c kampin\u0117 sofa yra tvirtas bet kurio svetain\u0117s akcentas.<\/p>","protected":false},"excerpt":{"rendered":"<p>Dydis (cm):<br \/>\nPlotis: 269<br \/>\nGylis: 287<br \/>\n\u016agis: 103<br \/>\nS\u0117dyn\u0117s auk\u0161tis: 46<\/p>","protected":false},"featured_media":204785,"comment_status":"open","ping_status":"closed","template":"","meta":[],"product_brand":[],"product_cat":[9133],"product_tag":[],"class_list":{"0":"post-204762","1":"product","2":"type-product","3":"status-publish","4":"has-post-thumbnail","6":"product_cat-grouped","8":"first","9":"instock","10":"shipping-taxable","11":"purchasable","12":"product-type-variable","13":"wvs-archive-product-wrapper"},"_links":{"self":[{"href":"https:\/\/baldumarket.lt\/lt\/wp-json\/wp\/v2\/product\/204762","targetHints":{"allow":["GET"]}}],"collection":[{"href":"https:\/\/baldumarket.lt\/lt\/wp-json\/wp\/v2\/product"}],"about":[{"href":"https:\/\/baldumarket.lt\/lt\/wp-json\/wp\/v2\/types\/product"}],"replies":[{"embeddable":true,"href":"https:\/\/baldumarket.lt\/lt\/wp-json\/wp\/v2\/comments?post=204762"}],"wp:featuredmedia":[{"embeddable":true,"href":"https:\/\/baldumarket.lt\/lt\/wp-json\/wp\/v2\/media\/204785"}],"wp:attachment":[{"href":"https:\/\/baldumarket.lt\/lt\/wp-json\/wp\/v2\/media?parent=204762"}],"wp:term":[{"taxonomy":"product_brand","embeddable":true,"href":"https:\/\/baldumarket.lt\/lt\/wp-json\/wp\/v2\/product_brand?post=204762"},{"taxonomy":"product_cat","embeddable":true,"href":"https:\/\/baldumarket.lt\/lt\/wp-json\/wp\/v2\/product_cat?post=204762"},{"taxonomy":"product_tag","embeddable":true,"href":"https:\/\/baldumarket.lt\/lt\/wp-json\/wp\/v2\/product_tag?post=204762"}],"curies":[{"name":"wp","href":"https:\/\/api.w.org\/{rel}","templated":true}]}}