{"id":204733,"date":"2025-12-25T19:27:33","date_gmt":"2025-12-25T16:27:33","guid":{"rendered":"https:\/\/baldumarket.lt\/?post_type=product&#038;p=204733"},"modified":"2026-02-03T23:21:30","modified_gmt":"2026-02-03T20:21:30","slug":"naroznik-legend-269x215cm-bydgoskie-meble-gr1","status":"publish","type":"product","link":"https:\/\/baldumarket.lt\/lt\/product\/naroznik-legend-269x215cm-bydgoskie-meble-gr1\/","title":{"rendered":"Legend kampin\u0117 sofa 269x215cm Bydgoskie Meble Gr1"},"content":{"rendered":"<p>\u201eBydgoskie Meble\u201c \u201eLegend\u201c kampin\u0117 sofa 2.5F(L\/R)-E-1HT\/BK(L\/R) \u2013 tai erdvus poilsio baldas, skirtas svetain\u0117ms, darbo kambariams ar \u0161eimos susib\u016brimams. Jos plotis yra 269 cm, auk\u0161tis 89\u2013103 cm, o gylis 215 cm, tod\u0117l joje yra daug vietos tiek s\u0117d\u0117ti, tiek gul\u0117ti. Miegamoji dalis 120 x 193 cm, tod\u0117l kampin\u0117 sofa bet kuriuo metu gali b\u016bti naudojama kaip patogi lova.<\/p>\n<p>Kampin\u0117s sofos atlo\u0161as kruop\u0161\u010diai suprojektuotas ir suformuotas taip, kad palaikyt\u0173 nat\u016brali\u0105 stuburo pad\u0117t\u012f, o reguliuojamos galvos atramos leid\u017eia individualiai reguliuoti pad\u0117t\u012f. Apmu\u0161tas atlo\u0161as suteikia baldui \u012fsp\u016bding\u0105 i\u0161vaizd\u0105 net ir tada, kai jis pastatytas kambario centre, o ne tik prie sienos. Atlo\u0161o dygsniavimas suteikia baldui i\u0161skirtinumo, pabr\u0117\u017eiant d\u0117mes\u012f detal\u0117ms. S\u0117dyn\u0117 u\u017epildyta poliuretano put\u0173, banguotos spyruokl\u0117s ir didelio elastingumo put\u0173 deriniu, u\u017etikrinan\u010diu pakankam\u0105 elastingum\u0105 ir atsparum\u0105 deformacijai. Atlo\u0161as remiasi \u012f elastinius dir\u017eelius, o papildomai jame \u012fmontuotos poliuretano putos ir silikoninis \u012fd\u0117klas, u\u017etikrinantys mink\u0161tum\u0105 ir stabilum\u0105. Visa konstrukcija remiasi \u012f tvirtas medines kojeles, kurios suteikia jai lengvumo ir erdvumo poj\u016bt\u012f.<\/p>\n<p>\u0160is modelis si\u016blomas su \u012fvairiais apmu\u0161al\u0173 variantais \u2013 tiek audiniais, tiek odiniais \u2013 tod\u0117l jis dera prie \u012fvairi\u0173 interjero dizain\u0173. Kojeli\u0173 spalvos: venge, sendinta vy\u0161nia, nat\u016bralus bukas, nat\u016bralus \u0105\u017euolas, rie\u0161utmedis, sidabrin\u0117 ir juoda. Tai leid\u017eia kampinei sofai harmoningai papildyti esamus baldus ir kambario spalv\u0173 gam\u0105.<\/p>\n<p>Kampin\u0119 sof\u0105 galima u\u017esisakyti kair\u0117s arba de\u0161in\u0117s pus\u0117s (K\/D), tod\u0117l j\u0105 lengva pritaikyti prie konkretaus kambario i\u0161planavimo. L formos dizainas leid\u017eia patogiai s\u0117d\u0117ti, o miegojimo funkcija praple\u010dia kasdienio naudojimo galimybes. \u201eLegend\u201c kampin\u0117 sofa 2.5F(K\/P)-E-1HT\/BK(K\/P) \u2013 tai pasi\u016blymas \u017emon\u0117ms, kurie vertina komfort\u0105, ilgaam\u017ei\u0161kum\u0105 ir kruop\u0161t\u0173 darb\u0105 modernioje versijoje.<\/p>","protected":false},"excerpt":{"rendered":"<p>Dydis (cm):<br \/>\nPlotis: 269<br \/>\nGylis: 215<br \/>\n\u016agis: 103<br \/>\nS\u0117dyn\u0117s auk\u0161tis: 46<\/p>","protected":false},"featured_media":204763,"comment_status":"open","ping_status":"closed","template":"","meta":[],"product_brand":[],"product_cat":[9133],"product_tag":[],"class_list":{"0":"post-204733","1":"product","2":"type-product","3":"status-publish","4":"has-post-thumbnail","6":"product_cat-grouped","8":"first","9":"instock","10":"shipping-taxable","11":"purchasable","12":"product-type-variable","13":"wvs-archive-product-wrapper"},"_links":{"self":[{"href":"https:\/\/baldumarket.lt\/lt\/wp-json\/wp\/v2\/product\/204733","targetHints":{"allow":["GET"]}}],"collection":[{"href":"https:\/\/baldumarket.lt\/lt\/wp-json\/wp\/v2\/product"}],"about":[{"href":"https:\/\/baldumarket.lt\/lt\/wp-json\/wp\/v2\/types\/product"}],"replies":[{"embeddable":true,"href":"https:\/\/baldumarket.lt\/lt\/wp-json\/wp\/v2\/comments?post=204733"}],"wp:featuredmedia":[{"embeddable":true,"href":"https:\/\/baldumarket.lt\/lt\/wp-json\/wp\/v2\/media\/204763"}],"wp:attachment":[{"href":"https:\/\/baldumarket.lt\/lt\/wp-json\/wp\/v2\/media?parent=204733"}],"wp:term":[{"taxonomy":"product_brand","embeddable":true,"href":"https:\/\/baldumarket.lt\/lt\/wp-json\/wp\/v2\/product_brand?post=204733"},{"taxonomy":"product_cat","embeddable":true,"href":"https:\/\/baldumarket.lt\/lt\/wp-json\/wp\/v2\/product_cat?post=204733"},{"taxonomy":"product_tag","embeddable":true,"href":"https:\/\/baldumarket.lt\/lt\/wp-json\/wp\/v2\/product_tag?post=204733"}],"curies":[{"name":"wp","href":"https:\/\/api.w.org\/{rel}","templated":true}]}}