{"id":204732,"date":"2025-12-25T19:27:32","date_gmt":"2025-12-25T16:27:32","guid":{"rendered":"https:\/\/baldumarket.lt\/?post_type=product&#038;p=204732"},"modified":"2026-03-05T10:28:22","modified_gmt":"2026-03-05T07:28:22","slug":"naroznik-bourbon-1of-ext-m-rec-bydgoskie-meble","status":"publish","type":"product","link":"https:\/\/baldumarket.lt\/lt\/product\/naroznik-bourbon-1of-ext-m-rec-bydgoskie-meble\/","title":{"rendered":"Kampin\u0117 sofa BOURBON 1OF EXT-M.REC Bydgoskie Meble"},"content":{"rendered":"<p>\u201eBydgoskie Meble\u201c kampin\u0117 sofa \u201eBourbon\u201c skirta tiems, kurie vertina tvirt\u0105 meistri\u0161kum\u0105 ir kasdien\u012f komfort\u0105. Gili s\u0117dyn\u0117, kuri\u0105 galima prailginti dar 18 cm d\u0117l slankiojan\u010dios atlo\u0161o dalies, leid\u017eia lanks\u010diai prisitaikyti prie \u0161eimos nari\u0173 ir sve\u010di\u0173 poreiki\u0173. Subalansuotos bald\u0173 proporcijos pabr\u0117\u017eia j\u0173 modern\u0173 charakter\u012f ir kartu u\u017etikrina komfort\u0105 \u012fvairiuose svetain\u0117s i\u0161d\u0117stymuose.<\/p>\n<p>Konstrukcijoje naudojama banguota spyruokl\u0117 ir didelio elastingumo poliuretano putos, u\u017etikrinan\u010dios ilgaam\u017ei\u0161kum\u0105 ir stabil\u0173 atram\u0105. \u0160is sprendimas suma\u017eina deformacij\u0105 ir u\u017etikrina, kad kampin\u0117 sofa i\u0161laiko savo form\u0105 net ir intensyviai naudojant. Tvirtas pagrindas u\u017etikrina, kad visa sofa daugel\u012f met\u0173 i\u0161laikys savo pirmines savybes.<\/p>\n<p>Poilsio komfort\u0105 sustiprina laisvos pagalv\u0117l\u0117s, pripildytos kruop\u0161\u010diai atrinkto granuli\u0173 ir silikono mi\u0161inio. D\u0117l to atlo\u0161as yra mink\u0161tas, ta\u010diau patvarus, skatinantis atsipalaidavim\u0105 po ilgos dienos. Pagalv\u0117les galima lengvai i\u0161d\u0117styti pagal savo pageidavimus, reguliuojant atramos kamp\u0105 pagal individualius poreikius.<\/p>\n<p>Tiksliai apibr\u0117\u017eti matmenys u\u017etikrina, kad \u0161is modelis tiks \u012fvairiose erdv\u0117se. 223 cm plo\u010dio, 176 cm gylio ir 68 cm auk\u0161\u010dio sofa patogiai telpa tiek erdvioje svetain\u0117je, tiek ma\u017eesn\u0117je erdv\u0117je. Subalansuota forma taip pat supaprastina papildom\u0173 bald\u0173 pasirinkim\u0105.<\/p>\n<p>Kampin\u0117 sofa \u201eBourbon\u201c \u2013 puikus pasirinkimas ie\u0161kantiems baldo, kuris u\u017etikrint\u0173 atsipalaidavim\u0105 ir tarnaut\u0173 ilgus metus. \u0160iuolaikin\u0117s u\u017epildymo technologijos ir rafinuot\u0173 konstrukcini\u0173 detali\u0173 derinys sukuria s\u0117dim\u0105j\u0105 zon\u0105, kuri skatina leisti laik\u0105 kartu. \u0160is dizainas sujungia auk\u0161tos kokyb\u0117s med\u017eiagas su kasdienio naudojimo komfortu, suteikdamas interjerui i\u0161skirtinio charakterio.<\/p>","protected":false},"excerpt":{"rendered":"<p>\u201eBydgoskie Meble\u201c kampin\u0117 sofa \u201eBourbon\u201c skirta tiems, kurie vertina tvirt\u0105 meistri\u0161kum\u0105 ir kasdien\u012f komfort\u0105. Gili s\u0117dyn\u0117, kuri\u0105 galima prailginti dar 18 cm d\u0117l slankiojan\u010dios atlo\u0161o dalies, leid\u017eia lanks\u010diai prisitaikyti prie \u0161eimos nari\u0173 ir sve\u010di\u0173 poreiki\u0173. Subalansuotos bald\u0173 proporcijos pabr\u0117\u017eia j\u0173 modern\u0173 charakter\u012f [\u2026]<\/p>","protected":false},"featured_media":204736,"comment_status":"open","ping_status":"closed","template":"","meta":[],"product_brand":[],"product_cat":[9712,6033,616,1983],"product_tag":[],"class_list":{"0":"post-204732","1":"product","2":"type-product","3":"status-publish","4":"has-post-thumbnail","6":"product_cat-upholstered-furniture-bourbon-bydgoskie","7":"product_cat-bydgoskie-meble","8":"product_cat-corners","9":"product_cat-corners-l","11":"first","12":"instock","13":"shipping-taxable","14":"product-type-grouped"},"_links":{"self":[{"href":"https:\/\/baldumarket.lt\/lt\/wp-json\/wp\/v2\/product\/204732","targetHints":{"allow":["GET"]}}],"collection":[{"href":"https:\/\/baldumarket.lt\/lt\/wp-json\/wp\/v2\/product"}],"about":[{"href":"https:\/\/baldumarket.lt\/lt\/wp-json\/wp\/v2\/types\/product"}],"replies":[{"embeddable":true,"href":"https:\/\/baldumarket.lt\/lt\/wp-json\/wp\/v2\/comments?post=204732"}],"wp:featuredmedia":[{"embeddable":true,"href":"https:\/\/baldumarket.lt\/lt\/wp-json\/wp\/v2\/media\/204736"}],"wp:attachment":[{"href":"https:\/\/baldumarket.lt\/lt\/wp-json\/wp\/v2\/media?parent=204732"}],"wp:term":[{"taxonomy":"product_brand","embeddable":true,"href":"https:\/\/baldumarket.lt\/lt\/wp-json\/wp\/v2\/product_brand?post=204732"},{"taxonomy":"product_cat","embeddable":true,"href":"https:\/\/baldumarket.lt\/lt\/wp-json\/wp\/v2\/product_cat?post=204732"},{"taxonomy":"product_tag","embeddable":true,"href":"https:\/\/baldumarket.lt\/lt\/wp-json\/wp\/v2\/product_tag?post=204732"}],"curies":[{"name":"wp","href":"https:\/\/api.w.org\/{rel}","templated":true}]}}