{"id":204698,"date":"2025-12-25T19:25:26","date_gmt":"2025-12-25T16:25:26","guid":{"rendered":"https:\/\/baldumarket.lt\/?post_type=product&#038;p=204698"},"modified":"2026-02-03T23:21:32","modified_gmt":"2026-02-03T20:21:32","slug":"fotel-mira-z-podstawa-koszowa-bydgoskie-meble-gr3","status":"publish","type":"product","link":"https:\/\/baldumarket.lt\/lt\/product\/fotel-mira-z-podstawa-koszowa-bydgoskie-meble-gr3\/","title":{"rendered":"Mira fotelis su krep\u0161elio pagrindu Bydgoskie Meble Gr3"},"content":{"rendered":"<p>\u201eBydgoskie Meble\u201c \u201eMira\u201c fotelis \u2013 puikus pasirinkimas ie\u0161kantiems baldo su i\u0161skirtiniu charakteriu ir rafinuotomis detal\u0117mis. Apvalios formos sukuria jauki\u0105 i\u0161vaizd\u0105, kuri skatina atsipalaidavim\u0105 ir suteikia bet kokiam interjerui unikalumo. Juodo metalo krep\u0161io pagrindas pabr\u0117\u017eia tvirt\u0105 konstrukcij\u0105 ir u\u017etikrina ilgalaik\u012f stabilum\u0105.<\/p>\n<p>\u0160is modelis yra 82 cm plo\u010dio, 77 cm gylio ir 87 cm auk\u0161\u010dio, tod\u0117l puikiai tinka tiek erdvioms svetain\u0117ms, tiek jaukesn\u0117ms erdv\u0117ms. 46 cm s\u0117dyn\u0117s auk\u0161tis leid\u017eia patogiai stov\u0117ti ir lengvai pritaikyti j\u012f prie \u012fvairi\u0173 tip\u0173 stal\u0173 ar pakoj\u0173. Fotelio proporcijos buvo kruop\u0161\u010diai apgalvotos, siekiant u\u017etikrinti optimal\u0173 komfort\u0105.<\/p>\n<p>Atlo\u0161as u\u017epildytas poliuretano putomis, o s\u0117dyn\u0117 papildyta didelio elastingumo putomis su zigzago spyruokle, kurios suteikia malon\u0173 mink\u0161tum\u0105 ir tinkam\u0105 k\u016bno atram\u0105. \u0160is sprendimas u\u017etikrina ilgalaik\u0119 form\u0105 ir komfort\u0105 net ir intensyviai naudojant. Patog\u016bs porankiai dar labiau sustiprina atsipalaidavimo poj\u016bt\u012f.<\/p>\n<p>Klientai gali rinktis i\u0161 plataus apmu\u0161al\u0173 audini\u0173 asortimento, tod\u0117l kr\u0117sl\u0105 galima pritaikyti pagal individualius pageidavimus ir interjero charakter\u012f. Renkantis dviej\u0173 med\u017eiag\u0173 derin\u012f, i\u0161or\u0117 ir atlo\u0161as visada apdailinami \u201eElefant\u201c arba \u201eStratos\u201c audiniu, o antrasis audinys gali b\u016bti tiekiamas i\u0161 viso gamintojo asortimento. Tai leid\u017eia rinktis i\u0161 daugyb\u0117s spalv\u0173 gam\u0173.<\/p>\n<p>D\u0117l kruop\u0161taus meistri\u0161kumo ir auk\u0161tos kokyb\u0117s med\u017eiag\u0173 naudojimo \u201eMira\u201c fotelis i\u0161liks ne tik patrauklus, bet ir patogus daugel\u012f met\u0173. Modernios linijos, rafinuoti matmenys ir pritaikymo galimyb\u0117s u\u017etikrina, kad jis harmoningai papildys \u012fvairius interjerus \u2013 nuo minimalistini\u0173 iki i\u0161rai\u0161kingesni\u0173. \u0160is dizainas i\u0161siskiria patvarumu ir rafinuotomis detal\u0117mis, sukurdamas patogi\u0105 erdv\u0119 kasdieniam poilsiui.<\/p>","protected":false},"excerpt":{"rendered":"<p>Dydis (cm):<br \/>\nPlotis: 82<br \/>\nGylis: 77<br \/>\n\u016agis: 87<br \/>\nS\u0117dyn\u0117s auk\u0161tis: 46<\/p>","protected":false},"featured_media":204724,"comment_status":"open","ping_status":"closed","template":"","meta":[],"product_brand":[],"product_cat":[9133],"product_tag":[],"class_list":{"0":"post-204698","1":"product","2":"type-product","3":"status-publish","4":"has-post-thumbnail","6":"product_cat-grouped","8":"first","9":"instock","10":"shipping-taxable","11":"purchasable","12":"product-type-variable","13":"wvs-archive-product-wrapper"},"_links":{"self":[{"href":"https:\/\/baldumarket.lt\/lt\/wp-json\/wp\/v2\/product\/204698","targetHints":{"allow":["GET"]}}],"collection":[{"href":"https:\/\/baldumarket.lt\/lt\/wp-json\/wp\/v2\/product"}],"about":[{"href":"https:\/\/baldumarket.lt\/lt\/wp-json\/wp\/v2\/types\/product"}],"replies":[{"embeddable":true,"href":"https:\/\/baldumarket.lt\/lt\/wp-json\/wp\/v2\/comments?post=204698"}],"wp:featuredmedia":[{"embeddable":true,"href":"https:\/\/baldumarket.lt\/lt\/wp-json\/wp\/v2\/media\/204724"}],"wp:attachment":[{"href":"https:\/\/baldumarket.lt\/lt\/wp-json\/wp\/v2\/media?parent=204698"}],"wp:term":[{"taxonomy":"product_brand","embeddable":true,"href":"https:\/\/baldumarket.lt\/lt\/wp-json\/wp\/v2\/product_brand?post=204698"},{"taxonomy":"product_cat","embeddable":true,"href":"https:\/\/baldumarket.lt\/lt\/wp-json\/wp\/v2\/product_cat?post=204698"},{"taxonomy":"product_tag","embeddable":true,"href":"https:\/\/baldumarket.lt\/lt\/wp-json\/wp\/v2\/product_tag?post=204698"}],"curies":[{"name":"wp","href":"https:\/\/api.w.org\/{rel}","templated":true}]}}