{"id":204657,"date":"2025-12-25T19:23:11","date_gmt":"2025-12-25T16:23:11","guid":{"rendered":"https:\/\/baldumarket.lt\/?post_type=product&#038;p=204657"},"modified":"2026-02-03T23:21:34","modified_gmt":"2026-02-03T20:21:34","slug":"naroznik-davos-bydgoskie-meble-gr2","status":"publish","type":"product","link":"https:\/\/baldumarket.lt\/lt\/product\/naroznik-davos-bydgoskie-meble-gr2\/","title":{"rendered":"Davos kampin\u0117 sofa Bydgoskie Meble Gr2"},"content":{"rendered":"<p>\u201eBydgoskie Meble\u201c \u201eDavos\u201c kampin\u0117 sofa \u2013 tai erdvi, L formos poilsio sofa, skirta didel\u0117ms erdv\u0117ms. Jos dizain\u0105 sudaro \u201ePrime\u201c modulis su lempa, USB jungtimi ir daiktad\u0117\u017ee, taip pat du moduliai su elektriniu galvos atramos reguliavimu, u\u017etikrinan\u010diu kasdien\u012f komfort\u0105. Visas baldas stovi ant \u017eem\u0173 plastikini\u0173 kojeli\u0173, kurios suteikia stabilumo ir lengvumo.<br \/>\n\u012esp\u016bdingi kampin\u0117s sofos matmenys \u2013 287 cm plo\u010dio, 287 cm gylio ir 100 cm auk\u0161\u010dio \u2013 puikiai tinka erdvioms svetain\u0117ms. D\u0117l didel\u0117s s\u0117dimosios dalies joje gali patogiai atsipalaiduoti keli \u017emon\u0117s. Papildomas privalumas \u2013 \u201ePuma\u201c miegojimo funkcija, leid\u017eianti lengvai transformuoti sof\u0105 \u012f patogi\u0105 lov\u0105.<br \/>\nS\u0117dyn\u0117s vidus sukurtas galvojant apie komfort\u0105. Jis u\u017epildytas A tipo banguotomis spyruokl\u0117mis, didelio elastingumo putomis ir ki\u0161eniniu u\u017epildu, u\u017etikrinan\u010diu tinkam\u0105 k\u016bno atram\u0105 net ir ilgai s\u0117dint. \u0160is med\u017eiag\u0173 derinys padidina baldo patvarum\u0105 ir atsparum\u0105, suma\u017eindamas deformacijos rizik\u0105. Kampin\u0117s sofos atlo\u0161as yra paremtas elastingais dir\u017eeliais ir poliuretano putomis, tod\u0117l prisitaiko prie nat\u016brali\u0173 k\u016bno linki\u0173. \u0160i konstrukcija padidina komfort\u0105 ir kartu u\u017etikrina stabili\u0105 nugaros atram\u0105. Vartotojai gali reguliuoti galvos atramos kamp\u0105 pagal savo poreikius.<\/p>\n<p>Dar vienas \u0161io modelio privalumas \u2013 platus konfig\u016bratorius, leid\u017eiantis suasmeninti baldo i\u0161vaizd\u0105. Galima rinktis i\u0161 daugyb\u0117s audini\u0173 ir od\u0173 su \u012fvairiomis tekst\u016bromis, spalvomis ir savyb\u0117mis, tod\u0117l kampin\u0119 sof\u0105 galite visi\u0161kai pritaikyti prie savo individualaus interjero dizaino. \u201eDavos\u201c kampin\u0117 sofa si\u016blo ne tik patog\u0173 poils\u012f, bet ir plat\u0173 estetini\u0173 pritaikymo galimybi\u0173 pasirinkim\u0105.<\/p>\n<p>\u0160is baldas yra modulin\u0117s kolekcijos dalis, leid\u017eianti laisvai keisti i\u0161planavim\u0105 ir pritaikyti j\u012f prie savo interjero poreiki\u0173. Taip pat galima supaprastinti si\u016blom\u0105 konfig\u016bracij\u0105. Pasi\u016blyme yra moduli\u0173 be elektrinio galvos atramos reguliavimo, versija su paprastesniu strypu ir variantas su miegojimo funkcija (itali\u0161kas r\u0117mas). Nor\u0117dami gauti daugiau informacijos, susisiekite su m\u016bs\u0173 klient\u0173 aptarnavimo specialistais.<\/p>","protected":false},"excerpt":{"rendered":"<p>Dydis (cm):<br \/>\nPlotis: 287<br \/>\nGylis: 100<br \/>\n\u016agis: 287<br \/>\nS\u0117dyn\u0117s auk\u0161tis: 47<br \/>\nS\u0117dyn\u0117s gylis: 60<\/p>","protected":false},"featured_media":204686,"comment_status":"open","ping_status":"closed","template":"","meta":[],"product_brand":[],"product_cat":[9133],"product_tag":[],"class_list":{"0":"post-204657","1":"product","2":"type-product","3":"status-publish","4":"has-post-thumbnail","6":"product_cat-grouped","8":"first","9":"instock","10":"shipping-taxable","11":"purchasable","12":"product-type-variable","13":"wvs-archive-product-wrapper"},"_links":{"self":[{"href":"https:\/\/baldumarket.lt\/lt\/wp-json\/wp\/v2\/product\/204657","targetHints":{"allow":["GET"]}}],"collection":[{"href":"https:\/\/baldumarket.lt\/lt\/wp-json\/wp\/v2\/product"}],"about":[{"href":"https:\/\/baldumarket.lt\/lt\/wp-json\/wp\/v2\/types\/product"}],"replies":[{"embeddable":true,"href":"https:\/\/baldumarket.lt\/lt\/wp-json\/wp\/v2\/comments?post=204657"}],"wp:featuredmedia":[{"embeddable":true,"href":"https:\/\/baldumarket.lt\/lt\/wp-json\/wp\/v2\/media\/204686"}],"wp:attachment":[{"href":"https:\/\/baldumarket.lt\/lt\/wp-json\/wp\/v2\/media?parent=204657"}],"wp:term":[{"taxonomy":"product_brand","embeddable":true,"href":"https:\/\/baldumarket.lt\/lt\/wp-json\/wp\/v2\/product_brand?post=204657"},{"taxonomy":"product_cat","embeddable":true,"href":"https:\/\/baldumarket.lt\/lt\/wp-json\/wp\/v2\/product_cat?post=204657"},{"taxonomy":"product_tag","embeddable":true,"href":"https:\/\/baldumarket.lt\/lt\/wp-json\/wp\/v2\/product_tag?post=204657"}],"curies":[{"name":"wp","href":"https:\/\/api.w.org\/{rel}","templated":true}]}}