{"id":204654,"date":"2025-12-25T19:23:07","date_gmt":"2025-12-25T16:23:07","guid":{"rendered":"https:\/\/baldumarket.lt\/?post_type=product&#038;p=204654"},"modified":"2026-03-05T10:28:22","modified_gmt":"2026-03-05T07:28:22","slug":"naroznik-alexandria-rec-bk-25f-tre-15-modul-prime-15rf-bydgoskie-meble","status":"publish","type":"product","link":"https:\/\/baldumarket.lt\/lt\/product\/naroznik-alexandria-rec-bk-25f-tre-15-modul-prime-15rf-bydgoskie-meble\/","title":{"rendered":"ALEXANDRIA kampin\u0117 sofa REC\/BK-2.5F-TRE-1.5 pagrindinis modulis-1.5RF Bydgoskie Meble"},"content":{"rendered":"<p>\u201eBydgoskie Meble\u201c kampin\u0117 sofa \u201eAlexandria REC\/BK-2.5F-TRE-1.5 prime-1.5RF\u201c \u2013 tai rafinuotas, U formos modulinis baldas, skirtas erdvioms svetain\u0117ms. Jos matmenys: plotis 331 cm, auk\u0161tis 90 cm, gylis 298 cm, trumpesn\u0117s kra\u0161tin\u0117s ilgis \u2013 177 cm. S\u0117dyn\u0117s auk\u0161tis \u2013 46 cm, o gylis \u2013 59 cm, tod\u0117l joje gali atsipalaiduoti visa \u0161eima ar didesn\u0117 sve\u010di\u0173 grup\u0117.<\/p>\n<p>\u0160is modelis turi \u201ePuma\u201c stiliaus miegojimo funkcij\u0105 ir patalyn\u0117s skyri\u0173, tod\u0117l j\u012f lengva naudoti kaip lov\u0105 retkar\u010diais. Papildomas privalumas \u2013 viename i\u0161 bald\u0173 element\u0173 esanti elektrin\u0117 radijo da\u017eni\u0173 funkcija. Visas baldas stovi ant \u017eem\u0173 plastikini\u0173 kojeli\u0173, kurios u\u017etikrina stabilum\u0105 ir lengv\u0105 valym\u0105 po konstrukcija.<\/p>\n<p>S\u0117dyn\u0117s u\u017epildytos A tipo banguotomis spyruokl\u0117mis, didelio elastingumo putomis ir ki\u0161eniniu u\u017epildu, u\u017etikrinan\u010diu auk\u0161t\u0105 komforto lyg\u012f ir ilgaam\u017ei\u0161kum\u0105. Atlo\u0161as turi elastinius dir\u017eelius, poliuretano putas ir silikono pluo\u0161to \u012fd\u0117kl\u0105, kurie suteikia mink\u0161tumo ir tinkam\u0105 nugaros atram\u0105. Galvos atramos ne\u012fskai\u010diuotos; jas galima \u012fsigyti kaip papildom\u0105 pried\u0105 tiems, kurie vertina papildom\u0105 galvos ir kaklo atram\u0105.<\/p>\n<p>I\u0161skirtinis \u201eAlexandria\u201c kolekcijos bruo\u017eas \u2013 modulis su i\u0161traukiamu stal\u010diumi ir USB prievadu, pagamintas i\u0161 nat\u016bralios odos, kuris padidina kasdien\u012f komfort\u0105 ir leid\u017eia \u012fkrauti mobiliuosius \u012frenginius be papildom\u0173 maitinimo lizd\u0173. \u0160is sprendimas paver\u010dia kampin\u0119 sof\u0105 patogiu atsipalaidavimo ir kasdienio poilsio centru.<\/p>\n<p>Gamintojas si\u016blo plat\u0173 \u012fvairi\u0173 tekst\u016br\u0173 ir spalv\u0173 audini\u0173 pasirinkim\u0105, kur\u012f galima \u012fsigyti naudojantis i\u0161samiu konfig\u016bratoriumi, leid\u017eian\u010diu pritaikyti kampin\u0119 sof\u0105 prie individualaus interjero dizaino. Modulin\u0117 kolekcija \u201eAlexandria\u201c taip pat leid\u017eia keisti bald\u0173 konfig\u016bracij\u0105 \u2013 prireikus susisiekite su klient\u0173 aptarnavimo tarnyba, kad pritaikytum\u0117te konfig\u016bracij\u0105 bet kokiai svetainei.<\/p>","protected":false},"excerpt":{"rendered":"<p>The Alexandria REC\/BK-2.5F-TRE-1.5 prime-1.5RF corner sofa by Bydgoskie Meble is a sophisticated, U-shaped modular piece of furniture designed for spacious living rooms. Its dimensions are: width 331 cm, height 90 cm, and depth 298 cm, with the shorter side measuring 177 cm. The seat height is 46 cm and seat depth 59 cm, providing ample [&hellip;]<\/p>","protected":false},"featured_media":204660,"comment_status":"open","ping_status":"closed","template":"","meta":[],"product_brand":[],"product_cat":[9709,6033,616,1982],"product_tag":[],"class_list":{"0":"post-204654","1":"product","2":"type-product","3":"status-publish","4":"has-post-thumbnail","6":"product_cat-upholstered-furniture-alexandria-bydgoskie","7":"product_cat-bydgoskie-meble","8":"product_cat-corners","9":"product_cat-corners-u","11":"first","12":"instock","13":"shipping-taxable","14":"product-type-grouped"},"_links":{"self":[{"href":"https:\/\/baldumarket.lt\/lt\/wp-json\/wp\/v2\/product\/204654","targetHints":{"allow":["GET"]}}],"collection":[{"href":"https:\/\/baldumarket.lt\/lt\/wp-json\/wp\/v2\/product"}],"about":[{"href":"https:\/\/baldumarket.lt\/lt\/wp-json\/wp\/v2\/types\/product"}],"replies":[{"embeddable":true,"href":"https:\/\/baldumarket.lt\/lt\/wp-json\/wp\/v2\/comments?post=204654"}],"wp:featuredmedia":[{"embeddable":true,"href":"https:\/\/baldumarket.lt\/lt\/wp-json\/wp\/v2\/media\/204660"}],"wp:attachment":[{"href":"https:\/\/baldumarket.lt\/lt\/wp-json\/wp\/v2\/media?parent=204654"}],"wp:term":[{"taxonomy":"product_brand","embeddable":true,"href":"https:\/\/baldumarket.lt\/lt\/wp-json\/wp\/v2\/product_brand?post=204654"},{"taxonomy":"product_cat","embeddable":true,"href":"https:\/\/baldumarket.lt\/lt\/wp-json\/wp\/v2\/product_cat?post=204654"},{"taxonomy":"product_tag","embeddable":true,"href":"https:\/\/baldumarket.lt\/lt\/wp-json\/wp\/v2\/product_tag?post=204654"}],"curies":[{"name":"wp","href":"https:\/\/api.w.org\/{rel}","templated":true}]}}