{"id":204629,"date":"2025-12-25T19:21:51","date_gmt":"2025-12-25T16:21:51","guid":{"rendered":"https:\/\/baldumarket.lt\/?post_type=product&#038;p=204629"},"modified":"2026-03-05T10:28:22","modified_gmt":"2026-03-05T07:28:22","slug":"naroznik-alexandria-25f-tre-15ht-bk-bydgoskie-meble","status":"publish","type":"product","link":"https:\/\/baldumarket.lt\/lt\/product\/naroznik-alexandria-25f-tre-15ht-bk-bydgoskie-meble\/","title":{"rendered":"ALEXANDRIA kampin\u0117 sofa 2.5F-TRE-1.5HT\/BK Bydgoskie Meble"},"content":{"rendered":"<p>\u201eBydgoskie Meble\u201c kampin\u0117 sofa \u201eAlexandria 2.5F-TRE-1.5HT\/BK\u201c \u2013 tai universalus poilsio baldas, skirtas kasdieniam poilsiui. Bendri matmenys: plotis 260 cm, auk\u0161tis 90 cm, gylis 209 cm, tod\u0117l joje yra daug s\u0117d\u0117jimo ir miegojimo vietos. Trumpesn\u0117 \u0161onin\u0117 dalis yra 98 cm ilgio, tod\u0117l sofa harmoningai u\u017epildo svetain\u0119 neu\u017ego\u017edama viso interjero.<\/p>\n<p>Modelis stovi ant \u017eem\u0173 plastikini\u0173 kojeli\u0173, kurios suteikia jam tvirt\u0105 stabilum\u0105 ir leid\u017eia lengvai valyti apa\u010di\u0105. S\u0117dyn\u0117s auk\u0161tis yra 46 cm, o gylis \u2013 59 cm, tod\u0117l patogiai galima s\u0117d\u0117ti ir gul\u0117ti. \u201ePuma\u201c miegojimo funkcija leid\u017eia greitai i\u0161lankstyti \u010diu\u017ein\u012f ir sukurti papildomos miegojimo vietos.<\/p>\n<p>S\u0117dyn\u0117s konstrukcijoje naudojamos A tipo vingiuotos spyruokl\u0117s, didelio elastingumo putplastis ir ki\u0161enini\u0173 spyruokli\u0173 \u0161erdis, u\u017etikrinan\u010dios tvirt\u0105 atram\u0105 ir pakankam\u0105 elastingum\u0105. Atlo\u0161as suformuotas i\u0161 elasting\u0173 dir\u017eeli\u0173, poliuretano put\u0173 ir silikoninio pluo\u0161to \u012fd\u0117klo, u\u017etikrinan\u010dio mink\u0161tum\u0105 ir komfort\u0105 ilgo poilsio metu. \u012emontuotas patalyn\u0117s skyrius leid\u017eia diskreti\u0161kai laikyti antklodes ir pagalves, tod\u0117l kasdienis naudojimas yra lengvesnis.<br \/>\nModulin\u0117 \u201eAlexandria\u201c kolekcija si\u016blo plat\u0173 konfig\u016bracijos variant\u0173 pasirinkim\u0105. Plati sistema leid\u017eia individualiai koreguoti komplekto form\u0105; jei reikia pakeisti i\u0161d\u0117stym\u0105, susisiekite su klient\u0173 aptarnavimo tarnyba. Komplekte n\u0117ra galvos atram\u0173, kurias galima \u012fsigyti kaip papildom\u0105 pried\u0105, siekiant padidinti j\u016bs\u0173 komfort\u0105.<\/p>\n<p>Papildomas privalumas \u2013 platus apmu\u0161al\u0173 pasirinkimas, \u012fskaitant de\u0161imtis audini\u0173 su \u012fvairiomis tekst\u016bromis ir spalvomis. Tai leid\u017eia priderinti kampin\u0119 sof\u0105 prie savo dizaino koncepcijos, nepriklausomai nuo interjero stiliaus. D\u0117l to \u201eAlexandria 2.5F-TRE-1.5HT\/BK\u201c kampin\u0117 sofa tampa ne tik poilsio vieta, bet ir asmeniniu j\u016bs\u0173 svetain\u0117s dekoro elementu.<\/p>","protected":false},"excerpt":{"rendered":"<p>\u201eBydgoskie Meble\u201c kampin\u0117 sofa \u201eAlexandria 2.5F-TRE-1.5HT\/BK\u201c \u2013 tai universalus poilsio baldas, skirtas kasdieniam poilsiui. Bendri matmenys: plotis 260 cm, auk\u0161tis 90 cm, gylis 209 cm, tod\u0117l yra daug s\u0117d\u0117jimo ir miegojimo vietos. Trumpesn\u0117s \u0161onin\u0117s dalies ilgis yra 98 cm, tod\u0117l sofa harmoningai u\u017epildo svetain\u0119 [\u2026]<\/p>","protected":false},"featured_media":204639,"comment_status":"open","ping_status":"closed","template":"","meta":[],"product_brand":[],"product_cat":[9709,6033,616,1983],"product_tag":[],"class_list":{"0":"post-204629","1":"product","2":"type-product","3":"status-publish","4":"has-post-thumbnail","6":"product_cat-upholstered-furniture-alexandria-bydgoskie","7":"product_cat-bydgoskie-meble","8":"product_cat-corners","9":"product_cat-corners-l","11":"first","12":"instock","13":"shipping-taxable","14":"product-type-grouped"},"_links":{"self":[{"href":"https:\/\/baldumarket.lt\/lt\/wp-json\/wp\/v2\/product\/204629","targetHints":{"allow":["GET"]}}],"collection":[{"href":"https:\/\/baldumarket.lt\/lt\/wp-json\/wp\/v2\/product"}],"about":[{"href":"https:\/\/baldumarket.lt\/lt\/wp-json\/wp\/v2\/types\/product"}],"replies":[{"embeddable":true,"href":"https:\/\/baldumarket.lt\/lt\/wp-json\/wp\/v2\/comments?post=204629"}],"wp:featuredmedia":[{"embeddable":true,"href":"https:\/\/baldumarket.lt\/lt\/wp-json\/wp\/v2\/media\/204639"}],"wp:attachment":[{"href":"https:\/\/baldumarket.lt\/lt\/wp-json\/wp\/v2\/media?parent=204629"}],"wp:term":[{"taxonomy":"product_brand","embeddable":true,"href":"https:\/\/baldumarket.lt\/lt\/wp-json\/wp\/v2\/product_brand?post=204629"},{"taxonomy":"product_cat","embeddable":true,"href":"https:\/\/baldumarket.lt\/lt\/wp-json\/wp\/v2\/product_cat?post=204629"},{"taxonomy":"product_tag","embeddable":true,"href":"https:\/\/baldumarket.lt\/lt\/wp-json\/wp\/v2\/product_tag?post=204629"}],"curies":[{"name":"wp","href":"https:\/\/api.w.org\/{rel}","templated":true}]}}