{"id":204608,"date":"2025-12-25T19:20:32","date_gmt":"2025-12-25T16:20:32","guid":{"rendered":"https:\/\/baldumarket.lt\/?post_type=product&#038;p=204608"},"modified":"2026-03-05T10:28:22","modified_gmt":"2026-03-05T07:28:22","slug":"krzeslo-bono-obrotowe-bydgoskie-meble","status":"publish","type":"product","link":"https:\/\/baldumarket.lt\/lt\/product\/krzeslo-bono-obrotowe-bydgoskie-meble\/","title":{"rendered":"BONO besisukanti k\u0117d\u0117 Bydgoskie Meble"},"content":{"rendered":"<p>\u201eBydgoskie Meble\u201c \u201eBono\u201c besisukanti k\u0117d\u0117 \u2013 puikus pasirinkimas tiems, kurie vertina kruop\u0161t\u0173 meistri\u0161kum\u0105 ir i\u0161skirtin\u0119 form\u0105. Jos apmu\u0161ta s\u0117dyn\u0117 ir atlo\u0161as yra papuo\u0161ti dekoratyviniu dygsniavimu, suteikian\u010diu charakterio ir ak\u012f traukian\u010dio patrauklumo. Kont\u016bruota atlo\u0161o forma suteikia patogi\u0105 atram\u0105 ilgai s\u0117dint, padidindama kasdienio naudojimo komfort\u0105.<br \/>\nS\u0117dyn\u0117 u\u017epildyta poliuretano putomis ir vingiuota spyruokle, u\u017etikrinan\u010dia atsparum\u0105 ir ilgaam\u017ei\u0161kum\u0105 net ir intensyviai naudojant. Atlo\u0161as taip pat u\u017epildytas poliuretano putomis, tod\u0117l i\u0161laiko tinkam\u0105 mink\u0161tum\u0105 ir form\u0105 laikui b\u0117gant. Bendra konstrukcija yra tvirta ir u\u017etikrina stabilum\u0105 bei ilgaam\u017ei\u0161kum\u0105.<\/p>\n<p>Metalin\u0117s kojel\u0117s su pasukimo funkcija leid\u017eia lengvai manevruoti neperkeliant visos k\u0117d\u0117s. Auk\u0161tos kojel\u0117s suteikia vizualinio lengvumo, o j\u0173 metalin\u0117 konstrukcija u\u017etikrina atsparum\u0105 kasdieniam d\u0117v\u0117jimuisi. S\u0117dyn\u0117s pasukimo funkcija leid\u017eia lengviau atsistoti ir keisti pad\u0117t\u012f, ypa\u010d erdv\u0117se, kur svarbus komfortas. \u201eBono\u201c modelis si\u016blomas su pla\u010diu audini\u0173 ir spalv\u0173 pasirinkimu, tod\u0117l j\u012f lengva priderinti prie \u012fvairaus interjero dizaino. Kruop\u0161\u010diai parinktos apmu\u0161al\u0173 med\u017eiagos pabr\u0117\u017eia meistri\u0161kumo kokyb\u0119, o \u012fvairios audini\u0173 tekst\u016bros leid\u017eia pasiekti norim\u0105 vizualin\u012f efekt\u0105 \u2013 nuo subtili\u0173 iki i\u0161rai\u0161kingesni\u0173 apdailos variant\u0173. Tai sprendimas ie\u0161kantiems unikalaus ir individualaus interjero.<\/p>\n<p>K\u0117d\u0117s matmenys tiksliai suderinti, kad b\u016bt\u0173 u\u017etikrintas patogumas kasdien naudojant: plotis \u2013 56 cm, auk\u0161tis \u2013 83 cm, gylis \u2013 62 cm, o s\u0117dyn\u0117s auk\u0161tis \u2013 54 cm. D\u0117l \u0161i\u0173 proporcij\u0173 ji puikiai tinka tiek didesn\u0117ms, tiek intymesn\u0117ms erdv\u0117ms, nes pasi\u017eymi patogumu, patvarumu ir esteti\u0161ku dizainu.<\/p>","protected":false},"excerpt":{"rendered":"<p>The Bono swivel chair from Bydgoskie Meble is a perfect choice for those who value meticulous craftsmanship and a distinct form. Its upholstered seat and backrest are enhanced with decorative quilting, adding character and eye-catching appeal. The contoured backrest provides comfortable support during extended sitting, enhancing the comfort of everyday use. The seat is filled [&hellip;]<\/p>","protected":false},"featured_media":204618,"comment_status":"open","ping_status":"closed","template":"","meta":[],"product_brand":[],"product_cat":[9728,6033,1930],"product_tag":[],"class_list":{"0":"post-204608","1":"product","2":"type-product","3":"status-publish","4":"has-post-thumbnail","6":"product_cat-upholstered-furniture-bono-bydgoskie","7":"product_cat-bydgoskie-meble","8":"product_cat-chairs","10":"first","11":"instock","12":"shipping-taxable","13":"product-type-grouped"},"_links":{"self":[{"href":"https:\/\/baldumarket.lt\/lt\/wp-json\/wp\/v2\/product\/204608","targetHints":{"allow":["GET"]}}],"collection":[{"href":"https:\/\/baldumarket.lt\/lt\/wp-json\/wp\/v2\/product"}],"about":[{"href":"https:\/\/baldumarket.lt\/lt\/wp-json\/wp\/v2\/types\/product"}],"replies":[{"embeddable":true,"href":"https:\/\/baldumarket.lt\/lt\/wp-json\/wp\/v2\/comments?post=204608"}],"wp:featuredmedia":[{"embeddable":true,"href":"https:\/\/baldumarket.lt\/lt\/wp-json\/wp\/v2\/media\/204618"}],"wp:attachment":[{"href":"https:\/\/baldumarket.lt\/lt\/wp-json\/wp\/v2\/media?parent=204608"}],"wp:term":[{"taxonomy":"product_brand","embeddable":true,"href":"https:\/\/baldumarket.lt\/lt\/wp-json\/wp\/v2\/product_brand?post=204608"},{"taxonomy":"product_cat","embeddable":true,"href":"https:\/\/baldumarket.lt\/lt\/wp-json\/wp\/v2\/product_cat?post=204608"},{"taxonomy":"product_tag","embeddable":true,"href":"https:\/\/baldumarket.lt\/lt\/wp-json\/wp\/v2\/product_tag?post=204608"}],"curies":[{"name":"wp","href":"https:\/\/api.w.org\/{rel}","templated":true}]}}