{"id":204542,"date":"2025-12-25T19:16:03","date_gmt":"2025-12-25T16:16:03","guid":{"rendered":"https:\/\/baldumarket.lt\/?post_type=product&#038;p=204542"},"modified":"2026-03-05T10:28:03","modified_gmt":"2026-03-05T07:28:03","slug":"naroznik-boston-25f-e-1ht-bk-1ht-bk-e-25f-qf-bydgoskie-meble","status":"publish","type":"product","link":"https:\/\/baldumarket.lt\/lt\/product\/naroznik-boston-25f-e-1ht-bk-1ht-bk-e-25f-qf-bydgoskie-meble\/","title":{"rendered":"Kampin\u0117 sofa BOSTON 2.5FE 1HT\/BK &amp; 1HT\/BK-E 2.5F QF Bydgoskie Meble"},"content":{"rendered":"<p>\u201eBydgoskie Meble\u201c kampin\u0117 sofa \u201eBoston 2.5FE 1HT\/BK &amp; 1HT\/BK-E 2.5F QF\u201c yra L formos poilsio sofa, sukurta atsi\u017evelgiant \u012f kasdien\u012f komfort\u0105. Ji turi delfino stiliaus miegojimo funkcij\u0105 ir patalyn\u0117s d\u0117\u017e\u0119, tod\u0117l j\u0105 galima greitai paversti patogia miegojimo vieta. Sofa, kuri\u0105 galima \u012fsigyti de\u0161iniarankiams arba kairiarankiams, lengvai prisitaiko prie kambario i\u0161planavimo.<\/p>\n<p>Kampin\u0117s sofos plotis \u2013 255 cm, auk\u0161tis \u2013 81 cm, gylis \u2013 204 cm, miegamoji dalis \u2013 122 cm. 45 cm s\u0117dyn\u0117s auk\u0161tis ir 54 cm gylis u\u017etikrina patog\u0173 atsipalaidavim\u0105 tiek s\u0117dint, tiek gulint. Kojel\u0117s pagamintos i\u0161 med\u017eio, tod\u0117l ji stabilesn\u0117 ir patvaresn\u0117.<\/p>\n<p>\u0160is modelis yra modulin\u0117s kolekcijos dalis, leid\u017eianti lanks\u010diai derinti atskirus elementus. Kampin\u0117s sofos konfig\u016bracij\u0105 galima keisti \u2013 prireikus susisiekite su klient\u0173 aptarnavimo tarnyba. \u0160is sprendimas leid\u017eia pritaikyti sof\u0105 \u012fvairioms gyvenamosioms erdv\u0117ms, i\u0161laikant vizualin\u0119 darn\u0105 visame interjere.<\/p>\n<p>D\u0117l plataus konfig\u016bratoriaus pasirinkimo klientai gali pasirinkti apmu\u0161alus pagal individualius pageidavimus. Galima rinktis i\u0161 de\u0161imties audini\u0173 su \u012fvairiomis tekst\u016bromis, spalvomis ir savyb\u0117mis, tod\u0117l sof\u0105 lengva priderinti prie norimo dizaino koncepcijos. \u0160i pasirinkimo laisv\u0117 leid\u017eia susikurti suasmenint\u0105 svetain\u0117s patirt\u012f, atitinkan\u010di\u0105 individual\u0173 skon\u012f.<\/p>\n<p>S\u0117d\u0117jimo komfort\u0105 u\u017etikrina B tipo vingiuotos spyruokl\u0117s ir didelio elastingumo putplastis s\u0117dyn\u0117je. Atlo\u0161as u\u017epildytas elastiniais dir\u017eeliais, poliuretano putomis ir silikoniniu \u012fd\u0117klu, u\u017etikrinan\u010diu tinkam\u0105 nugaros atram\u0105. Visa konstrukcija sukurta taip, kad b\u016bt\u0173 patogi kasdien naudojant ir ilgaam\u017e\u0117.<\/p>","protected":false},"excerpt":{"rendered":"<p>\u201eBydgoskie Meble\u201c kampin\u0117 sofa \u201eBoston 2.5FE 1HT\/BK &amp; 1HT\/BK-E 2.5F QF\u201c yra L formos poilsio sofa, sukurta atsi\u017evelgiant \u012f kasdien\u012f komfort\u0105. Ji turi delfino stiliaus miegojimo funkcij\u0105 ir patalyn\u0117s d\u0117\u017e\u0119, leid\u017eian\u010di\u0105 greitai transformuoti j\u0105 \u012f patogi\u0105 miegojimo viet\u0105. Sofa, kuri\u0105 galima \u012fsigyti de\u0161iniarankiams arba kairiarankiams, lengvai prisitaiko prie kambario [\u2026]<\/p>","protected":false},"featured_media":204554,"comment_status":"open","ping_status":"closed","template":"","meta":[],"product_brand":[],"product_cat":[9730,6033,616,1983],"product_tag":[],"class_list":{"0":"post-204542","1":"product","2":"type-product","3":"status-publish","4":"has-post-thumbnail","6":"product_cat-upholstered-furniture-boston-bydgoskie","7":"product_cat-bydgoskie-meble","8":"product_cat-corners","9":"product_cat-corners-l","11":"first","12":"instock","13":"shipping-taxable","14":"product-type-grouped"},"_links":{"self":[{"href":"https:\/\/baldumarket.lt\/lt\/wp-json\/wp\/v2\/product\/204542","targetHints":{"allow":["GET"]}}],"collection":[{"href":"https:\/\/baldumarket.lt\/lt\/wp-json\/wp\/v2\/product"}],"about":[{"href":"https:\/\/baldumarket.lt\/lt\/wp-json\/wp\/v2\/types\/product"}],"replies":[{"embeddable":true,"href":"https:\/\/baldumarket.lt\/lt\/wp-json\/wp\/v2\/comments?post=204542"}],"wp:featuredmedia":[{"embeddable":true,"href":"https:\/\/baldumarket.lt\/lt\/wp-json\/wp\/v2\/media\/204554"}],"wp:attachment":[{"href":"https:\/\/baldumarket.lt\/lt\/wp-json\/wp\/v2\/media?parent=204542"}],"wp:term":[{"taxonomy":"product_brand","embeddable":true,"href":"https:\/\/baldumarket.lt\/lt\/wp-json\/wp\/v2\/product_brand?post=204542"},{"taxonomy":"product_cat","embeddable":true,"href":"https:\/\/baldumarket.lt\/lt\/wp-json\/wp\/v2\/product_cat?post=204542"},{"taxonomy":"product_tag","embeddable":true,"href":"https:\/\/baldumarket.lt\/lt\/wp-json\/wp\/v2\/product_tag?post=204542"}],"curies":[{"name":"wp","href":"https:\/\/api.w.org\/{rel}","templated":true}]}}