{"id":204522,"date":"2025-12-25T19:15:07","date_gmt":"2025-12-25T16:15:07","guid":{"rendered":"https:\/\/baldumarket.lt\/?post_type=product&#038;p=204522"},"modified":"2026-03-05T10:28:03","modified_gmt":"2026-03-05T07:28:03","slug":"fotel-evora-z-metalowymi-nogami-bydgoskie-meble","status":"publish","type":"product","link":"https:\/\/baldumarket.lt\/lt\/product\/fotel-evora-z-metalowymi-nogami-bydgoskie-meble\/","title":{"rendered":"EVORA fotelis su metalin\u0117mis kojomis Bydgoskie Meble"},"content":{"rendered":"<p>\u201eBydgoskie Meble\u201c \u201eEvora\u201c fotelis \u2013 tai dizainas, kuris bet kuriam kambariui suteiks jaukumo ir modernumo. Apvali forma suteikia \u0161velnumo, o auk\u0161tas juodas metalinis pagrindas pabr\u0117\u017eia \u0161iuolaiki\u0161k\u0105 dizain\u0105. D\u0117l subalansuot\u0173 proporcij\u0173 \u0161is modelis lengvai tiks svetain\u0117je, biure, miegamajame ar vie\u0161ose erdv\u0117se, pavyzd\u017eiui, laukiamuosiuose.<\/p>\n<p>Komfort\u0105 u\u017etikrina banguota spyruokl\u0117 ir didelio elastingumo putplastis s\u0117dyn\u0117je, kurie suteikia tinkam\u0105 atram\u0105. Atlo\u0161as u\u017epildytas poliuretano putomis, u\u017etikrinan\u010diomis komfort\u0105 ilgo poilsio metu. Kruop\u0161\u010diai aptrauktas atlo\u0161as suteikia baldui patraukl\u0173 vaizd\u0105 i\u0161 vis\u0173 pusi\u0173, tod\u0117l j\u012f galima pastatyti kambario centre.<\/p>\n<p>\u201eEvora\u201c modelis si\u016blomas su pla\u010diu audini\u0173 asortimentu, tod\u0117l galite priderinti med\u017eiagos spalv\u0105 ir tekst\u016br\u0105 prie individuali\u0173 poreiki\u0173. Stabilus juodas metalinis pagrindas garantuoja tvirt\u0105 atram\u0105 ir ilgaam\u017ei\u0161kum\u0105, kartu suteikdamas modernumo. \u0160is sprendimas puikiai tinka erdv\u0117ms, kuriose svarbus ilgaam\u017ei\u0161kumas ir estetika. \u0160is baldas, sukurtas kruop\u0161\u010diai atkreipiant d\u0117mes\u012f \u012f detales, pasi\u017eymi kompakti\u0161kais matmenimis: plotis 82 cm, auk\u0161tis 87 cm, gylis 77 cm, o s\u0117dyn\u0117s auk\u0161tis 46 cm. \u0160ios proporcijos leid\u017eia fotel\u012f pastatyti tiek erdviuose, tiek ma\u017eesniuose kambariuose, nepa\u017eeid\u017eiant j\u0173 harmonijos. Auk\u0161tos kojel\u0117s suteikia dizainui lengvumo ir palengvina \u0161var\u0105 po apa\u010dia.<\/p>\n<p>\u201eEvora\u201c \u2013 tai kruop\u0161taus meistri\u0161kumo pavyzdys, kuriame naudojamos patvarios med\u017eiagos ir apgalvoti dizaino sprendimai. Tvirtas metalinis pagrindas u\u017etikrina stabilum\u0105, o kruop\u0161\u010diai parinkti u\u017epildai \u2013 ilgalaik\u012f naudojim\u0105. Tai u\u017etikrina, kad kr\u0117slas daugel\u012f met\u0173 i\u0161liks patogus ir esteti\u0161kai patrauklus baldas.<\/p>","protected":false},"excerpt":{"rendered":"<p>The Evora armchair from Bydgoskie Meble is a design that will add a cozy and modern touch to any room. Its rounded shape adds a soft touch, while the tall black metal base emphasizes the contemporary design. Thanks to its balanced proportions, this model will easily fit into a living room, office, bedroom, or public [&hellip;]<\/p>","protected":false},"featured_media":204534,"comment_status":"open","ping_status":"closed","template":"","meta":[],"product_brand":[],"product_cat":[9721,634,6033],"product_tag":[],"class_list":{"0":"post-204522","1":"product","2":"type-product","3":"status-publish","4":"has-post-thumbnail","6":"product_cat-upholstered-furniture-evora-bydgoskie","7":"product_cat-armchairs","8":"product_cat-bydgoskie-meble","10":"first","11":"instock","12":"shipping-taxable","13":"product-type-grouped"},"_links":{"self":[{"href":"https:\/\/baldumarket.lt\/lt\/wp-json\/wp\/v2\/product\/204522","targetHints":{"allow":["GET"]}}],"collection":[{"href":"https:\/\/baldumarket.lt\/lt\/wp-json\/wp\/v2\/product"}],"about":[{"href":"https:\/\/baldumarket.lt\/lt\/wp-json\/wp\/v2\/types\/product"}],"replies":[{"embeddable":true,"href":"https:\/\/baldumarket.lt\/lt\/wp-json\/wp\/v2\/comments?post=204522"}],"wp:featuredmedia":[{"embeddable":true,"href":"https:\/\/baldumarket.lt\/lt\/wp-json\/wp\/v2\/media\/204534"}],"wp:attachment":[{"href":"https:\/\/baldumarket.lt\/lt\/wp-json\/wp\/v2\/media?parent=204522"}],"wp:term":[{"taxonomy":"product_brand","embeddable":true,"href":"https:\/\/baldumarket.lt\/lt\/wp-json\/wp\/v2\/product_brand?post=204522"},{"taxonomy":"product_cat","embeddable":true,"href":"https:\/\/baldumarket.lt\/lt\/wp-json\/wp\/v2\/product_cat?post=204522"},{"taxonomy":"product_tag","embeddable":true,"href":"https:\/\/baldumarket.lt\/lt\/wp-json\/wp\/v2\/product_tag?post=204522"}],"curies":[{"name":"wp","href":"https:\/\/api.w.org\/{rel}","templated":true}]}}