{"id":204480,"date":"2025-12-25T19:11:46","date_gmt":"2025-12-25T16:11:46","guid":{"rendered":"https:\/\/baldumarket.lt\/?post_type=product&#038;p=204480"},"modified":"2026-02-03T23:21:46","modified_gmt":"2026-02-03T20:21:46","slug":"fotel-evora-z-nozkami-drewnianymi-bydgoskie-meble-gr1","status":"publish","type":"product","link":"https:\/\/baldumarket.lt\/lt\/product\/fotel-evora-z-nozkami-drewnianymi-bydgoskie-meble-gr1\/","title":{"rendered":"Evora fotelis su medin\u0117mis kojomis Bydgoskie Meble Gr1"},"content":{"rendered":"<p>\u201eBydgoskie Meble\u201c \u201eEvora\u201c fotelis bet kokiam interjerui suteikia malon\u0173 \u0161ilumos ir harmonijos poj\u016bt\u012f. Paprasta, apvali forma puikiai tinka \u012fvairiems interjerams \u2013 nuo skandinavi\u0161ko iki industrinio ir klasikinio stiliaus. Auk\u0161tos medin\u0117s kojel\u0117s suteikia konstrukcijai lengvumo ir pabr\u0117\u017eia subtil\u0173 baldo charakter\u012f.<br \/>\nKomfortas pasiekiamas kruop\u0161\u010diai atrinkt\u0173 med\u017eiag\u0173 d\u0117ka. S\u0117dyn\u0117s konstrukcijoje naudojama vingiuota spyruokl\u0117 ir didelio elastingumo putplastis, u\u017etikrinantys tinkam\u0105 atram\u0105 ir ilgaam\u017ei\u0161kum\u0105. Atlo\u0161as u\u017epildytas poliuretano putomis, u\u017etikrinan\u010diomis mink\u0161tum\u0105 ir komfort\u0105 net ir ilgai ilsintis.<br \/>\nFotelis turi apmu\u0161t\u0105 atlo\u0161\u0105, tod\u0117l j\u012f galima pastatyti bet kur, nereikia jo stumti prie sienos. D\u0117l universalios formos ir lengvos konstrukcijos jis tinka svetain\u0117ms, biurams, miegamiesiems ir vie\u0161osioms erdv\u0117ms, tokioms kaip laukiamieji. Jis pagra\u017eina kambar\u012f, jo neu\u017ego\u017edamas.<br \/>\nBald\u0173 matmenys buvo sukurti atsi\u017evelgiant \u012f naudotojo patogum\u0105. J\u0173 plotis yra 82 cm, auk\u0161tis 87 cm ir gylis 77 cm, tod\u0117l juos lengva pritaikyti \u012fvairaus dyd\u017eio kambariams. 46 cm s\u0117dyn\u0117s auk\u0161tis leid\u017eia lengvai tiek atsis\u0117sti, tiek atsistoti, o tai \u012fvertins \u012fvairaus am\u017eiaus \u017emon\u0117s.<\/p>\n<p>\u201eEvora\u201c modelis si\u016blo plat\u0173 audini\u0173 pasirinkim\u0105, leid\u017eiant\u012f j\u012f pritaikyti individualiems poreikiams. Kojel\u0117s gali b\u016bti venge, sendintos vy\u0161nios, nat\u016bralaus buko, nat\u016bralaus \u0105\u017euolo, rie\u0161utmed\u017eio, sidabrin\u0117s ir juodos spalvos, tod\u0117l jas galima derinti su kitais baldais. \u0160is baldas pabr\u0117\u017eia erdv\u0117s, kurioje jis yra, charakter\u012f, kartu u\u017etikrindamas komfort\u0105 ir ilgaam\u017ei\u0161kum\u0105.<\/p>","protected":false},"excerpt":{"rendered":"<p>Dydis (cm):<br \/>\nPlotis: 82<br \/>\nGylis: 77<br \/>\n\u016agis: 87<br \/>\nS\u0117dyn\u0117s auk\u0161tis: 46<\/p>","protected":false},"featured_media":204512,"comment_status":"open","ping_status":"closed","template":"","meta":[],"product_brand":[],"product_cat":[9133],"product_tag":[],"class_list":{"0":"post-204480","1":"product","2":"type-product","3":"status-publish","4":"has-post-thumbnail","6":"product_cat-grouped","8":"first","9":"instock","10":"shipping-taxable","11":"purchasable","12":"product-type-variable","13":"wvs-archive-product-wrapper"},"_links":{"self":[{"href":"https:\/\/baldumarket.lt\/lt\/wp-json\/wp\/v2\/product\/204480","targetHints":{"allow":["GET"]}}],"collection":[{"href":"https:\/\/baldumarket.lt\/lt\/wp-json\/wp\/v2\/product"}],"about":[{"href":"https:\/\/baldumarket.lt\/lt\/wp-json\/wp\/v2\/types\/product"}],"replies":[{"embeddable":true,"href":"https:\/\/baldumarket.lt\/lt\/wp-json\/wp\/v2\/comments?post=204480"}],"wp:featuredmedia":[{"embeddable":true,"href":"https:\/\/baldumarket.lt\/lt\/wp-json\/wp\/v2\/media\/204512"}],"wp:attachment":[{"href":"https:\/\/baldumarket.lt\/lt\/wp-json\/wp\/v2\/media?parent=204480"}],"wp:term":[{"taxonomy":"product_brand","embeddable":true,"href":"https:\/\/baldumarket.lt\/lt\/wp-json\/wp\/v2\/product_brand?post=204480"},{"taxonomy":"product_cat","embeddable":true,"href":"https:\/\/baldumarket.lt\/lt\/wp-json\/wp\/v2\/product_cat?post=204480"},{"taxonomy":"product_tag","embeddable":true,"href":"https:\/\/baldumarket.lt\/lt\/wp-json\/wp\/v2\/product_tag?post=204480"}],"curies":[{"name":"wp","href":"https:\/\/api.w.org\/{rel}","templated":true}]}}